{"id":27,"date":"2024-02-20T10:08:06","date_gmt":"2024-02-20T09:08:06","guid":{"rendered":"https:\/\/event.esalsa.de\/vp-netzwerktreffen-halle\/?page_id=27"},"modified":"2024-08-08T10:20:55","modified_gmt":"2024-08-08T08:20:55","slug":"programm","status":"publish","type":"page","link":"https:\/\/event.esalsa.de\/vp-netzwerktreffen-halle\/programm\/","title":{"rendered":"Programm"},"content":{"rendered":"<div class='ce-timetable container'>\n<article class=\"llzlobby-event row\" itemscope itemtype=\"https:\/\/schema.org\/Event\"  data-start=\"2025-03-09T17:00:00+01:00\" data-end=\"2025-03-09T18:30:00+01:00\" data-name=\"Stadtf\u00fchrung durch Halle (optional)\" data-eventgroup=\"\" data-url= \"https:\/\/event.esalsa.de\/vp-netzwerktreffen-halle\/event\/stadtfuehrung-durch-halle-optional\/\">\n    <div class=\"llzlobby-event-wrapper__title\">\n         <h3 class=\"llzlobby-event__title\" itemprop=\"name\">\n            <a itemprop=\"url\" href=\"https:\/\/event.esalsa.de\/vp-netzwerktreffen-halle\/event\/stadtfuehrung-durch-halle-optional\/\" target=\"_self\">Stadtf\u00fchrung durch Halle (optional)<\/a>\n         <\/h3>\n    <\/div>\n    <div class=\"llzlobby-event-wrapper__datetime\">\n      <div class=\"llzlobby-event-wrapper__datetime__content\">\n        <svg xmlns=\"http:\/\/www.w3.org\/2000\/svg\" width=\"24\" height=\"24\" viewBox=\"0 0 24 24\">\n            <path d=\"M20 20h-4v-4h4v4zm-6-10h-4v4h4v-4zm6 0h-4v4h4v-4zm-12 6h-4v4h4v-4zm6 0h-4v4h4v-4zm-6-6h-4v4h4v-4zm16-8v22h-24v-22h3v1c0 1.103.897 2 2 2s2-.897 2-2v-1h10v1c0 1.103.897 2 2 2s2-.897 2-2v-1h3zm-2 6h-20v14h20v-14zm-2-7c0-.552-.447-1-1-1s-1 .448-1 1v2c0 .552.447 1 1 1s1-.448 1-1v-2zm-14 2c0 .552-.447 1-1 1s-1-.448-1-1v-2c0-.552.447-1 1-1s1 .448 1 1v2z\" \/>\n        <\/svg>\n      \n<div class=\"llzlobby-event__timespan\" >\n    <span itemprop=\"startDate\" content=\"2025-03-09T17:00:00+01:00\" class=\"llzlobby-event__startdate\">\n        <span class='llzlobby-event__date'><span class='llzlobby-event__date__day'> 9<\/span><span class='llzlobby-event__date__month'> M\u00e4rz<\/span><span class='llzlobby-event__date__year'> 2025<\/span><\/span><span class='llzlobby-event__time'><span class='llzlobby-event__time__hour'> 17<\/span><span class='llzlobby-event__time__timesep'>:<\/span><span class='llzlobby-event__time__minute'>00<\/span><\/span>    <\/span>\n            <span> &#8211; <\/span>\n        <span itemprop=\"endDate\" content=\"2025-03-09T18:30:00+01:00\" class=\"llzlobby-event__enddate \">\n            <span class='llzlobby-event__time'><span class='llzlobby-event__time__hour'> 18<\/span><span class='llzlobby-event__time__timesep'>:<\/span><span class='llzlobby-event__time__minute'>30<\/span><\/span>        <\/span>\n    <\/div>\n\n      <\/div>\n\n    <\/div>\n\n    \n    <div class=\"llzlobby-event-wrapper__description\">\n      <p itemprop=\"description\"><\/p>\n    <\/div>\n\n    <div class=\"llzlobby-event-wrapper__more\">\n      <a  itemprop=\"url\" href=\"https:\/\/event.esalsa.de\/vp-netzwerktreffen-halle\/event\/stadtfuehrung-durch-halle-optional\/\" target=\"_self\" class=\"button--more \">\n      <span>Mehr erfahren >><\/span>\n\n    <\/a>                                            \n    <\/div>\n<\/article>\n<article class=\"llzlobby-event row\" itemscope itemtype=\"https:\/\/schema.org\/Event\"  data-start=\"2025-03-09T19:00:00+01:00\" data-end=\"2025-03-09T00:00:00+01:00\" data-name=\"Gemeinsames Abendessen f\u00fcr bereits angereiste Teilnehmende (optional)\" data-eventgroup=\"\" data-url= \"https:\/\/event.esalsa.de\/vp-netzwerktreffen-halle\/event\/gemeinsames-abendessen-fuer-bereits-angereiste-teilnehmende-optional\/\">\n    <div class=\"llzlobby-event-wrapper__title\">\n         <h3 class=\"llzlobby-event__title\" itemprop=\"name\">\n            <a itemprop=\"url\" href=\"https:\/\/event.esalsa.de\/vp-netzwerktreffen-halle\/event\/gemeinsames-abendessen-fuer-bereits-angereiste-teilnehmende-optional\/\" target=\"_self\">Gemeinsames Abendessen f\u00fcr bereits angereiste Teilnehmende (optional)<\/a>\n         <\/h3>\n    <\/div>\n    <div class=\"llzlobby-event-wrapper__datetime\">\n      <div class=\"llzlobby-event-wrapper__datetime__content\">\n        <svg xmlns=\"http:\/\/www.w3.org\/2000\/svg\" width=\"24\" height=\"24\" viewBox=\"0 0 24 24\">\n            <path d=\"M20 20h-4v-4h4v4zm-6-10h-4v4h4v-4zm6 0h-4v4h4v-4zm-12 6h-4v4h4v-4zm6 0h-4v4h4v-4zm-6-6h-4v4h4v-4zm16-8v22h-24v-22h3v1c0 1.103.897 2 2 2s2-.897 2-2v-1h10v1c0 1.103.897 2 2 2s2-.897 2-2v-1h3zm-2 6h-20v14h20v-14zm-2-7c0-.552-.447-1-1-1s-1 .448-1 1v2c0 .552.447 1 1 1s1-.448 1-1v-2zm-14 2c0 .552-.447 1-1 1s-1-.448-1-1v-2c0-.552.447-1 1-1s1 .448 1 1v2z\" \/>\n        <\/svg>\n      \n<div class=\"llzlobby-event__timespan\" >\n    <span itemprop=\"startDate\" content=\"2025-03-09T19:00:00+01:00\" class=\"llzlobby-event__startdate\">\n        <span class='llzlobby-event__date'><span class='llzlobby-event__date__day'> 9<\/span><span class='llzlobby-event__date__month'> M\u00e4rz<\/span><span class='llzlobby-event__date__year'> 2025<\/span><\/span><span class='llzlobby-event__time'><span class='llzlobby-event__time__hour'> 19<\/span><span class='llzlobby-event__time__timesep'>:<\/span><span class='llzlobby-event__time__minute'>00<\/span><\/span>    <\/span>\n            <span> &#8211; <\/span>\n        <span itemprop=\"endDate\" content=\"2025-03-09T00:00:00+01:00\" class=\"llzlobby-event__enddate \">\n            <span class='llzlobby-event__time'><span class='llzlobby-event__time__hour'> 00<\/span><span class='llzlobby-event__time__timesep'>:<\/span><span class='llzlobby-event__time__minute'>00<\/span><\/span>        <\/span>\n    <\/div>\n\n      <\/div>\n\n    <\/div>\n\n    \n    <div class=\"llzlobby-event-wrapper__description\">\n      <p itemprop=\"description\"><\/p>\n    <\/div>\n\n    <div class=\"llzlobby-event-wrapper__more\">\n      <a  itemprop=\"url\" href=\"https:\/\/event.esalsa.de\/vp-netzwerktreffen-halle\/event\/gemeinsames-abendessen-fuer-bereits-angereiste-teilnehmende-optional\/\" target=\"_self\" class=\"button--more \">\n      <span>Mehr erfahren >><\/span>\n\n    <\/a>                                            \n    <\/div>\n<\/article>\n<article class=\"llzlobby-event row\" itemscope itemtype=\"https:\/\/schema.org\/Event\"  data-start=\"2025-03-10T10:00:00+01:00\" data-end=\"2025-03-10T10:30:00+01:00\" data-name=\"Kaffee zur Begr\u00fc\u00dfung\" data-eventgroup=\"\" data-url= \"https:\/\/event.esalsa.de\/vp-netzwerktreffen-halle\/event\/kaffee-zur-begruessung\/\">\n    <div class=\"llzlobby-event-wrapper__title\">\n         <h3 class=\"llzlobby-event__title\" itemprop=\"name\">\n            <a itemprop=\"url\" href=\"https:\/\/event.esalsa.de\/vp-netzwerktreffen-halle\/event\/kaffee-zur-begruessung\/\" target=\"_self\">Kaffee zur Begr\u00fc\u00dfung<\/a>\n         <\/h3>\n    <\/div>\n    <div class=\"llzlobby-event-wrapper__datetime\">\n      <div class=\"llzlobby-event-wrapper__datetime__content\">\n        <svg xmlns=\"http:\/\/www.w3.org\/2000\/svg\" width=\"24\" height=\"24\" viewBox=\"0 0 24 24\">\n            <path d=\"M20 20h-4v-4h4v4zm-6-10h-4v4h4v-4zm6 0h-4v4h4v-4zm-12 6h-4v4h4v-4zm6 0h-4v4h4v-4zm-6-6h-4v4h4v-4zm16-8v22h-24v-22h3v1c0 1.103.897 2 2 2s2-.897 2-2v-1h10v1c0 1.103.897 2 2 2s2-.897 2-2v-1h3zm-2 6h-20v14h20v-14zm-2-7c0-.552-.447-1-1-1s-1 .448-1 1v2c0 .552.447 1 1 1s1-.448 1-1v-2zm-14 2c0 .552-.447 1-1 1s-1-.448-1-1v-2c0-.552.447-1 1-1s1 .448 1 1v2z\" \/>\n        <\/svg>\n      \n<div class=\"llzlobby-event__timespan\" >\n    <span itemprop=\"startDate\" content=\"2025-03-10T10:00:00+01:00\" class=\"llzlobby-event__startdate\">\n        <span class='llzlobby-event__date'><span class='llzlobby-event__date__day'> 10<\/span><span class='llzlobby-event__date__month'> M\u00e4rz<\/span><span class='llzlobby-event__date__year'> 2025<\/span><\/span><span class='llzlobby-event__time'><span class='llzlobby-event__time__hour'> 10<\/span><span class='llzlobby-event__time__timesep'>:<\/span><span class='llzlobby-event__time__minute'>00<\/span><\/span>    <\/span>\n            <span> &#8211; <\/span>\n        <span itemprop=\"endDate\" content=\"2025-03-10T10:30:00+01:00\" class=\"llzlobby-event__enddate \">\n            <span class='llzlobby-event__time'><span class='llzlobby-event__time__hour'> 10<\/span><span class='llzlobby-event__time__timesep'>:<\/span><span class='llzlobby-event__time__minute'>30<\/span><\/span>        <\/span>\n    <\/div>\n\n      <\/div>\n\n    <\/div>\n\n    \n    <div class=\"llzlobby-event-wrapper__description\">\n      <p itemprop=\"description\"><\/p>\n    <\/div>\n\n    <div class=\"llzlobby-event-wrapper__more\">\n      <a  itemprop=\"url\" href=\"https:\/\/event.esalsa.de\/vp-netzwerktreffen-halle\/event\/kaffee-zur-begruessung\/\" target=\"_self\" class=\"button--more \">\n      <span>Mehr erfahren >><\/span>\n\n    <\/a>                                            \n    <\/div>\n<\/article>\n<article class=\"llzlobby-event row\" itemscope itemtype=\"https:\/\/schema.org\/Event\"  data-start=\"2025-03-10T10:30:00+01:00\" data-end=\"2025-03-10T13:00:00+01:00\" data-name=\"Erster Programmblock\" data-eventgroup=\"\" data-url= \"https:\/\/event.esalsa.de\/vp-netzwerktreffen-halle\/event\/erster-programmblock\/\">\n    <div class=\"llzlobby-event-wrapper__title\">\n         <h3 class=\"llzlobby-event__title\" itemprop=\"name\">\n            <a itemprop=\"url\" href=\"https:\/\/event.esalsa.de\/vp-netzwerktreffen-halle\/event\/erster-programmblock\/\" target=\"_self\">Erster Programmblock<\/a>\n         <\/h3>\n    <\/div>\n    <div class=\"llzlobby-event-wrapper__datetime\">\n      <div class=\"llzlobby-event-wrapper__datetime__content\">\n        <svg xmlns=\"http:\/\/www.w3.org\/2000\/svg\" width=\"24\" height=\"24\" viewBox=\"0 0 24 24\">\n            <path d=\"M20 20h-4v-4h4v4zm-6-10h-4v4h4v-4zm6 0h-4v4h4v-4zm-12 6h-4v4h4v-4zm6 0h-4v4h4v-4zm-6-6h-4v4h4v-4zm16-8v22h-24v-22h3v1c0 1.103.897 2 2 2s2-.897 2-2v-1h10v1c0 1.103.897 2 2 2s2-.897 2-2v-1h3zm-2 6h-20v14h20v-14zm-2-7c0-.552-.447-1-1-1s-1 .448-1 1v2c0 .552.447 1 1 1s1-.448 1-1v-2zm-14 2c0 .552-.447 1-1 1s-1-.448-1-1v-2c0-.552.447-1 1-1s1 .448 1 1v2z\" \/>\n        <\/svg>\n      \n<div class=\"llzlobby-event__timespan\" >\n    <span itemprop=\"startDate\" content=\"2025-03-10T10:30:00+01:00\" class=\"llzlobby-event__startdate\">\n        <span class='llzlobby-event__date'><span class='llzlobby-event__date__day'> 10<\/span><span class='llzlobby-event__date__month'> M\u00e4rz<\/span><span class='llzlobby-event__date__year'> 2025<\/span><\/span><span class='llzlobby-event__time'><span class='llzlobby-event__time__hour'> 10<\/span><span class='llzlobby-event__time__timesep'>:<\/span><span class='llzlobby-event__time__minute'>30<\/span><\/span>    <\/span>\n            <span> &#8211; <\/span>\n        <span itemprop=\"endDate\" content=\"2025-03-10T13:00:00+01:00\" class=\"llzlobby-event__enddate \">\n            <span class='llzlobby-event__time'><span class='llzlobby-event__time__hour'> 13<\/span><span class='llzlobby-event__time__timesep'>:<\/span><span class='llzlobby-event__time__minute'>00<\/span><\/span>        <\/span>\n    <\/div>\n\n      <\/div>\n\n    <\/div>\n\n    \n    <div class=\"llzlobby-event-wrapper__description\">\n      <p itemprop=\"description\">Begr\u00fc\u00dfung und Konstituierung Aktueller Stand des Netzwerks, Mitwirkung im Steuerungskreis\/ Steuerkreistreffen online (Terminvorschl\u00e4ge 09.04. oder 18.06.25 10-11 Uhr) Themen aus vergangenen Sitzungen \/ Status Quo:\u00a0 KI Cybersicherheit DOSV Verfahren MRVO [\u2026] Aktuelles aus der StIL Aktuelles aus dem HFD<\/p>\n    <\/div>\n\n    <div class=\"llzlobby-event-wrapper__more\">\n      <a  itemprop=\"url\" href=\"https:\/\/event.esalsa.de\/vp-netzwerktreffen-halle\/event\/erster-programmblock\/\" target=\"_self\" class=\"button--more \">\n      <span>Mehr erfahren >><\/span>\n\n    <\/a>                                            \n    <\/div>\n<\/article>\n<article class=\"llzlobby-event row\" itemscope itemtype=\"https:\/\/schema.org\/Event\"  data-start=\"2025-03-10T13:00:00+01:00\" data-end=\"2025-03-10T14:00:00+01:00\" data-name=\"Gemeinsame Mittagspause\" data-eventgroup=\"\" data-url= \"https:\/\/event.esalsa.de\/vp-netzwerktreffen-halle\/event\/gemeinsame-mittagspause\/\">\n    <div class=\"llzlobby-event-wrapper__title\">\n         <h3 class=\"llzlobby-event__title\" itemprop=\"name\">\n            <a itemprop=\"url\" href=\"https:\/\/event.esalsa.de\/vp-netzwerktreffen-halle\/event\/gemeinsame-mittagspause\/\" target=\"_self\">Gemeinsame Mittagspause<\/a>\n         <\/h3>\n    <\/div>\n    <div class=\"llzlobby-event-wrapper__datetime\">\n      <div class=\"llzlobby-event-wrapper__datetime__content\">\n        <svg xmlns=\"http:\/\/www.w3.org\/2000\/svg\" width=\"24\" height=\"24\" viewBox=\"0 0 24 24\">\n            <path d=\"M20 20h-4v-4h4v4zm-6-10h-4v4h4v-4zm6 0h-4v4h4v-4zm-12 6h-4v4h4v-4zm6 0h-4v4h4v-4zm-6-6h-4v4h4v-4zm16-8v22h-24v-22h3v1c0 1.103.897 2 2 2s2-.897 2-2v-1h10v1c0 1.103.897 2 2 2s2-.897 2-2v-1h3zm-2 6h-20v14h20v-14zm-2-7c0-.552-.447-1-1-1s-1 .448-1 1v2c0 .552.447 1 1 1s1-.448 1-1v-2zm-14 2c0 .552-.447 1-1 1s-1-.448-1-1v-2c0-.552.447-1 1-1s1 .448 1 1v2z\" \/>\n        <\/svg>\n      \n<div class=\"llzlobby-event__timespan\" >\n    <span itemprop=\"startDate\" content=\"2025-03-10T13:00:00+01:00\" class=\"llzlobby-event__startdate\">\n        <span class='llzlobby-event__date'><span class='llzlobby-event__date__day'> 10<\/span><span class='llzlobby-event__date__month'> M\u00e4rz<\/span><span class='llzlobby-event__date__year'> 2025<\/span><\/span><span class='llzlobby-event__time'><span class='llzlobby-event__time__hour'> 13<\/span><span class='llzlobby-event__time__timesep'>:<\/span><span class='llzlobby-event__time__minute'>00<\/span><\/span>    <\/span>\n            <span> &#8211; <\/span>\n        <span itemprop=\"endDate\" content=\"2025-03-10T14:00:00+01:00\" class=\"llzlobby-event__enddate \">\n            <span class='llzlobby-event__time'><span class='llzlobby-event__time__hour'> 14<\/span><span class='llzlobby-event__time__timesep'>:<\/span><span class='llzlobby-event__time__minute'>00<\/span><\/span>        <\/span>\n    <\/div>\n\n      <\/div>\n\n    <\/div>\n\n    \n    <div class=\"llzlobby-event-wrapper__description\">\n      <p itemprop=\"description\"><\/p>\n    <\/div>\n\n    <div class=\"llzlobby-event-wrapper__more\">\n      <a  itemprop=\"url\" href=\"https:\/\/event.esalsa.de\/vp-netzwerktreffen-halle\/event\/gemeinsame-mittagspause\/\" target=\"_self\" class=\"button--more \">\n      <span>Mehr erfahren >><\/span>\n\n    <\/a>                                            \n    <\/div>\n<\/article>\n<article class=\"llzlobby-event row\" itemscope itemtype=\"https:\/\/schema.org\/Event\"  data-start=\"2025-03-10T14:00:00+01:00\" data-end=\"2025-03-10T16:00:00+01:00\" data-name=\"Zweiter Programmblock\" data-eventgroup=\"\" data-url= \"https:\/\/event.esalsa.de\/vp-netzwerktreffen-halle\/event\/zweiter-programmblock\/\">\n    <div class=\"llzlobby-event-wrapper__title\">\n         <h3 class=\"llzlobby-event__title\" itemprop=\"name\">\n            <a itemprop=\"url\" href=\"https:\/\/event.esalsa.de\/vp-netzwerktreffen-halle\/event\/zweiter-programmblock\/\" target=\"_self\">Zweiter Programmblock<\/a>\n         <\/h3>\n    <\/div>\n    <div class=\"llzlobby-event-wrapper__datetime\">\n      <div class=\"llzlobby-event-wrapper__datetime__content\">\n        <svg xmlns=\"http:\/\/www.w3.org\/2000\/svg\" width=\"24\" height=\"24\" viewBox=\"0 0 24 24\">\n            <path d=\"M20 20h-4v-4h4v4zm-6-10h-4v4h4v-4zm6 0h-4v4h4v-4zm-12 6h-4v4h4v-4zm6 0h-4v4h4v-4zm-6-6h-4v4h4v-4zm16-8v22h-24v-22h3v1c0 1.103.897 2 2 2s2-.897 2-2v-1h10v1c0 1.103.897 2 2 2s2-.897 2-2v-1h3zm-2 6h-20v14h20v-14zm-2-7c0-.552-.447-1-1-1s-1 .448-1 1v2c0 .552.447 1 1 1s1-.448 1-1v-2zm-14 2c0 .552-.447 1-1 1s-1-.448-1-1v-2c0-.552.447-1 1-1s1 .448 1 1v2z\" \/>\n        <\/svg>\n      \n<div class=\"llzlobby-event__timespan\" >\n    <span itemprop=\"startDate\" content=\"2025-03-10T14:00:00+01:00\" class=\"llzlobby-event__startdate\">\n        <span class='llzlobby-event__date'><span class='llzlobby-event__date__day'> 10<\/span><span class='llzlobby-event__date__month'> M\u00e4rz<\/span><span class='llzlobby-event__date__year'> 2025<\/span><\/span><span class='llzlobby-event__time'><span class='llzlobby-event__time__hour'> 14<\/span><span class='llzlobby-event__time__timesep'>:<\/span><span class='llzlobby-event__time__minute'>00<\/span><\/span>    <\/span>\n            <span> &#8211; <\/span>\n        <span itemprop=\"endDate\" content=\"2025-03-10T16:00:00+01:00\" class=\"llzlobby-event__enddate \">\n            <span class='llzlobby-event__time'><span class='llzlobby-event__time__hour'> 16<\/span><span class='llzlobby-event__time__timesep'>:<\/span><span class='llzlobby-event__time__minute'>00<\/span><\/span>        <\/span>\n    <\/div>\n\n      <\/div>\n\n    <\/div>\n\n    \n    <div class=\"llzlobby-event-wrapper__description\">\n      <p itemprop=\"description\">Offener Austausch Impuls und Austausch: KI als Innovationsmotor in der Hochschullehre Offener Austausch: Sachliche Hochschullehre: Orientierungsstudium, -semester, Plattformstudieng\u00e4nge, Prop\u00e4deutikum Studierbarkeit und studentisches Gesundheitsmanagement: Pr\u00fcfungslastreduktion, Zeitfenster, Entw. studentischer Gesundheit Themensammlung f\u00fcr kommende Sitzungen, Auswahl neue:r Sprecher:in f\u00fcr 2026 Sonstiges<\/p>\n    <\/div>\n\n    <div class=\"llzlobby-event-wrapper__more\">\n      <a  itemprop=\"url\" href=\"https:\/\/event.esalsa.de\/vp-netzwerktreffen-halle\/event\/zweiter-programmblock\/\" target=\"_self\" class=\"button--more \">\n      <span>Mehr erfahren >><\/span>\n\n    <\/a>                                            \n    <\/div>\n<\/article><\/div>","protected":false},"excerpt":{"rendered":"","protected":false},"author":5,"featured_media":0,"parent":0,"menu_order":0,"comment_status":"closed","ping_status":"closed","template":"","meta":{"_acf_changed":false,"footnotes":""},"class_list":["post-27","page","type-page","status-publish","hentry"],"acf":[],"_links":{"self":[{"href":"https:\/\/event.esalsa.de\/vp-netzwerktreffen-halle\/wp-json\/wp\/v2\/pages\/27","targetHints":{"allow":["GET"]}}],"collection":[{"href":"https:\/\/event.esalsa.de\/vp-netzwerktreffen-halle\/wp-json\/wp\/v2\/pages"}],"about":[{"href":"https:\/\/event.esalsa.de\/vp-netzwerktreffen-halle\/wp-json\/wp\/v2\/types\/page"}],"author":[{"embeddable":true,"href":"https:\/\/event.esalsa.de\/vp-netzwerktreffen-halle\/wp-json\/wp\/v2\/users\/5"}],"replies":[{"embeddable":true,"href":"https:\/\/event.esalsa.de\/vp-netzwerktreffen-halle\/wp-json\/wp\/v2\/comments?post=27"}],"version-history":[{"count":3,"href":"https:\/\/event.esalsa.de\/vp-netzwerktreffen-halle\/wp-json\/wp\/v2\/pages\/27\/revisions"}],"predecessor-version":[{"id":129,"href":"https:\/\/event.esalsa.de\/vp-netzwerktreffen-halle\/wp-json\/wp\/v2\/pages\/27\/revisions\/129"}],"wp:attachment":[{"href":"https:\/\/event.esalsa.de\/vp-netzwerktreffen-halle\/wp-json\/wp\/v2\/media?parent=27"}],"curies":[{"name":"wp","href":"https:\/\/api.w.org\/{rel}","templated":true}]}}