{"id":35,"date":"2024-02-20T10:10:27","date_gmt":"2024-02-20T09:10:27","guid":{"rendered":"https:\/\/event.esalsa.de\/mlu-web-relaunch\/?page_id=35"},"modified":"2025-11-28T13:36:36","modified_gmt":"2025-11-28T12:36:36","slug":"titel-der-konferenz","status":"publish","type":"page","link":"https:\/\/event.esalsa.de\/mlu-web-relaunch\/","title":{"rendered":"Website-Relaunch: Hochschul\u00f6ffentliche Pr\u00e4sentation"},"content":{"rendered":"\n<div style=\"height:13px\" aria-hidden=\"true\" class=\"wp-block-spacer\"><\/div>\n\n\n\n<p class=\"has-text-align-center has-background\" style=\"border-radius:18px;background-color:#9bc34b;padding-top:1.25em;padding-bottom:1.25em;font-size:clamp(15.197px, 0.95rem + ((1vw - 3.2px) * 0.834), 23px);\"><strong>Wer? Wann? Was? Wieso?<\/strong><\/p>\n\n\n\n<figure class=\"wp-block-image aligncenter size-full has-custom-border\"><img loading=\"lazy\" decoding=\"async\" width=\"893\" height=\"529\" src=\"https:\/\/event.esalsa.de\/mlu-web-relaunch\/wp-content\/uploads\/sites\/73\/2025\/11\/cover.jpg\" alt=\"\" class=\"wp-image-241\" style=\"border-style:none;border-width:0px;border-radius:29px\" srcset=\"https:\/\/event.esalsa.de\/mlu-web-relaunch\/wp-content\/uploads\/sites\/73\/2025\/11\/cover.jpg 893w, https:\/\/event.esalsa.de\/mlu-web-relaunch\/wp-content\/uploads\/sites\/73\/2025\/11\/cover-300x178.jpg 300w, https:\/\/event.esalsa.de\/mlu-web-relaunch\/wp-content\/uploads\/sites\/73\/2025\/11\/cover-768x455.jpg 768w\" sizes=\"auto, (max-width: 893px) 100vw, 893px\" \/><\/figure>\n\n\n\n<div style=\"height:13px\" aria-hidden=\"true\" class=\"wp-block-spacer\"><\/div>\n\n\n\n\n\n\n\n\n<div class=\"ce-congressstate\">\n\n<p>Die Veranstaltung ist abgeschlossen. Vielen Dank an alle Interessierten. Bleiben Sie f\u00fcr Informationen \u00fcber zuk\u00fcnftige Events mit uns in Verbindung. Herzlichen Dank f\u00fcr Ihre Teilnahme!<\/p>\n\n\n\n<p>Details zum Prozess und Kontakt zum Web-Team: www.relaunch.uni-halle.de<\/p>\n\n<\/div>\n\n\n<div style=\"height:100px\" aria-hidden=\"true\" class=\"wp-block-spacer\"><\/div>\n\n\n\n<p><\/p>\n\n\n\n<p><\/p>\n","protected":false},"excerpt":{"rendered":"<p>Wer? Wann? Was? Wieso?<\/p>\n","protected":false},"author":9,"featured_media":0,"parent":0,"menu_order":0,"comment_status":"closed","ping_status":"closed","template":"","meta":{"_acf_changed":false,"footnotes":""},"class_list":["post-35","page","type-page","status-publish","hentry"],"acf":[],"_links":{"self":[{"href":"https:\/\/event.esalsa.de\/mlu-web-relaunch\/wp-json\/wp\/v2\/pages\/35","targetHints":{"allow":["GET"]}}],"collection":[{"href":"https:\/\/event.esalsa.de\/mlu-web-relaunch\/wp-json\/wp\/v2\/pages"}],"about":[{"href":"https:\/\/event.esalsa.de\/mlu-web-relaunch\/wp-json\/wp\/v2\/types\/page"}],"author":[{"embeddable":true,"href":"https:\/\/event.esalsa.de\/mlu-web-relaunch\/wp-json\/wp\/v2\/users\/9"}],"replies":[{"embeddable":true,"href":"https:\/\/event.esalsa.de\/mlu-web-relaunch\/wp-json\/wp\/v2\/comments?post=35"}],"version-history":[{"count":57,"href":"https:\/\/event.esalsa.de\/mlu-web-relaunch\/wp-json\/wp\/v2\/pages\/35\/revisions"}],"predecessor-version":[{"id":289,"href":"https:\/\/event.esalsa.de\/mlu-web-relaunch\/wp-json\/wp\/v2\/pages\/35\/revisions\/289"}],"wp:attachment":[{"href":"https:\/\/event.esalsa.de\/mlu-web-relaunch\/wp-json\/wp\/v2\/media?parent=35"}],"curies":[{"name":"wp","href":"https:\/\/api.w.org\/{rel}","templated":true}]}}