{"id":35,"date":"2024-02-20T10:10:27","date_gmt":"2024-02-20T09:10:27","guid":{"rendered":"https:\/\/event.esalsa.de\/mlu-unicert-jahresworkshop-2025\/?page_id=35"},"modified":"2025-11-07T10:58:59","modified_gmt":"2025-11-07T09:58:59","slug":"titel-der-konferenz","status":"publish","type":"page","link":"https:\/\/event.esalsa.de\/mlu-unicert-jahresworkshop-2025\/","title":{"rendered":"UNIcert\u00ae neu gedacht \u2013 Lehren und Pr\u00fcfen in Zeiten sozialen und\u00a0digitalen Wandels"},"content":{"rendered":"\n<p class=\"has-text-align-center has-base-background-color has-background\" style=\"border-radius:16px;padding-top:0;padding-right:0;padding-bottom:0;padding-left:0;font-size:clamp(1.743rem, 1.743rem + ((1vw - 0.2rem) * 2.149), 3rem);\"><strong>UNIcert<sup>\u00ae<\/sup> neu gedacht \u2013 Lehren und Pr\u00fcfen in Zeiten sozialen und&nbsp;digitalen Wandels<\/strong><\/p>\n\n\n\n<h2 class=\"wp-block-heading has-text-align-center\">06.-07.11.2025<\/h2>\n\n\n\n<div class=\"wp-block-columns is-layout-flex wp-container-core-columns-is-layout-28f84493 wp-block-columns-is-layout-flex\">\n<div class=\"wp-block-column is-layout-flow wp-block-column-is-layout-flow\">\n<figure class=\"wp-block-image size-large\"><a href=\"https:\/\/www.unicert-online.org\/\" target=\"_blank\" rel=\" noreferrer noopener\"><img loading=\"lazy\" decoding=\"async\" width=\"1024\" height=\"669\" src=\"https:\/\/event.esalsa.de\/mlu-unicert-jahresworkshop-2025\/wp-content\/uploads\/sites\/60\/2025\/06\/UNIcert_aks_digital_RGB_farbig-1024x669.jpg\" alt=\"\" class=\"wp-image-258\" srcset=\"https:\/\/event.esalsa.de\/mlu-unicert-jahresworkshop-2025\/wp-content\/uploads\/sites\/60\/2025\/06\/UNIcert_aks_digital_RGB_farbig-1024x669.jpg 1024w, https:\/\/event.esalsa.de\/mlu-unicert-jahresworkshop-2025\/wp-content\/uploads\/sites\/60\/2025\/06\/UNIcert_aks_digital_RGB_farbig-300x196.jpg 300w, https:\/\/event.esalsa.de\/mlu-unicert-jahresworkshop-2025\/wp-content\/uploads\/sites\/60\/2025\/06\/UNIcert_aks_digital_RGB_farbig-768x502.jpg 768w, https:\/\/event.esalsa.de\/mlu-unicert-jahresworkshop-2025\/wp-content\/uploads\/sites\/60\/2025\/06\/UNIcert_aks_digital_RGB_farbig-1536x1004.jpg 1536w, https:\/\/event.esalsa.de\/mlu-unicert-jahresworkshop-2025\/wp-content\/uploads\/sites\/60\/2025\/06\/UNIcert_aks_digital_RGB_farbig-2048x1338.jpg 2048w\" sizes=\"auto, (max-width: 1024px) 100vw, 1024px\" \/><\/a><\/figure>\n<\/div>\n\n\n\n<div class=\"wp-block-column is-layout-flow wp-block-column-is-layout-flow\">\n<figure class=\"wp-block-image size-large\"><a href=\"https:\/\/spz.uni-halle.de\/\" target=\"_blank\" rel=\" noreferrer noopener\"><img loading=\"lazy\" decoding=\"async\" width=\"1024\" height=\"450\" src=\"https:\/\/event.esalsa.de\/mlu-unicert-jahresworkshop-2025\/wp-content\/uploads\/sites\/60\/2025\/06\/Sprachenzentrum-_-allein-gro\u0431-1024x450.png\" alt=\"\" class=\"wp-image-259\" srcset=\"https:\/\/event.esalsa.de\/mlu-unicert-jahresworkshop-2025\/wp-content\/uploads\/sites\/60\/2025\/06\/Sprachenzentrum-_-allein-gro\u0431-1024x450.png 1024w, https:\/\/event.esalsa.de\/mlu-unicert-jahresworkshop-2025\/wp-content\/uploads\/sites\/60\/2025\/06\/Sprachenzentrum-_-allein-gro\u0431-300x132.png 300w, https:\/\/event.esalsa.de\/mlu-unicert-jahresworkshop-2025\/wp-content\/uploads\/sites\/60\/2025\/06\/Sprachenzentrum-_-allein-gro\u0431-768x338.png 768w, https:\/\/event.esalsa.de\/mlu-unicert-jahresworkshop-2025\/wp-content\/uploads\/sites\/60\/2025\/06\/Sprachenzentrum-_-allein-gro\u0431-1536x676.png 1536w, https:\/\/event.esalsa.de\/mlu-unicert-jahresworkshop-2025\/wp-content\/uploads\/sites\/60\/2025\/06\/Sprachenzentrum-_-allein-gro\u0431-2048x901.png 2048w\" sizes=\"auto, (max-width: 1024px) 100vw, 1024px\" \/><\/a><\/figure>\n<\/div>\n<\/div>\n\n\n\n\n\n\n\n\n<div class=\"ce-congressstate\">\n\n<p><strong>Die Veranstaltung ist erfolgreich zu Ende gegangen!<\/strong><br>Ein riesiges Dankesch\u00f6n an alle Teilnehmenden, engagierten AG-Leiter:innen und gro\u00dfz\u00fcgigen Sponsor:innen f\u00fcr ihre Beitr\u00e4ge, Impulse und Unterst\u00fctzung. <br>Gemeinsam haben wir spannende Einblicke gewonnen, neue Perspektiven entdeckt und wertvolle Kontakte gekn\u00fcpft.<\/p>\n\n\n\n<p>Wir hoffen, dass die Veranstaltung f\u00fcr Sie genauso inspirierend und bereichernd war wie f\u00fcr uns \u2013 und freuen uns schon jetzt auf ein Wiedersehen!<\/p>\n\n<\/div>\n\n\n<div data-wp-interactive=\"core\/file\" class=\"wp-block-file\"><object data-wp-bind--hidden=\"!state.hasPdfPreview\" hidden class=\"wp-block-file__embed\" data=\"https:\/\/event.esalsa.de\/mlu-unicert-jahresworkshop-2025\/wp-content\/uploads\/sites\/60\/2025\/11\/Wegbeschreibungen-UNICERTKonferenz.pdf\" type=\"application\/pdf\" style=\"width:100%;height:600px\" aria-label=\"Einbettung von Wegbeschreibungen UNICERTKonferenz.\"><\/object><a id=\"wp-block-file--media-250c295a-118f-4d3b-8c1e-1a79cda0cf43\" href=\"https:\/\/event.esalsa.de\/mlu-unicert-jahresworkshop-2025\/wp-content\/uploads\/sites\/60\/2025\/11\/Wegbeschreibungen-UNICERTKonferenz.pdf\">Wegbeschreibungen UNICERTKonferenz<\/a><a href=\"https:\/\/event.esalsa.de\/mlu-unicert-jahresworkshop-2025\/wp-content\/uploads\/sites\/60\/2025\/11\/Wegbeschreibungen-UNICERTKonferenz.pdf\" class=\"wp-block-file__button wp-element-button\" download aria-describedby=\"wp-block-file--media-250c295a-118f-4d3b-8c1e-1a79cda0cf43\">Herunterladen<\/a><\/div>\n","protected":false},"excerpt":{"rendered":"<p>UNIcert\u00ae neu gedacht \u2013 Lehren und Pr\u00fcfen in Zeiten sozialen und&nbsp;digitalen Wandels 06.-07.11.2025<\/p>\n","protected":false},"author":5,"featured_media":0,"parent":0,"menu_order":0,"comment_status":"closed","ping_status":"closed","template":"","meta":{"_acf_changed":false,"footnotes":""},"class_list":["post-35","page","type-page","status-publish","hentry"],"acf":[],"_links":{"self":[{"href":"https:\/\/event.esalsa.de\/mlu-unicert-jahresworkshop-2025\/wp-json\/wp\/v2\/pages\/35","targetHints":{"allow":["GET"]}}],"collection":[{"href":"https:\/\/event.esalsa.de\/mlu-unicert-jahresworkshop-2025\/wp-json\/wp\/v2\/pages"}],"about":[{"href":"https:\/\/event.esalsa.de\/mlu-unicert-jahresworkshop-2025\/wp-json\/wp\/v2\/types\/page"}],"author":[{"embeddable":true,"href":"https:\/\/event.esalsa.de\/mlu-unicert-jahresworkshop-2025\/wp-json\/wp\/v2\/users\/5"}],"replies":[{"embeddable":true,"href":"https:\/\/event.esalsa.de\/mlu-unicert-jahresworkshop-2025\/wp-json\/wp\/v2\/comments?post=35"}],"version-history":[{"count":58,"href":"https:\/\/event.esalsa.de\/mlu-unicert-jahresworkshop-2025\/wp-json\/wp\/v2\/pages\/35\/revisions"}],"predecessor-version":[{"id":544,"href":"https:\/\/event.esalsa.de\/mlu-unicert-jahresworkshop-2025\/wp-json\/wp\/v2\/pages\/35\/revisions\/544"}],"wp:attachment":[{"href":"https:\/\/event.esalsa.de\/mlu-unicert-jahresworkshop-2025\/wp-json\/wp\/v2\/media?parent=35"}],"curies":[{"name":"wp","href":"https:\/\/api.w.org\/{rel}","templated":true}]}}