{"id":327,"date":"2025-06-23T15:24:59","date_gmt":"2025-06-23T13:24:59","guid":{"rendered":"https:\/\/event.esalsa.de\/mlu-unicert-jahresworkshop-2025\/?page_id=327"},"modified":"2025-10-22T12:17:43","modified_gmt":"2025-10-22T10:17:43","slug":"anfahrt","status":"publish","type":"page","link":"https:\/\/event.esalsa.de\/mlu-unicert-jahresworkshop-2025\/anfahrt\/","title":{"rendered":"Anfahrt"},"content":{"rendered":"\n<div class=\"wp-block-buttons is-content-justification-center is-layout-flex wp-container-core-buttons-is-layout-a89b3969 wp-block-buttons-is-layout-flex\">\n<div class=\"wp-block-button is-style-outline is-style-outline--1\"><a class=\"wp-block-button__link has-contrast-color has-base-background-color has-text-color has-background has-link-color wp-element-button\" href=\"https:\/\/arcg.is\/mWL4v0\" target=\"_blank\" rel=\"noreferrer noopener\">Link zu MLU-Maps<\/a><\/div>\n\n\n\n<div class=\"wp-block-button is-style-outline is-style-outline--2\"><a class=\"wp-block-button__link has-contrast-color has-base-background-color has-text-color has-background has-link-color wp-element-button\" href=\"https:\/\/maps.app.goo.gl\/GBVLnfvajjWi2Kbq6\" target=\"_blank\" rel=\"noreferrer noopener\">Link zu Google-Maps<\/a><\/div>\n<\/div>\n\n\n\n<p>Die Veranstaltung findet auf dem MLU-Zentral-Campus, im L\u00f6wengeb\u00e4ude (Universit\u00e4tsplatz 11) statt.<\/p>\n\n\n\n<figure class=\"wp-block-image size-full is-style-default\"><img loading=\"lazy\" decoding=\"async\" width=\"1811\" height=\"2560\" src=\"https:\/\/event.esalsa.de\/mlu-unicert-jahresworkshop-2025\/wp-content\/uploads\/sites\/60\/2025\/10\/MLU_Campusplan_Sprachenzentrum-scaled.jpeg\" alt=\"\" class=\"wp-image-637\" srcset=\"https:\/\/event.esalsa.de\/mlu-unicert-jahresworkshop-2025\/wp-content\/uploads\/sites\/60\/2025\/10\/MLU_Campusplan_Sprachenzentrum-scaled.jpeg 1811w, https:\/\/event.esalsa.de\/mlu-unicert-jahresworkshop-2025\/wp-content\/uploads\/sites\/60\/2025\/10\/MLU_Campusplan_Sprachenzentrum-212x300.jpeg 212w, https:\/\/event.esalsa.de\/mlu-unicert-jahresworkshop-2025\/wp-content\/uploads\/sites\/60\/2025\/10\/MLU_Campusplan_Sprachenzentrum-725x1024.jpeg 725w, https:\/\/event.esalsa.de\/mlu-unicert-jahresworkshop-2025\/wp-content\/uploads\/sites\/60\/2025\/10\/MLU_Campusplan_Sprachenzentrum-768x1085.jpeg 768w, https:\/\/event.esalsa.de\/mlu-unicert-jahresworkshop-2025\/wp-content\/uploads\/sites\/60\/2025\/10\/MLU_Campusplan_Sprachenzentrum-1087x1536.jpeg 1087w, https:\/\/event.esalsa.de\/mlu-unicert-jahresworkshop-2025\/wp-content\/uploads\/sites\/60\/2025\/10\/MLU_Campusplan_Sprachenzentrum-1449x2048.jpeg 1449w\" sizes=\"auto, (max-width: 1811px) 100vw, 1811px\" \/><\/figure>\n\n\n\n<h4 class=\"wp-block-heading\">Auto \ud83d\ude98 &nbsp;&nbsp;<\/h4>\n\n\n\n<p>Autobahn A14, Anschlussstelle Halle\/Pei\u00dfen. \u00dcber die B100 erreichen Sie das Stadtzentrum. Beachten Sie bitte die begrenzten Parkm\u00f6glichkeiten&nbsp;in der Innenstadt. W\u00e4hrend der Tagung wird die Nutzung des \u00f6ffentlichen&nbsp;Nahverkehrs empfohlen.<\/p>\n\n\n\n<h4 class=\"wp-block-heading\">Bahn \ud83d\ude86<\/h4>\n\n\n\n<p>In Halle (Saale) Hbf kreuzen sich drei IC-Linien aus Bremen, Berlin, Leipzig, K\u00f6ln und dem Ruhrgebiet. Der Hauptbahnhof befindet sich s\u00fcd\u00f6stlich des Stadtzentrums.<\/p>\n\n\n\n<h4 class=\"wp-block-heading\">Flug \u2708\ufe0f<\/h4>\n\n\n\n<p>Der Flughafen Leipzig\/Halle liegt direkt am Schkeuditzer Kreuz (A9\/A14) zwischen Leipzig und Halle.<\/p>\n\n\n\n<p>Der Bahnhof Flughafen Leipzig\/Halle befindet sich direkt unterhalb des Check-In-Terminals. St\u00fcndlich fahren Intercitys (Abfahrtsminute 53) und Regionalexpresse (Abfahrtsminute 06) nach Halle (Saale) Hbf. Fahrzeit: 12 min. Als Fahrschein ben\u00f6tigen Sie ein Zwei-Zonen-Ticket des Mitteldeutschen Verkehrsverbundes (MDV).<\/p>\n\n\n\n<h4 class=\"wp-block-heading\">Stra\u00dfenbahn \ud83d\ude8b<\/h4>\n\n\n\n<p>Vom Hauptbahnhof Halle fahren verschiedene&nbsp;Stra\u00dfenbahnlinien ins Zentrum (Marktplatz, Fahrzeit ca. 8-10 min). Am&nbsp;g\u00fcnstigsten erreichen Sie das L\u00f6wengeb\u00e4ude mit der Linie 7 Richtung Kr\u00f6llwitz (Haltestelle&nbsp;Neues Theater). Diese f\u00e4hrt vom Bahnhofsvorplatz, Gleis A, ab.<\/p>\n\n\n\n<p><\/p>\n\n\n\n<p><\/p>\n","protected":false},"excerpt":{"rendered":"<p>Die Veranstaltung findet auf dem MLU-Zentral-Campus, im L\u00f6wengeb\u00e4ude (Universit\u00e4tsplatz 11) statt. Auto \ud83d\ude98 &nbsp;&nbsp; Autobahn A14, Anschlussstelle Halle\/Pei\u00dfen. \u00dcber die B100 erreichen Sie das Stadtzentrum. Beachten Sie bitte die begrenzten Parkm\u00f6glichkeiten&nbsp;in der Innenstadt. W\u00e4hrend der Tagung wird die Nutzung des \u00f6ffentlichen&nbsp;Nahverkehrs empfohlen. Bahn \ud83d\ude86 In Halle (Saale) Hbf kreuzen sich drei IC-Linien aus Bremen, Berlin, [&hellip;]<\/p>\n","protected":false},"author":9,"featured_media":0,"parent":0,"menu_order":0,"comment_status":"closed","ping_status":"closed","template":"","meta":{"_acf_changed":false,"footnotes":""},"class_list":["post-327","page","type-page","status-publish","hentry"],"acf":[],"_links":{"self":[{"href":"https:\/\/event.esalsa.de\/mlu-unicert-jahresworkshop-2025\/wp-json\/wp\/v2\/pages\/327","targetHints":{"allow":["GET"]}}],"collection":[{"href":"https:\/\/event.esalsa.de\/mlu-unicert-jahresworkshop-2025\/wp-json\/wp\/v2\/pages"}],"about":[{"href":"https:\/\/event.esalsa.de\/mlu-unicert-jahresworkshop-2025\/wp-json\/wp\/v2\/types\/page"}],"author":[{"embeddable":true,"href":"https:\/\/event.esalsa.de\/mlu-unicert-jahresworkshop-2025\/wp-json\/wp\/v2\/users\/9"}],"replies":[{"embeddable":true,"href":"https:\/\/event.esalsa.de\/mlu-unicert-jahresworkshop-2025\/wp-json\/wp\/v2\/comments?post=327"}],"version-history":[{"count":4,"href":"https:\/\/event.esalsa.de\/mlu-unicert-jahresworkshop-2025\/wp-json\/wp\/v2\/pages\/327\/revisions"}],"predecessor-version":[{"id":638,"href":"https:\/\/event.esalsa.de\/mlu-unicert-jahresworkshop-2025\/wp-json\/wp\/v2\/pages\/327\/revisions\/638"}],"wp:attachment":[{"href":"https:\/\/event.esalsa.de\/mlu-unicert-jahresworkshop-2025\/wp-json\/wp\/v2\/media?parent=327"}],"curies":[{"name":"wp","href":"https:\/\/api.w.org\/{rel}","templated":true}]}}