{"id":35,"date":"2024-02-20T10:10:27","date_gmt":"2024-02-20T09:10:27","guid":{"rendered":"https:\/\/event.esalsa.de\/mlu-tag-der-lehre-26\/?page_id=35"},"modified":"2026-04-02T07:17:03","modified_gmt":"2026-04-02T05:17:03","slug":"ctc-buergerveranstaltung","status":"publish","type":"page","link":"https:\/\/event.esalsa.de\/mlu-tag-der-lehre-26\/","title":{"rendered":"\u201eZiele, Fokus, Sicherheit \u2013 drei S\u00e4ulen moderner Lehre\u201c"},"content":{"rendered":"\n<div class=\"wp-block-cover alignfull is-light has-parallax has-aspect-ratio\" style=\"min-height:274px;aspect-ratio:auto;min-height:unset;\"><div class=\"wp-block-cover__image-background wp-image-238 has-parallax\" style=\"background-position:50% 50%;background-image:url(https:\/\/event.esalsa.de\/mlu-tag-der-lehre-25\/wp-content\/uploads\/sites\/32\/2025\/04\/Blick-aus-dem-Audimax-auf-den-Universitaetsplatz_Markus-Scholz.jpg)\"><\/div><span aria-hidden=\"true\" class=\"wp-block-cover__background has-cyan-bluish-gray-background-color has-background-dim\"><\/span><div class=\"wp-block-cover__inner-container is-layout-flow wp-block-cover-is-layout-flow\">\n<div class=\"wp-block-group has-border-color has-base-border-color has-background has-global-padding is-layout-constrained wp-container-core-group-is-layout-8dfc8983 wp-block-group-is-layout-constrained\" style=\"border-width:1px;border-radius:11px;background-color:#ffffff59;padding-top:var(--wp--preset--spacing--40);padding-right:var(--wp--preset--spacing--40);padding-bottom:var(--wp--preset--spacing--40);padding-left:var(--wp--preset--spacing--40)\">\n<div class=\"wp-block-group has-global-padding is-layout-constrained wp-block-group-is-layout-constrained\">\n<p class=\"has-text-align-center has-contrast-color has-text-color has-link-color has-inter-font-family has-large-font-size wp-elements-7e85e4c0e9c68e110fb98ce5578817fb\">Dies academicus<\/p>\n\n\n\n<p class=\"has-text-align-center has-contrast-color has-text-color has-link-color has-large-font-size wp-elements-cf712fb2f2cacc5306eb8dda1f69c312\"><strong>06. Mai 2026, 12.00 \u2013 20.00 Uhr<\/strong><br><strong>Universit\u00e4tsplatz<\/strong><\/p>\n\n\n<div class=\"ce-countdown aligncenter\" data-targetdate=\"2026-05-06T12:00:00+02:00\">\n    <ul>\n      <li><span class=\"days\">18<\/span>Tage<\/li>\n      <li><span class=\"hours\">22<\/span>Stunden<\/li>\n      <li><span class=\"minutes\">29<\/span>Minuten<\/li>\n      <li><span class=\"seconds\">27<\/span>Sekunden<\/li>\n    <\/ul>\n<\/div>\n\n\n\n<p class=\"has-text-align-center has-contrast-color has-text-color has-link-color has-medium-font-size wp-elements-8016a8b924cbd70941daa79803b00dbd\"><strong><a href=\"https:\/\/mlu.maps.arcgis.com\/apps\/webappviewer\/index.html?id=d74929219abd436fae7522677f1feac0&amp;extent=1331841.0298%2C6707308.8276%2C1333146.4309%2C6708093.5015%2C102100\" target=\"_blank\" rel=\"noreferrer noopener\">L\u00f6wengeb\u00e4ude und Melanchthonianum<\/a><\/strong><\/p>\n\n\n\n<div class=\"wp-block-buttons is-content-justification-center is-layout-flex wp-container-core-buttons-is-layout-a89b3969 wp-block-buttons-is-layout-flex\">\n<div class=\"wp-block-button\"><a class=\"wp-block-button__link has-contrast-color has-text-color has-link-color wp-element-button\" href=\"https:\/\/event.esalsa.de\/mlu-tag-der-lehre-26\/programm\/\">Programm<\/a><\/div>\n\n\n\n<div class=\"wp-block-button\"><a class=\"wp-block-button__link has-contrast-color has-text-color has-link-color wp-element-button\" href=\"https:\/\/event.esalsa.de\/mlu-tag-der-lehre-26\/konto\/\">Zur Anmeldung<\/a><\/div>\n<\/div>\n<\/div>\n<\/div>\n<\/div><\/div>\n\n\n\n<div style=\"height:32px\" aria-hidden=\"true\" class=\"wp-block-spacer\"><\/div>\n\n\n<div class=\"ce-congressstate\">\n\n<p>Der halbt\u00e4gige <strong>Dies academicus<\/strong> verleiht auch dem Tag der Lehre 2026 wieder die ihm angemessene Bedeutung im akademischen Jahresablauf und erm\u00f6glicht allen Lehrenden, Studierenden und Mitarbeitenden die Teilnahme an einem Forum, in dem wir gemeinsam \u00fcber die Gegenwart und Zukunft von Studium und Lehre an der Martin-Luther-Universit\u00e4t nachdenken und sie aktiv mitgestalten.<\/p>\n\n\n\n<p>Unter dem Leitmotiv <em>\u201eZiele, Fokus, Sicherheit &#8211; Drei S\u00e4ulen moderner Lehre\u201c<\/em> soll sich dieser Tag, unter Einbeziehung vieler Perspektiven, den zentralen Kompetenzen, die von der erfolgreichen Studienaufnahme \u00fcber den Studienverlauf bis hin zur professionellen Handlungspraxis im Beruf entscheidend sind widmen.<\/p>\n\n\n\n<ul class=\"wp-block-list\">\n<li>Wie erlangen Studierende die Gelegenheiten und die F\u00e4higkeiten, die sie brauchen, um im Studium selbstst\u00e4ndig, reflektiert und erfolgreich zu agieren?<\/li>\n\n\n\n<li>Wie gelingt es Lehrenden, die Studierenden gezielt zu f\u00f6rdern, welche F\u00e4higkeiten oder Unterst\u00fctzungen ben\u00f6tigen sie selbst daf\u00fcr?<\/li>\n\n\n\n<li>Welche Strategien, Methoden und Formate f\u00f6rdern nachhaltigen, akademischen Kompetenzerwerb?<\/li>\n\n\n\n<li>Wie verbinden wir akademische Bildung und die darin liegenden m\u00f6glichen beruflichen Transfers zu einem stimmigen Gesamtprofil?<\/li>\n<\/ul>\n\n\n\n<p>Dies sind Leitfragen, mit denen wir uns am Tag der Lehre 2026 besch\u00e4ftigen wollen. Wir erarbeiten daf\u00fcr derzeit ein abwechslungsreiches Tagungsprogramm, und unser Ziel in diesem Jahr ist es noch mehr Studierende f\u00fcr die aktive Teilnahme an diesem Format zu begeistern. Das Programm richtet sich an die Studierenden und an die Lehrenden gleicherma\u00dfen und schl\u00e4gt Br\u00fccken zwischen den verschiedenen Anforderungen und Interessen. In bereits guter Tradition m\u00f6chten wir wieder auch herausragende Leistungen in der Lehre \u00f6ffentlich anerkennen und sichtbar machen. Es werden insgesamt vier Lehrpreise vergeben und die Absolvierenden des Hochschuldidaktischen Zertifikates \u00f6ffentlich gew\u00fcrdigt.<\/p>\n\n\n\n<hr class=\"wp-block-separator has-alpha-channel-opacity is-style-default\" style=\"margin-top:var(--wp--preset--spacing--30);margin-bottom:var(--wp--preset--spacing--30)\" \/>\n\n\n\n<p>\ud83d\udc76\ud83c\udffc <strong>Kinderbetreuung beim Tag der Lehre<\/strong><br>Zur Unterst\u00fctzung der Teilnehmenden mit Betreuungspflichten bieten wir eine Kinderbetreuung w\u00e4hrend der Veranstaltung an.<br>Bitte melden Sie Ihren Bedarf bis sp\u00e4testens <strong>20.04.2025 per E-Mail an<\/strong> <strong>Frau Friederike Jeschke-Stolzenberg<\/strong> \u2013 <a href=\"mailto:friederike.jeschke@rektorat.uni-halle.de\">friederike.jeschke@rektorat.uni-halle.de<\/a> und geben Sie folgende Informationen an:<\/p>\n\n\n\n<ul class=\"wp-block-list\">\n<li>Anzahl der Kinder<\/li>\n\n\n\n<li>Alter der Kinder<\/li>\n\n\n\n<li>Gew\u00fcnschter Betreuungszeitraum<\/li>\n<\/ul>\n\n\n\n<p class=\"has-text-align-center has-pale-ocean-gradient-background has-background has-medium-font-size\" style=\"border-top-left-radius:100px;border-top-right-radius:100px;border-bottom-left-radius:100px;border-bottom-right-radius:100px\"><strong>Bitte beachten Sie<\/strong>: Eine Betreuung ist nur f\u00fcr im Voraus angemeldete Kinder m\u00f6glich.<\/p>\n\n<\/div>\n\n\n\n","protected":false},"excerpt":{"rendered":"","protected":false},"author":61,"featured_media":0,"parent":0,"menu_order":0,"comment_status":"closed","ping_status":"closed","template":"","meta":{"_acf_changed":false,"footnotes":""},"class_list":["post-35","page","type-page","status-publish","hentry"],"acf":[],"_links":{"self":[{"href":"https:\/\/event.esalsa.de\/mlu-tag-der-lehre-26\/wp-json\/wp\/v2\/pages\/35","targetHints":{"allow":["GET"]}}],"collection":[{"href":"https:\/\/event.esalsa.de\/mlu-tag-der-lehre-26\/wp-json\/wp\/v2\/pages"}],"about":[{"href":"https:\/\/event.esalsa.de\/mlu-tag-der-lehre-26\/wp-json\/wp\/v2\/types\/page"}],"author":[{"embeddable":true,"href":"https:\/\/event.esalsa.de\/mlu-tag-der-lehre-26\/wp-json\/wp\/v2\/users\/61"}],"replies":[{"embeddable":true,"href":"https:\/\/event.esalsa.de\/mlu-tag-der-lehre-26\/wp-json\/wp\/v2\/comments?post=35"}],"version-history":[{"count":72,"href":"https:\/\/event.esalsa.de\/mlu-tag-der-lehre-26\/wp-json\/wp\/v2\/pages\/35\/revisions"}],"predecessor-version":[{"id":506,"href":"https:\/\/event.esalsa.de\/mlu-tag-der-lehre-26\/wp-json\/wp\/v2\/pages\/35\/revisions\/506"}],"wp:attachment":[{"href":"https:\/\/event.esalsa.de\/mlu-tag-der-lehre-26\/wp-json\/wp\/v2\/media?parent=35"}],"curies":[{"name":"wp","href":"https:\/\/api.w.org\/{rel}","templated":true}]}}