{"id":35,"date":"2024-02-20T10:10:27","date_gmt":"2024-02-20T09:10:27","guid":{"rendered":"https:\/\/event.esalsa.de\/mlu-tag-der-lehre-25\/?page_id=35"},"modified":"2025-04-07T12:30:56","modified_gmt":"2025-04-07T10:30:56","slug":"titel-der-konferenz","status":"publish","type":"page","link":"https:\/\/event.esalsa.de\/mlu-tag-der-lehre-25\/","title":{"rendered":"Universit\u00e4t als Gestaltungsraum zwischen Interessen, Anforderungen, Teilhabe und Bew\u00e4ltigung"},"content":{"rendered":"\n<div class=\"wp-block-cover is-light\" style=\"min-height:274px;aspect-ratio:unset;\"><span aria-hidden=\"true\" class=\"wp-block-cover__background has-cyan-bluish-gray-background-color has-background-dim\"><\/span><img decoding=\"async\" class=\"wp-block-cover__image-background wp-image-238\" alt=\"\" src=\"https:\/\/event.esalsa.de\/mlu-tag-der-lehre-25\/wp-content\/uploads\/sites\/32\/2025\/04\/Blick-aus-dem-Audimax-auf-den-Universitaetsplatz_Markus-Scholz.jpg\" style=\"object-position:52% 14%\" data-object-fit=\"cover\" data-object-position=\"52% 14%\"\/><div class=\"wp-block-cover__inner-container has-global-padding is-layout-constrained wp-block-cover-is-layout-constrained\">\n<p class=\"has-text-align-center has-contrast-color has-text-color has-link-color has-inter-font-family has-large-font-size wp-elements-7e85e4c0e9c68e110fb98ce5578817fb\">Dies academicus<\/p>\n\n\n\n<div class=\"wp-block-group has-border-color has-base-border-color has-global-padding is-layout-constrained wp-container-core-group-is-layout-24567ffd wp-block-group-is-layout-constrained\" style=\"border-width:1px;border-radius:11px;padding-top:var(--wp--preset--spacing--40);padding-right:var(--wp--preset--spacing--40);padding-bottom:var(--wp--preset--spacing--40);padding-left:var(--wp--preset--spacing--40)\">\n<p class=\"has-text-align-center has-contrast-color has-text-color has-link-color has-large-font-size wp-elements-d49d44dcc4e08cea987e48054a171700\"><strong>27. Mai 2025, 12.00 \u2013 19.30 Uhr<\/strong><br><strong>Universit\u00e4tsplatz<\/strong><\/p>\n\n\n\n<p class=\"has-text-align-center has-contrast-color has-text-color has-link-color has-medium-font-size wp-elements-8016a8b924cbd70941daa79803b00dbd\"><strong><a href=\"https:\/\/mlu.maps.arcgis.com\/apps\/webappviewer\/index.html?id=d74929219abd436fae7522677f1feac0&amp;extent=1331841.0298%2C6707308.8276%2C1333146.4309%2C6708093.5015%2C102100\" target=\"_blank\" rel=\"noreferrer noopener\">L\u00f6wengeb\u00e4ude und Melanchthonianum<\/a><\/strong><\/p>\n\n\n\n<div class=\"wp-block-buttons is-content-justification-center is-layout-flex wp-container-core-buttons-is-layout-a89b3969 wp-block-buttons-is-layout-flex\">\n<div class=\"wp-block-button\"><a class=\"wp-block-button__link wp-element-button\" href=\"https:\/\/event.esalsa.de\/mlu-tag-der-lehre-25\/programm\/\" target=\"_blank\" rel=\"noreferrer noopener\">Programm<\/a><\/div>\n\n\n\n<div class=\"wp-block-button\"><a class=\"wp-block-button__link wp-element-button\" href=\"https:\/\/event.esalsa.de\/mlu-tag-der-lehre-25\/konto\/\" target=\"_blank\" rel=\"noreferrer noopener\">Zur Anmeldung<\/a><\/div>\n<\/div>\n<\/div>\n<\/div><\/div>\n\n\n\n<p class=\"has-text-align-center\"><\/p>\n\n\n\n\n\n\n\n\n<div class=\"ce-congressstate\">\n\n<p>Die Veranstaltung ist abgeschlossen. Vielen Dank an alle Teilnehmenden, Referierenden und Sponsor:Innen f\u00fcr ihre Beitr\u00e4ge und Unterst\u00fctzung. Gemeinsam haben wir wertvolle Einblicke gewonnen und Kontakte gekn\u00fcpft. Wir hoffen, die Veranstaltung war f\u00fcr Sie ebenso bereichernd wie f\u00fcr uns.&nbsp;<\/p>\n\n\n\n<p>Bleiben Sie f\u00fcr Informationen \u00fcber zuk\u00fcnftige Events mit uns in Verbindung. Herzlichen Dank f\u00fcr Ihre Teilnahme!<\/p>\n\n<\/div>","protected":false},"excerpt":{"rendered":"","protected":false},"author":5,"featured_media":0,"parent":0,"menu_order":0,"comment_status":"closed","ping_status":"closed","template":"","meta":{"_acf_changed":false,"footnotes":""},"class_list":["post-35","page","type-page","status-publish","hentry"],"acf":[],"_links":{"self":[{"href":"https:\/\/event.esalsa.de\/mlu-tag-der-lehre-25\/wp-json\/wp\/v2\/pages\/35","targetHints":{"allow":["GET"]}}],"collection":[{"href":"https:\/\/event.esalsa.de\/mlu-tag-der-lehre-25\/wp-json\/wp\/v2\/pages"}],"about":[{"href":"https:\/\/event.esalsa.de\/mlu-tag-der-lehre-25\/wp-json\/wp\/v2\/types\/page"}],"author":[{"embeddable":true,"href":"https:\/\/event.esalsa.de\/mlu-tag-der-lehre-25\/wp-json\/wp\/v2\/users\/5"}],"replies":[{"embeddable":true,"href":"https:\/\/event.esalsa.de\/mlu-tag-der-lehre-25\/wp-json\/wp\/v2\/comments?post=35"}],"version-history":[{"count":52,"href":"https:\/\/event.esalsa.de\/mlu-tag-der-lehre-25\/wp-json\/wp\/v2\/pages\/35\/revisions"}],"predecessor-version":[{"id":486,"href":"https:\/\/event.esalsa.de\/mlu-tag-der-lehre-25\/wp-json\/wp\/v2\/pages\/35\/revisions\/486"}],"wp:attachment":[{"href":"https:\/\/event.esalsa.de\/mlu-tag-der-lehre-25\/wp-json\/wp\/v2\/media?parent=35"}],"curies":[{"name":"wp","href":"https:\/\/api.w.org\/{rel}","templated":true}]}}