{"id":35,"date":"2024-02-20T10:10:27","date_gmt":"2024-02-20T09:10:27","guid":{"rendered":"https:\/\/event.esalsa.de\/mintdigital\/?page_id=35"},"modified":"2025-09-15T08:35:01","modified_gmt":"2025-09-15T06:35:01","slug":"titel-der-konferenz","status":"publish","type":"page","link":"https:\/\/event.esalsa.de\/mintdigital\/","title":{"rendered":"Digitale Lehre im Rahmen der Grundlagenausbildung in MINT-F\u00e4chern an Hochschulen"},"content":{"rendered":"\n<p class=\"has-text-align-center has-large-font-size\">Digitale Lehre im Zeitalter der K\u00fcnstlichen Intelligenz<\/p>\n\n\n\n<div class=\"wp-block-cover alignfull has-parallax\"><div class=\"wp-block-cover__image-background wp-image-310 size-full has-parallax\" style=\"background-position:50% 50%;background-image:url(https:\/\/event.esalsa.de\/mintdigital\/wp-content\/uploads\/sites\/21\/2025\/05\/Mint-digital-Picsart-AiImageEnhancer-1.png)\"><\/div><span aria-hidden=\"true\" class=\"wp-block-cover__background has-background-dim-0 has-background-dim\" style=\"background-color:#49477f\"><\/span><div class=\"wp-block-cover__inner-container has-global-padding is-layout-constrained wp-block-cover-is-layout-constrained\">\n<p class=\"has-text-align-center has-large-font-size\">Tagungsreihe \/\/ MINT digital<\/p>\n\n\n\n<p class=\"has-text-align-center has-large-font-size\">15. und 16. September 2025<br>Hochschule Magdeburg-Stendal, Campus Magdeburg<\/p>\n<\/div><\/div>\n\n\n\n\n\n\n\n\n<div class=\"ce-congressstate\">\n\n<p>Die Veranstaltung ist abgeschlossen. Vielen Dank an alle Teilnehmenden, Referierenden und Sponsor:Innen f\u00fcr ihre Beitr\u00e4ge und Unterst\u00fctzung. Gemeinsam haben wir wertvolle Einblicke gewonnen und Kontakte gekn\u00fcpft. Wir hoffen, die Veranstaltung war f\u00fcr Sie ebenso bereichernd wie f\u00fcr uns.&nbsp;<\/p>\n\n\n\n<p>F\u00fcr einen R\u00fcckblick und weitere Details besuchen Sie bitte unsere Veranstaltungsdokumentation <strong>[Link].<\/strong> Bleiben Sie f\u00fcr Informationen \u00fcber zuk\u00fcnftige Events mit uns in Verbindung. Herzlichen Dank f\u00fcr Ihre Teilnahme!<\/p>\n\n<\/div>\n\n\n<p><\/p>\n","protected":false},"excerpt":{"rendered":"<p>Digitale Lehre im Zeitalter der K\u00fcnstlichen Intelligenz<\/p>\n","protected":false},"author":5,"featured_media":267,"parent":0,"menu_order":0,"comment_status":"closed","ping_status":"closed","template":"","meta":{"_acf_changed":false,"footnotes":""},"class_list":["post-35","page","type-page","status-publish","has-post-thumbnail","hentry"],"acf":[],"_links":{"self":[{"href":"https:\/\/event.esalsa.de\/mintdigital\/wp-json\/wp\/v2\/pages\/35","targetHints":{"allow":["GET"]}}],"collection":[{"href":"https:\/\/event.esalsa.de\/mintdigital\/wp-json\/wp\/v2\/pages"}],"about":[{"href":"https:\/\/event.esalsa.de\/mintdigital\/wp-json\/wp\/v2\/types\/page"}],"author":[{"embeddable":true,"href":"https:\/\/event.esalsa.de\/mintdigital\/wp-json\/wp\/v2\/users\/5"}],"replies":[{"embeddable":true,"href":"https:\/\/event.esalsa.de\/mintdigital\/wp-json\/wp\/v2\/comments?post=35"}],"version-history":[{"count":54,"href":"https:\/\/event.esalsa.de\/mintdigital\/wp-json\/wp\/v2\/pages\/35\/revisions"}],"predecessor-version":[{"id":485,"href":"https:\/\/event.esalsa.de\/mintdigital\/wp-json\/wp\/v2\/pages\/35\/revisions\/485"}],"wp:featuredmedia":[{"embeddable":true,"href":"https:\/\/event.esalsa.de\/mintdigital\/wp-json\/wp\/v2\/media\/267"}],"wp:attachment":[{"href":"https:\/\/event.esalsa.de\/mintdigital\/wp-json\/wp\/v2\/media?parent=35"}],"curies":[{"name":"wp","href":"https:\/\/api.w.org\/{rel}","templated":true}]}}