{"id":35,"date":"2024-02-20T10:10:27","date_gmt":"2024-02-20T09:10:27","guid":{"rendered":"https:\/\/event.esalsa.de\/lehren-lernen-pruefen-mit-ki\/?page_id=35"},"modified":"2024-06-11T11:30:23","modified_gmt":"2024-06-11T09:30:23","slug":"titel-der-konferenz","status":"publish","type":"page","link":"https:\/\/event.esalsa.de\/lehren-lernen-pruefen-mit-ki\/","title":{"rendered":"Lehren, Lernen, Pr\u00fcfen mit KI \u2013 Herausforderungen und Potentiale"},"content":{"rendered":"\n<h3 class=\"wp-block-heading\">Online Vortrags- und Workshopreihe zum praxisnahen Einsatz generativer KI in der Hochschulbildung<br>15. Januar 2025 bis 14. M\u00e4rz 2025\u00a0<\/h3>\n\n\n\n<p>Die Relevanz textgenerierender KI f\u00fcr die Hochschullehre ist unbestritten. Nach einer ersten Phase der Verunsicherung geht es nun darum, KI in der Lehrpraxis sinnvoll einzusetzen, ihre Potentiale auszusch\u00f6pfen und auch technische Weiterentwicklungen einzubeziehen.<br>In unserer Reihe \u201eLehren &amp; Lernen mit KI \u2013 Herausforderungen und Potentiale\u201d bieten wir Ihnen spannende Vortr\u00e4ge und Workshops an, die Ihnen zeigen, wie Sie generative KI in der Hochschulbildung praktisch einsetzen k\u00f6nnen. Wir schauen uns an, wie KI in Lehre und Pr\u00fcfungen funktioniert und welche rechtlichen Fragen dabei auftauchen. Diese Reihe ist f\u00fcr alle gedacht, die sich bereits mit Einf\u00fchrungen zur Thematik besch\u00e4ftigt haben.<\/p>\n\n\n<div class=\"ce-countdown aligncenter\" data-targetdate=\"2027-01-01T00:00:00+01:00\">\n    <ul>\n      <li><span class=\"days\">245<\/span>Tage<\/li>\n      <li><span class=\"hours\">16<\/span>Stunden<\/li>\n      <li><span class=\"minutes\">46<\/span>Minuten<\/li>\n      <li><span class=\"seconds\">20<\/span>Sekunden<\/li>\n    <\/ul>\n<\/div>\n\n\n<div class=\"ce-congressstate\">\n\n<p>Herzlich willkommen zu unserer anstehenden Veranstaltung <strong>Lehren, Lernen, Pr\u00fcfen mit KI \u2013 Herausforderungen und Potentiale!<\/strong><\/p>\n\n\n\n<p>Wir bieten eine Plattform f\u00fcr fundierte Diskussionen und den Austausch innovativer Ideen. Expertinnen und Experten werden Einblicke in ihre Arbeit geben und ihr Wissen teilen.&nbsp;<\/p>\n\n\n\n<p>Melden Sie sich an, um aktuelle Themen zu erforschen und Ihr professionelles Netzwerk bei unserer Veranstaltung zu erweitern.<\/p>\n\n\n\n<p><a href=\"https:\/\/event.esalsa.de\/lehren-lernen-pruefen-mit-ki\/konto\/\" target=\"_blank\" rel=\"noreferrer noopener\"><strong>Zur Anmeldung<\/strong><\/a><\/p>\n\n\n\n<p><\/p>\n\n<\/div>\n\n\n\n","protected":false},"excerpt":{"rendered":"<p>Online Vortrags- und Workshopreihe zum praxisnahen Einsatz generativer KI in der Hochschulbildung15. Januar 2025 bis 14. M\u00e4rz 2025\u00a0 Die Relevanz textgenerierender KI f\u00fcr die Hochschullehre ist unbestritten. Nach einer ersten Phase der Verunsicherung geht es nun darum, KI in der Lehrpraxis sinnvoll einzusetzen, ihre Potentiale auszusch\u00f6pfen und auch technische Weiterentwicklungen einzubeziehen.In unserer Reihe \u201eLehren &amp; [&hellip;]<\/p>\n","protected":false},"author":5,"featured_media":0,"parent":0,"menu_order":0,"comment_status":"closed","ping_status":"closed","template":"","meta":{"_acf_changed":false,"footnotes":""},"class_list":["post-35","page","type-page","status-publish","hentry"],"acf":[],"_links":{"self":[{"href":"https:\/\/event.esalsa.de\/lehren-lernen-pruefen-mit-ki\/wp-json\/wp\/v2\/pages\/35","targetHints":{"allow":["GET"]}}],"collection":[{"href":"https:\/\/event.esalsa.de\/lehren-lernen-pruefen-mit-ki\/wp-json\/wp\/v2\/pages"}],"about":[{"href":"https:\/\/event.esalsa.de\/lehren-lernen-pruefen-mit-ki\/wp-json\/wp\/v2\/types\/page"}],"author":[{"embeddable":true,"href":"https:\/\/event.esalsa.de\/lehren-lernen-pruefen-mit-ki\/wp-json\/wp\/v2\/users\/5"}],"replies":[{"embeddable":true,"href":"https:\/\/event.esalsa.de\/lehren-lernen-pruefen-mit-ki\/wp-json\/wp\/v2\/comments?post=35"}],"version-history":[{"count":7,"href":"https:\/\/event.esalsa.de\/lehren-lernen-pruefen-mit-ki\/wp-json\/wp\/v2\/pages\/35\/revisions"}],"predecessor-version":[{"id":145,"href":"https:\/\/event.esalsa.de\/lehren-lernen-pruefen-mit-ki\/wp-json\/wp\/v2\/pages\/35\/revisions\/145"}],"wp:attachment":[{"href":"https:\/\/event.esalsa.de\/lehren-lernen-pruefen-mit-ki\/wp-json\/wp\/v2\/media?parent=35"}],"curies":[{"name":"wp","href":"https:\/\/api.w.org\/{rel}","templated":true}]}}