{"id":29,"date":"2024-02-20T10:08:49","date_gmt":"2024-02-20T09:08:49","guid":{"rendered":"https:\/\/event.esalsa.de\/lehren-lernen-pruefen-mit-ki\/?page_id=29"},"modified":"2024-03-26T12:19:39","modified_gmt":"2024-03-26T11:19:39","slug":"rednerinnen","status":"publish","type":"page","link":"https:\/\/event.esalsa.de\/lehren-lernen-pruefen-mit-ki\/rednerinnen\/","title":{"rendered":"Redner*innen"},"content":{"rendered":"<h2 class=\"wp-block-heading\">Redner*innen<\/h2><div class=\"container ce-speakergrid\">\n\n\n\n<article class=\"llzlobby-speaker\" itemscope itemtype=\"https:\/\/schema.org\/Event\">\n  <div class=\"llzlobby-speaker-wrapper__image\">\n    <img loading=\"lazy\" decoding=\"async\" width=\"110\" height=\"144\" src=\"https:\/\/event.esalsa.de\/lehren-lernen-pruefen-mit-ki\/wp-content\/uploads\/sites\/9\/2024\/06\/strasser.webp\" class=\"llzlobby-speaker__image\" alt=\"\" \/>  <\/div>\n  <h3 class=\"llzlobby-speaker__title\" itemprop=\"name\">\n    <a itemprop=\"url\" href=\"https:\/\/event.esalsa.de\/lehren-lernen-pruefen-mit-ki\/speaker\/prof-dr-thomas-strasser\/\" target=\"_self\" class=\"stretched-link\">Prof. Dr. Thomas Strasser<\/a>\n  <\/h3>\n  <p class=\"llzlobby-speaker__description\" itemprop=\"description\">Mag. Dr. Thomas Strasser ist Professor f\u00fcr Fremdsprachendidaktik und technologieunterst\u00fctztes Lehren &amp; Lernen der P\u00e4dagogischen Hochschule Wien.Neben seinen T\u00e4tigkeiten als&#8230;<\/p>\n  <div class=\"llzlobby-event-wrapper__more\">\n  <a itemprop=\"url\" href=\"https:\/\/event.esalsa.de\/lehren-lernen-pruefen-mit-ki\/speaker\/prof-dr-thomas-strasser\/\" target=\"_self\" class=\"button--more stretched-link\">\n    <span>Mehr erfahren >><\/span>\n  <\/a>                                  \n  <\/div>\n<\/article>\n\n\n\n<article class=\"llzlobby-speaker\" itemscope itemtype=\"https:\/\/schema.org\/Event\">\n  <div class=\"llzlobby-speaker-wrapper__image\">\n    <img loading=\"lazy\" decoding=\"async\" width=\"2436\" height=\"1624\" src=\"https:\/\/event.esalsa.de\/lehren-lernen-pruefen-mit-ki\/wp-content\/uploads\/sites\/9\/2024\/06\/dolderer.jpg\" class=\"llzlobby-speaker__image\" alt=\"\" srcset=\"https:\/\/event.esalsa.de\/lehren-lernen-pruefen-mit-ki\/wp-content\/uploads\/sites\/9\/2024\/06\/dolderer.jpg 2436w, https:\/\/event.esalsa.de\/lehren-lernen-pruefen-mit-ki\/wp-content\/uploads\/sites\/9\/2024\/06\/dolderer-300x200.jpg 300w, https:\/\/event.esalsa.de\/lehren-lernen-pruefen-mit-ki\/wp-content\/uploads\/sites\/9\/2024\/06\/dolderer-1024x683.jpg 1024w, https:\/\/event.esalsa.de\/lehren-lernen-pruefen-mit-ki\/wp-content\/uploads\/sites\/9\/2024\/06\/dolderer-768x512.jpg 768w, https:\/\/event.esalsa.de\/lehren-lernen-pruefen-mit-ki\/wp-content\/uploads\/sites\/9\/2024\/06\/dolderer-1536x1024.jpg 1536w, https:\/\/event.esalsa.de\/lehren-lernen-pruefen-mit-ki\/wp-content\/uploads\/sites\/9\/2024\/06\/dolderer-2048x1365.jpg 2048w\" sizes=\"auto, (max-width: 2436px) 100vw, 2436px\" \/>  <\/div>\n  <h3 class=\"llzlobby-speaker__title\" itemprop=\"name\">\n    <a itemprop=\"url\" href=\"https:\/\/event.esalsa.de\/lehren-lernen-pruefen-mit-ki\/speaker\/manuel-dolderer\/\" target=\"_self\" class=\"stretched-link\">Manuel Dolderer<\/a>\n  <\/h3>\n  <p class=\"llzlobby-speaker__description\" itemprop=\"description\">Manuel Dolderer ist Co-Founder der CODE University of Applied Science in Berlin, dessen Pr\u00e4sident er auch bis M\u00e4rz 2023 war&#8230;.<\/p>\n  <div class=\"llzlobby-event-wrapper__more\">\n  <a itemprop=\"url\" href=\"https:\/\/event.esalsa.de\/lehren-lernen-pruefen-mit-ki\/speaker\/manuel-dolderer\/\" target=\"_self\" class=\"button--more stretched-link\">\n    <span>Mehr erfahren >><\/span>\n  <\/a>                                  \n  <\/div>\n<\/article>\n\n\n\n<article class=\"llzlobby-speaker\" itemscope itemtype=\"https:\/\/schema.org\/Event\">\n  <div class=\"llzlobby-speaker-wrapper__image\">\n    <img loading=\"lazy\" decoding=\"async\" width=\"500\" height=\"500\" src=\"https:\/\/event.esalsa.de\/lehren-lernen-pruefen-mit-ki\/wp-content\/uploads\/sites\/9\/2024\/06\/ZfW-Peter-Salden.jpg\" class=\"llzlobby-speaker__image\" alt=\"\" srcset=\"https:\/\/event.esalsa.de\/lehren-lernen-pruefen-mit-ki\/wp-content\/uploads\/sites\/9\/2024\/06\/ZfW-Peter-Salden.jpg 500w, https:\/\/event.esalsa.de\/lehren-lernen-pruefen-mit-ki\/wp-content\/uploads\/sites\/9\/2024\/06\/ZfW-Peter-Salden-300x300.jpg 300w, https:\/\/event.esalsa.de\/lehren-lernen-pruefen-mit-ki\/wp-content\/uploads\/sites\/9\/2024\/06\/ZfW-Peter-Salden-150x150.jpg 150w\" sizes=\"auto, (max-width: 500px) 100vw, 500px\" \/>  <\/div>\n  <h3 class=\"llzlobby-speaker__title\" itemprop=\"name\">\n    <a itemprop=\"url\" href=\"https:\/\/event.esalsa.de\/lehren-lernen-pruefen-mit-ki\/speaker\/dr-peter-salden\/\" target=\"_self\" class=\"stretched-link\">Dr. Peter Salden<\/a>\n  <\/h3>\n  <p class=\"llzlobby-speaker__description\" itemprop=\"description\">Dr. Peter Salden ist Leiter des Zentrums f\u00fcr Wissenschaftsdidaktik an der Ruhr Universit\u00e4t Bochum. Nach seinem Studium der Hochschuldidaktik, \u00d6ffentlichen&#8230;<\/p>\n  <div class=\"llzlobby-event-wrapper__more\">\n  <a itemprop=\"url\" href=\"https:\/\/event.esalsa.de\/lehren-lernen-pruefen-mit-ki\/speaker\/dr-peter-salden\/\" target=\"_self\" class=\"button--more stretched-link\">\n    <span>Mehr erfahren >><\/span>\n  <\/a>                                  \n  <\/div>\n<\/article>\n\n\n\n<article class=\"llzlobby-speaker\" itemscope itemtype=\"https:\/\/schema.org\/Event\">\n  <div class=\"llzlobby-speaker-wrapper__image\">\n    <img loading=\"lazy\" decoding=\"async\" width=\"440\" height=\"540\" src=\"https:\/\/event.esalsa.de\/lehren-lernen-pruefen-mit-ki\/wp-content\/uploads\/sites\/9\/2024\/06\/Marlit-Lindner.jpg\" class=\"llzlobby-speaker__image\" alt=\"\" srcset=\"https:\/\/event.esalsa.de\/lehren-lernen-pruefen-mit-ki\/wp-content\/uploads\/sites\/9\/2024\/06\/Marlit-Lindner.jpg 440w, https:\/\/event.esalsa.de\/lehren-lernen-pruefen-mit-ki\/wp-content\/uploads\/sites\/9\/2024\/06\/Marlit-Lindner-244x300.jpg 244w\" sizes=\"auto, (max-width: 440px) 100vw, 440px\" \/>  <\/div>\n  <h3 class=\"llzlobby-speaker__title\" itemprop=\"name\">\n    <a itemprop=\"url\" href=\"https:\/\/event.esalsa.de\/lehren-lernen-pruefen-mit-ki\/speaker\/prof-dr-marlit-lindner\/\" target=\"_self\" class=\"stretched-link\">Prof. Dr. Marlit Lindner<\/a>\n  <\/h3>\n  <p class=\"llzlobby-speaker__description\" itemprop=\"description\">Prof. Dr. Marlit Lindner ist Professorin f\u00fcr Digitalisierung und Bildung an der Universit\u00e4t T\u00fcbingen und leitet die gleichnamige Forschungsgruppe am&#8230;<\/p>\n  <div class=\"llzlobby-event-wrapper__more\">\n  <a itemprop=\"url\" href=\"https:\/\/event.esalsa.de\/lehren-lernen-pruefen-mit-ki\/speaker\/prof-dr-marlit-lindner\/\" target=\"_self\" class=\"button--more stretched-link\">\n    <span>Mehr erfahren >><\/span>\n  <\/a>                                  \n  <\/div>\n<\/article>\n\n\n\n<article class=\"llzlobby-speaker\" itemscope itemtype=\"https:\/\/schema.org\/Event\">\n  <div class=\"llzlobby-speaker-wrapper__image\">\n    <img loading=\"lazy\" decoding=\"async\" width=\"400\" height=\"400\" src=\"https:\/\/event.esalsa.de\/lehren-lernen-pruefen-mit-ki\/wp-content\/uploads\/sites\/9\/2024\/06\/4c0d-400o400o2-QeCZhKzZsU2BTW7ithev3V.jpg\" class=\"llzlobby-speaker__image\" alt=\"\" srcset=\"https:\/\/event.esalsa.de\/lehren-lernen-pruefen-mit-ki\/wp-content\/uploads\/sites\/9\/2024\/06\/4c0d-400o400o2-QeCZhKzZsU2BTW7ithev3V.jpg 400w, https:\/\/event.esalsa.de\/lehren-lernen-pruefen-mit-ki\/wp-content\/uploads\/sites\/9\/2024\/06\/4c0d-400o400o2-QeCZhKzZsU2BTW7ithev3V-300x300.jpg 300w, https:\/\/event.esalsa.de\/lehren-lernen-pruefen-mit-ki\/wp-content\/uploads\/sites\/9\/2024\/06\/4c0d-400o400o2-QeCZhKzZsU2BTW7ithev3V-150x150.jpg 150w\" sizes=\"auto, (max-width: 400px) 100vw, 400px\" \/>  <\/div>\n  <h3 class=\"llzlobby-speaker__title\" itemprop=\"name\">\n    <a itemprop=\"url\" href=\"https:\/\/event.esalsa.de\/lehren-lernen-pruefen-mit-ki\/speaker\/martin-drossos\/\" target=\"_self\" class=\"stretched-link\">Martin Drossos\u00a0<\/a>\n  <\/h3>\n  <p class=\"llzlobby-speaker__description\" itemprop=\"description\">Martin Drossos ist Jurist mit Schwerpunkt im \u00f6ffentlichen Recht und einer Spezialisierung im Datenschutzrecht. Er ist als Rechtsexperte an der&#8230;<\/p>\n  <div class=\"llzlobby-event-wrapper__more\">\n  <a itemprop=\"url\" href=\"https:\/\/event.esalsa.de\/lehren-lernen-pruefen-mit-ki\/speaker\/martin-drossos\/\" target=\"_self\" class=\"button--more stretched-link\">\n    <span>Mehr erfahren >><\/span>\n  <\/a>                                  \n  <\/div>\n<\/article>\n\n\n\n<article class=\"llzlobby-speaker\" itemscope itemtype=\"https:\/\/schema.org\/Event\">\n  <div class=\"llzlobby-speaker-wrapper__image\">\n    <img loading=\"lazy\" decoding=\"async\" width=\"255\" height=\"340\" src=\"https:\/\/event.esalsa.de\/lehren-lernen-pruefen-mit-ki\/wp-content\/uploads\/sites\/9\/2024\/06\/csm_Persike_Malte_RWTH_8e7efe6d14.png\" class=\"llzlobby-speaker__image\" alt=\"\" srcset=\"https:\/\/event.esalsa.de\/lehren-lernen-pruefen-mit-ki\/wp-content\/uploads\/sites\/9\/2024\/06\/csm_Persike_Malte_RWTH_8e7efe6d14.png 255w, https:\/\/event.esalsa.de\/lehren-lernen-pruefen-mit-ki\/wp-content\/uploads\/sites\/9\/2024\/06\/csm_Persike_Malte_RWTH_8e7efe6d14-225x300.png 225w\" sizes=\"auto, (max-width: 255px) 100vw, 255px\" \/>  <\/div>\n  <h3 class=\"llzlobby-speaker__title\" itemprop=\"name\">\n    <a itemprop=\"url\" href=\"https:\/\/event.esalsa.de\/lehren-lernen-pruefen-mit-ki\/speaker\/dr-malte-persike\/\" target=\"_self\" class=\"stretched-link\">Dr. Malte Persike<\/a>\n  <\/h3>\n  <p class=\"llzlobby-speaker__description\" itemprop=\"description\">Dr. Malte Persike leitet das Center f\u00fcr Lehr- und Lernservices (CLS) der RWTH Aachen. Nach seiner Promotion 2008 an der&#8230;<\/p>\n  <div class=\"llzlobby-event-wrapper__more\">\n  <a itemprop=\"url\" href=\"https:\/\/event.esalsa.de\/lehren-lernen-pruefen-mit-ki\/speaker\/dr-malte-persike\/\" target=\"_self\" class=\"button--more stretched-link\">\n    <span>Mehr erfahren >><\/span>\n  <\/a>                                  \n  <\/div>\n<\/article><\/div>","protected":false},"excerpt":{"rendered":"","protected":false},"author":5,"featured_media":0,"parent":0,"menu_order":0,"comment_status":"closed","ping_status":"closed","template":"","meta":{"_acf_changed":false,"footnotes":""},"class_list":["post-29","page","type-page","status-publish","hentry"],"acf":[],"_links":{"self":[{"href":"https:\/\/event.esalsa.de\/lehren-lernen-pruefen-mit-ki\/wp-json\/wp\/v2\/pages\/29","targetHints":{"allow":["GET"]}}],"collection":[{"href":"https:\/\/event.esalsa.de\/lehren-lernen-pruefen-mit-ki\/wp-json\/wp\/v2\/pages"}],"about":[{"href":"https:\/\/event.esalsa.de\/lehren-lernen-pruefen-mit-ki\/wp-json\/wp\/v2\/types\/page"}],"author":[{"embeddable":true,"href":"https:\/\/event.esalsa.de\/lehren-lernen-pruefen-mit-ki\/wp-json\/wp\/v2\/users\/5"}],"replies":[{"embeddable":true,"href":"https:\/\/event.esalsa.de\/lehren-lernen-pruefen-mit-ki\/wp-json\/wp\/v2\/comments?post=29"}],"version-history":[{"count":2,"href":"https:\/\/event.esalsa.de\/lehren-lernen-pruefen-mit-ki\/wp-json\/wp\/v2\/pages\/29\/revisions"}],"predecessor-version":[{"id":80,"href":"https:\/\/event.esalsa.de\/lehren-lernen-pruefen-mit-ki\/wp-json\/wp\/v2\/pages\/29\/revisions\/80"}],"wp:attachment":[{"href":"https:\/\/event.esalsa.de\/lehren-lernen-pruefen-mit-ki\/wp-json\/wp\/v2\/media?parent=29"}],"curies":[{"name":"wp","href":"https:\/\/api.w.org\/{rel}","templated":true}]}}