{"id":35,"date":"2024-02-20T10:10:27","date_gmt":"2024-02-20T09:10:27","guid":{"rendered":"https:\/\/event.esalsa.de\/ki-hochschule-25\/?page_id=35"},"modified":"2025-09-29T17:04:40","modified_gmt":"2025-09-29T15:04:40","slug":"titel-der-konferenz","status":"publish","type":"page","link":"https:\/\/event.esalsa.de\/ki-hochschule-25\/","title":{"rendered":""},"content":{"rendered":"\n<div class=\"wp-block-cover alignfull has-parallax\" style=\"min-height:600px;aspect-ratio:unset;\"><div class=\"wp-block-cover__image-background wp-image-150 has-parallax\" style=\"background-position:50% 50%;background-image:url(https:\/\/event.esalsa.de\/ki-hochschule-25\/wp-content\/uploads\/sites\/17\/2024\/12\/vackground-com-agUC-v_D1iI-unsplash-scaled.jpg)\"><\/div><span aria-hidden=\"true\" class=\"wp-block-cover__background has-background-dim-0 has-background-dim\" style=\"background-color:#4d617e\"><\/span><div class=\"wp-block-cover__inner-container has-global-padding is-layout-constrained wp-block-cover-is-layout-constrained\">\n<div class=\"wp-block-group has-border-color has-base-border-color has-background has-global-padding is-layout-constrained wp-container-core-group-is-layout-24567ffd wp-block-group-is-layout-constrained\" style=\"border-width:1px;border-radius:11px;background-color:#4c607d42;padding-top:var(--wp--preset--spacing--40);padding-right:var(--wp--preset--spacing--40);padding-bottom:var(--wp--preset--spacing--40);padding-left:var(--wp--preset--spacing--40)\">\n<h1 class=\"wp-block-heading has-text-align-center\">Lehren &amp; Lernen mit KI \u2013 KI f\u00fcr den Hochschulalltag 2025<\/h1>\n\n\n\n<h3 class=\"wp-block-heading has-text-align-center\">Eine Online-Veranstaltungsreihe in <br>Zusammenarbeit mit dem Netzwerk der Landesinitiativen (NeL) und eSALSA<\/h3>\n\n\n\n<div class=\"wp-block-buttons is-content-justification-center is-layout-flex wp-container-core-buttons-is-layout-a89b3969 wp-block-buttons-is-layout-flex\">\n<div class=\"wp-block-button has-custom-width wp-block-button__width-50\"><a class=\"wp-block-button__link has-base-color has-text-color has-link-color wp-element-button\" href=\"https:\/\/event.esalsa.de\/ki-hochschule-25\/konto\/\" target=\"_blank\" rel=\"noreferrer noopener\">Zur Anmeldung<\/a><\/div>\n<\/div>\n\n\n\n<div class=\"wp-block-buttons is-content-justification-center is-layout-flex wp-container-core-buttons-is-layout-a89b3969 wp-block-buttons-is-layout-flex\">\n<div class=\"wp-block-button has-custom-width wp-block-button__width-50\"><a class=\"wp-block-button__link has-base-color has-text-color has-link-color wp-element-button\" href=\"https:\/\/event.esalsa.de\/ki-hochschule-25\/programm\/\" target=\"_blank\" rel=\"noreferrer noopener\">Zum Programm<\/a><\/div>\n<\/div>\n<\/div>\n<\/div><\/div>\n\n\n\n<div style=\"height:50px\" aria-hidden=\"true\" class=\"wp-block-spacer\"><\/div>\n\n\n\n\n\n\n\n\n<div class=\"ce-congressstate\">\n\n<p>Die Veranstaltung ist abgeschlossen. Vielen Dank an alle Teilnehmenden, Referierenden und Sponsor:Innen f\u00fcr ihre Beitr\u00e4ge und Unterst\u00fctzung. Gemeinsam haben wir wertvolle Einblicke gewonnen und Kontakte gekn\u00fcpft. Wir hoffen, die Veranstaltung war f\u00fcr Sie ebenso bereichernd wie f\u00fcr uns.&nbsp;<\/p>\n\n\n\n<p>F\u00fcr einen R\u00fcckblick und weitere Details besuchen Sie bitte unsere Veranstaltungsdokumentation<strong>.<\/strong> Bleiben Sie f\u00fcr Informationen \u00fcber zuk\u00fcnftige Events mit uns in Verbindung. Herzlichen Dank f\u00fcr Ihre Teilnahme!<\/p>\n\n<\/div>\n\n\n<div style=\"height:50px\" aria-hidden=\"true\" class=\"wp-block-spacer\"><\/div>\n","protected":false},"excerpt":{"rendered":"","protected":false},"author":5,"featured_media":0,"parent":0,"menu_order":0,"comment_status":"closed","ping_status":"closed","template":"","meta":{"_acf_changed":false,"footnotes":""},"class_list":["post-35","page","type-page","status-publish","hentry"],"acf":[],"_links":{"self":[{"href":"https:\/\/event.esalsa.de\/ki-hochschule-25\/wp-json\/wp\/v2\/pages\/35","targetHints":{"allow":["GET"]}}],"collection":[{"href":"https:\/\/event.esalsa.de\/ki-hochschule-25\/wp-json\/wp\/v2\/pages"}],"about":[{"href":"https:\/\/event.esalsa.de\/ki-hochschule-25\/wp-json\/wp\/v2\/types\/page"}],"author":[{"embeddable":true,"href":"https:\/\/event.esalsa.de\/ki-hochschule-25\/wp-json\/wp\/v2\/users\/5"}],"replies":[{"embeddable":true,"href":"https:\/\/event.esalsa.de\/ki-hochschule-25\/wp-json\/wp\/v2\/comments?post=35"}],"version-history":[{"count":25,"href":"https:\/\/event.esalsa.de\/ki-hochschule-25\/wp-json\/wp\/v2\/pages\/35\/revisions"}],"predecessor-version":[{"id":314,"href":"https:\/\/event.esalsa.de\/ki-hochschule-25\/wp-json\/wp\/v2\/pages\/35\/revisions\/314"}],"wp:attachment":[{"href":"https:\/\/event.esalsa.de\/ki-hochschule-25\/wp-json\/wp\/v2\/media?parent=35"}],"curies":[{"name":"wp","href":"https:\/\/api.w.org\/{rel}","templated":true}]}}