{"id":35,"date":"2024-02-20T10:10:27","date_gmt":"2024-02-20T09:10:27","guid":{"rendered":"https:\/\/event.esalsa.de\/jahrestagung25\/?page_id=35"},"modified":"2025-11-28T14:36:06","modified_gmt":"2025-11-28T13:36:06","slug":"titel-der-konferenz","status":"publish","type":"page","link":"https:\/\/event.esalsa.de\/jahrestagung25\/","title":{"rendered":""},"content":{"rendered":"\n<div class=\"wp-block-cover is-light\" style=\"border-radius:25px;padding-top:25px;padding-right:25px;padding-bottom:25px;padding-left:25px;min-height:610px;aspect-ratio:unset;\"><span aria-hidden=\"true\" class=\"wp-block-cover__background has-base-background-color has-background-dim-0 has-background-dim\"><\/span><div class=\"wp-block-cover__inner-container has-global-padding is-layout-constrained wp-container-core-cover-is-layout-81115059 wp-block-cover-is-layout-constrained\">\n<h1 class=\"wp-block-heading has-text-align-center\" style=\"font-size:clamp(37.821px, 2.364rem + ((1vw - 3.2px) * 3.438), 70px);font-style:normal;font-weight:1000\">Innovative Hochschulwelten<\/h1>\n\n\n\n<h2 class=\"wp-block-heading has-text-align-center\" style=\"font-style:normal;font-weight:100\">Digitalisierung f\u00fcr die Lehre aktiv gestalten!<br>Lernen. Adaptivit\u00e4t. KI.<br>Halle, 17.10.25, 10:00 \u2013 17:00 Uhr<\/h2>\n\n\n\n\n\n<div class=\"wp-block-buttons is-content-justification-center is-layout-flex wp-container-core-buttons-is-layout-a89b3969 wp-block-buttons-is-layout-flex\">\n<div class=\"wp-block-button has-custom-width wp-block-button__width-75\"><a class=\"wp-block-button__link has-contrast-color has-text-color has-link-color wp-element-button\" href=\"https:\/\/event.esalsa.de\/jahrestagung25\/programm\/\">Zum Programm<\/a><\/div>\n<\/div>\n<\/div><\/div>\n\n\n\n<div style=\"height:50px\" aria-hidden=\"true\" class=\"wp-block-spacer\"><\/div>\n\n\n\n\n\n\n<div class=\"ce-congressstate\">\n\n<p>Die Veranstaltung ist abgeschlossen. Vielen Dank an alle Teilnehmenden, Referierenden und Sponsor:Innen f\u00fcr ihre Beitr\u00e4ge und Unterst\u00fctzung. Gemeinsam haben wir wertvolle Einblicke gewonnen und Kontakte gekn\u00fcpft. Wir hoffen, die Veranstaltung war f\u00fcr Sie ebenso bereichernd wie f\u00fcr uns.&nbsp;<\/p>\n\n\n\n<p>Bleiben Sie f\u00fcr Informationen \u00fcber zuk\u00fcnftige Events mit uns in Verbindung. Herzlichen Dank f\u00fcr Ihre Teilnahme!<\/p>\n\n<\/div>\n\n\n<div style=\"height:100px\" aria-hidden=\"true\" class=\"wp-block-spacer\"><\/div>\n","protected":false},"excerpt":{"rendered":"","protected":false},"author":5,"featured_media":0,"parent":0,"menu_order":0,"comment_status":"closed","ping_status":"closed","template":"","meta":{"_acf_changed":false,"footnotes":""},"class_list":["post-35","page","type-page","status-publish","hentry"],"acf":[],"_links":{"self":[{"href":"https:\/\/event.esalsa.de\/jahrestagung25\/wp-json\/wp\/v2\/pages\/35","targetHints":{"allow":["GET"]}}],"collection":[{"href":"https:\/\/event.esalsa.de\/jahrestagung25\/wp-json\/wp\/v2\/pages"}],"about":[{"href":"https:\/\/event.esalsa.de\/jahrestagung25\/wp-json\/wp\/v2\/types\/page"}],"author":[{"embeddable":true,"href":"https:\/\/event.esalsa.de\/jahrestagung25\/wp-json\/wp\/v2\/users\/5"}],"replies":[{"embeddable":true,"href":"https:\/\/event.esalsa.de\/jahrestagung25\/wp-json\/wp\/v2\/comments?post=35"}],"version-history":[{"count":74,"href":"https:\/\/event.esalsa.de\/jahrestagung25\/wp-json\/wp\/v2\/pages\/35\/revisions"}],"predecessor-version":[{"id":471,"href":"https:\/\/event.esalsa.de\/jahrestagung25\/wp-json\/wp\/v2\/pages\/35\/revisions\/471"}],"wp:attachment":[{"href":"https:\/\/event.esalsa.de\/jahrestagung25\/wp-json\/wp\/v2\/media?parent=35"}],"curies":[{"name":"wp","href":"https:\/\/api.w.org\/{rel}","templated":true}]}}