{"id":335,"date":"2025-08-20T15:16:02","date_gmt":"2025-08-20T13:16:02","guid":{"rendered":"https:\/\/event.esalsa.de\/jahrestagung25\/?page_id=335"},"modified":"2025-10-09T10:13:35","modified_gmt":"2025-10-09T08:13:35","slug":"anreise","status":"publish","type":"page","link":"https:\/\/event.esalsa.de\/jahrestagung25\/anreise\/","title":{"rendered":"Anreise"},"content":{"rendered":"\n<p><strong>Mitteldeutsches Multimediazentrum (MMZ)<br><a href=\"https:\/\/www.google.com\/maps\/place\/\/data=!4m2!3m1!1s0x47a6634d2b12f969:0xe3e6a18281a3ac2b?sa=X&amp;ved=1t:8290&amp;ictx=111\">Mansfelder Str. 56<\/a><br><a href=\"https:\/\/www.google.com\/maps\/place\/\/data=!4m2!3m1!1s0x47a6634d2b12f969:0xe3e6a18281a3ac2b?sa=X&amp;ved=1t:8290&amp;ictx=111\">06108 Halle (Saale)<\/a><\/strong><\/p>\n\n\n\n<div class=\"wp-block-columns is-layout-flex wp-container-core-columns-is-layout-28f84493 wp-block-columns-is-layout-flex\">\n<div class=\"wp-block-column is-layout-flow wp-block-column-is-layout-flow\" style=\"flex-basis:66.66%\">\n<p class=\"has-text-align-left\"><strong>Anreise mit der Stra\u00dfenbahn<\/strong> <strong>vom Hauptbahnhof<\/strong><br>Das Mitteldeutsche Multimediazentrum (MMZ) ist in ca. 13 Minuten vom Hauptbahnhof zu erreichen.<br>Bitte l\u00f6sen Sie f\u00fcr die Fahrt eine Einzelfahrkarte f\u00fcr die Tarifzone Halle (Zone 210).<br><br>Direkte Verbindungen haben Sie mit den <strong>Linien 2<\/strong> (Richtung Soltauer Stra\u00dfe) und <strong>5<\/strong> (Richtung Kr\u00f6llwitz).<br><br>Bitte steigen Sie an der <strong>Haltestelle &#8222;Ankerstra\u00dfe&#8220;<\/strong> aus und gehen Sie weiter <strong>geradeaus<\/strong> in die Richtung, in die die Stra\u00dfenbahn weiterf\u00e4hrt. An der <strong>n\u00e4chsten Kreuzung<\/strong> befindet sich das Mitteldeutsche Multimediazentrum.<\/p>\n<\/div>\n\n\n\n<div class=\"wp-block-column is-layout-flow wp-block-column-is-layout-flow\" style=\"flex-basis:33.33%\"><\/div>\n<\/div>\n\n\n\n<p><\/p>\n\n\n\n<p><strong>Anreise mit dem Auto<\/strong><\/p>\n\n\n<p><iframe src=\"https:\/\/www.google.com\/maps\/embed?pb=!1m18!1m12!1m3!1d1242.345256517317!2d11.961052649227302!3d51.48219487340263!2m3!1f0!2f0!3f0!3m2!1i1024!2i768!4f13.1!3m3!1m2!1s0x47a6634d2b12f969%3A0xe3e6a18281a3ac2b!2sMitteldeutsches%20Multimediazentrum%20Halle%20GmbH!5e0!3m2!1sde!2sde!4v1755695587485!5m2!1sde!2sde\" width=\"600\" height=\"450\" style=\"border:0;\" allowfullscreen=\"\" loading=\"lazy\" referrerpolicy=\"no-referrer-when-downgrade\"><\/iframe><\/p>\n\n\n\n<p>Vor Ort stehen nur wenige Parkpl\u00e4tze zur Verf\u00fcgung. Wir empfehlen daher die Nutzung des Parkhauses. Die Parkgeb\u00fchren betragen 1,50 \u20ac f\u00fcr die erste Stunde und 1,00 \u20ac f\u00fcr jede weitere Stunde. <\/p>\n\n\n<p><iframe src=\"https:\/\/www.google.com\/maps\/embed?pb=!1m18!1m12!1m3!1d2484.6871601464763!2d11.958994475797608!3d51.482256412540934!2m3!1f0!2f0!3f0!3m2!1i1024!2i768!4f13.1!3m3!1m2!1s0x47a6630011b862e3%3A0x2cb575d54a07e2c7!2sMultimediazentrum%20Tiefgarage!5e0!3m2!1sde!2sde!4v1759997573234!5m2!1sde!2sde\" width=\"600\" height=\"450\" style=\"border:0;\" allowfullscreen=\"\" loading=\"lazy\" referrerpolicy=\"no-referrer-when-downgrade\"><\/iframe><\/p>\n","protected":false},"excerpt":{"rendered":"<p>Mitteldeutsches Multimediazentrum (MMZ)Mansfelder Str. 5606108 Halle (Saale) Anreise mit der Stra\u00dfenbahn vom HauptbahnhofDas Mitteldeutsche Multimediazentrum (MMZ) ist in ca. 13 Minuten vom Hauptbahnhof zu erreichen.Bitte l\u00f6sen Sie f\u00fcr die Fahrt eine Einzelfahrkarte f\u00fcr die Tarifzone Halle (Zone 210). Direkte Verbindungen haben Sie mit den Linien 2 (Richtung Soltauer Stra\u00dfe) und 5 (Richtung Kr\u00f6llwitz). Bitte steigen [&hellip;]<\/p>\n","protected":false},"author":7,"featured_media":0,"parent":0,"menu_order":0,"comment_status":"closed","ping_status":"closed","template":"","meta":{"_acf_changed":false,"footnotes":""},"class_list":["post-335","page","type-page","status-publish","hentry"],"acf":[],"_links":{"self":[{"href":"https:\/\/event.esalsa.de\/jahrestagung25\/wp-json\/wp\/v2\/pages\/335","targetHints":{"allow":["GET"]}}],"collection":[{"href":"https:\/\/event.esalsa.de\/jahrestagung25\/wp-json\/wp\/v2\/pages"}],"about":[{"href":"https:\/\/event.esalsa.de\/jahrestagung25\/wp-json\/wp\/v2\/types\/page"}],"author":[{"embeddable":true,"href":"https:\/\/event.esalsa.de\/jahrestagung25\/wp-json\/wp\/v2\/users\/7"}],"replies":[{"embeddable":true,"href":"https:\/\/event.esalsa.de\/jahrestagung25\/wp-json\/wp\/v2\/comments?post=335"}],"version-history":[{"count":12,"href":"https:\/\/event.esalsa.de\/jahrestagung25\/wp-json\/wp\/v2\/pages\/335\/revisions"}],"predecessor-version":[{"id":403,"href":"https:\/\/event.esalsa.de\/jahrestagung25\/wp-json\/wp\/v2\/pages\/335\/revisions\/403"}],"wp:attachment":[{"href":"https:\/\/event.esalsa.de\/jahrestagung25\/wp-json\/wp\/v2\/media?parent=335"}],"curies":[{"name":"wp","href":"https:\/\/api.w.org\/{rel}","templated":true}]}}