{"id":29,"date":"2024-02-20T10:08:49","date_gmt":"2024-02-20T09:08:49","guid":{"rendered":"https:\/\/event.esalsa.de\/jahrestagung25\/?page_id=29"},"modified":"2024-03-26T12:19:39","modified_gmt":"2024-03-26T11:19:39","slug":"rednerinnen","status":"publish","type":"page","link":"https:\/\/event.esalsa.de\/jahrestagung25\/rednerinnen\/","title":{"rendered":"Redner*innen"},"content":{"rendered":"<h2 class=\"wp-block-heading\">Redner*innen<\/h2><div class=\"container ce-speakergrid\">\n\n\n\n<article class=\"llzlobby-speaker\" itemscope itemtype=\"https:\/\/schema.org\/Event\">\n  <div class=\"llzlobby-speaker-wrapper__image\">\n    <img loading=\"lazy\" decoding=\"async\" width=\"420\" height=\"285\" src=\"https:\/\/event.esalsa.de\/jahrestagung25\/wp-content\/uploads\/sites\/63\/2025\/08\/Bekcer.jpg\" class=\"llzlobby-speaker__image\" alt=\"\" srcset=\"https:\/\/event.esalsa.de\/jahrestagung25\/wp-content\/uploads\/sites\/63\/2025\/08\/Bekcer.jpg 420w, https:\/\/event.esalsa.de\/jahrestagung25\/wp-content\/uploads\/sites\/63\/2025\/08\/Bekcer-300x204.jpg 300w\" sizes=\"auto, (max-width: 420px) 100vw, 420px\" \/>  <\/div>\n  <h3 class=\"llzlobby-speaker__title\" itemprop=\"name\">\n    <a itemprop=\"url\" href=\"https:\/\/event.esalsa.de\/jahrestagung25\/speaker\/prof-dr-claudia-becker\/\" target=\"_self\" class=\"stretched-link\">Rektorin Prof. Dr. Claudia Becker<\/a>\n  <\/h3>\n  <p class=\"llzlobby-speaker__description\" itemprop=\"description\">Prof. Dr. Claudia Becker ist Professorin f\u00fcr Statistik am Wirtschaftswissenschaftlichen Bereich. 2022 wurde sie durch die Mitglieder des Akademischen Senats&#8230;<\/p>\n  <div class=\"llzlobby-event-wrapper__more\">\n  <a itemprop=\"url\" href=\"https:\/\/event.esalsa.de\/jahrestagung25\/speaker\/prof-dr-claudia-becker\/\" target=\"_self\" class=\"button--more stretched-link\">\n    <span>Mehr erfahren >><\/span>\n  <\/a>                                  \n  <\/div>\n<\/article>\n\n\n\n<article class=\"llzlobby-speaker\" itemscope itemtype=\"https:\/\/schema.org\/Event\">\n  <div class=\"llzlobby-speaker-wrapper__image\">\n    <img loading=\"lazy\" decoding=\"async\" width=\"730\" height=\"667\" src=\"https:\/\/event.esalsa.de\/jahrestagung25\/wp-content\/uploads\/sites\/63\/2025\/08\/Pirnay-Dummer-e1756297241140.jpg\" class=\"llzlobby-speaker__image\" alt=\"\" srcset=\"https:\/\/event.esalsa.de\/jahrestagung25\/wp-content\/uploads\/sites\/63\/2025\/08\/Pirnay-Dummer-e1756297241140.jpg 730w, https:\/\/event.esalsa.de\/jahrestagung25\/wp-content\/uploads\/sites\/63\/2025\/08\/Pirnay-Dummer-e1756297241140-300x274.jpg 300w\" sizes=\"auto, (max-width: 730px) 100vw, 730px\" \/>  <\/div>\n  <h3 class=\"llzlobby-speaker__title\" itemprop=\"name\">\n    <a itemprop=\"url\" href=\"https:\/\/event.esalsa.de\/jahrestagung25\/speaker\/prof-dr-pablo-pirnay-dummer\/\" target=\"_self\" class=\"stretched-link\">Prof. Dr. Pablo Pirnay-Dummer (Prorektor S+L)<\/a>\n  <\/h3>\n  <p class=\"llzlobby-speaker__description\" itemprop=\"description\">Prof. Dr. Pirnay-Dummer ist Prorektor f\u00fcr Studium und Lehre sowie Leiter des Arbeitsbereichs P\u00e4dagogische Psychologie an der Philosophischen Fakult\u00e4t III&#8230;<\/p>\n  <div class=\"llzlobby-event-wrapper__more\">\n  <a itemprop=\"url\" href=\"https:\/\/event.esalsa.de\/jahrestagung25\/speaker\/prof-dr-pablo-pirnay-dummer\/\" target=\"_self\" class=\"button--more stretched-link\">\n    <span>Mehr erfahren >><\/span>\n  <\/a>                                  \n  <\/div>\n<\/article>\n\n\n\n<article class=\"llzlobby-speaker\" itemscope itemtype=\"https:\/\/schema.org\/Event\">\n  <div class=\"llzlobby-speaker-wrapper__image\">\n    <img loading=\"lazy\" decoding=\"async\" width=\"239\" height=\"219\" src=\"https:\/\/event.esalsa.de\/jahrestagung25\/wp-content\/uploads\/sites\/63\/2025\/10\/Schubert-e1761229010536.jpg\" class=\"llzlobby-speaker__image\" alt=\"\" \/>  <\/div>\n  <h3 class=\"llzlobby-speaker__title\" itemprop=\"name\">\n    <a itemprop=\"url\" href=\"https:\/\/event.esalsa.de\/jahrestagung25\/speaker\/prof-dr-torsten-schubert\/\" target=\"_self\" class=\"stretched-link\">Prof. Dr. Torsten Schubert<\/a>\n  <\/h3>\n  <p class=\"llzlobby-speaker__description\" itemprop=\"description\">Prof. Dr. Torsten Schubert ist Leiter des Projekts eSALSA und gesch\u00e4ftsf\u00fchrender Direktor des Zentrums f\u00fcr multimediales Lehren und Lernen (LLZ)&#8230;<\/p>\n  <div class=\"llzlobby-event-wrapper__more\">\n  <a itemprop=\"url\" href=\"https:\/\/event.esalsa.de\/jahrestagung25\/speaker\/prof-dr-torsten-schubert\/\" target=\"_self\" class=\"button--more stretched-link\">\n    <span>Mehr erfahren >><\/span>\n  <\/a>                                  \n  <\/div>\n<\/article>\n\n\n\n<article class=\"llzlobby-speaker\" itemscope itemtype=\"https:\/\/schema.org\/Event\">\n  <div class=\"llzlobby-speaker-wrapper__image\">\n    <img loading=\"lazy\" decoding=\"async\" width=\"1583\" height=\"1267\" src=\"https:\/\/event.esalsa.de\/jahrestagung25\/wp-content\/uploads\/sites\/63\/2025\/08\/Wannemacher.webp\" class=\"llzlobby-speaker__image\" alt=\"\" srcset=\"https:\/\/event.esalsa.de\/jahrestagung25\/wp-content\/uploads\/sites\/63\/2025\/08\/Wannemacher.webp 1583w, https:\/\/event.esalsa.de\/jahrestagung25\/wp-content\/uploads\/sites\/63\/2025\/08\/Wannemacher-300x240.webp 300w, https:\/\/event.esalsa.de\/jahrestagung25\/wp-content\/uploads\/sites\/63\/2025\/08\/Wannemacher-1024x820.webp 1024w, https:\/\/event.esalsa.de\/jahrestagung25\/wp-content\/uploads\/sites\/63\/2025\/08\/Wannemacher-768x615.webp 768w, https:\/\/event.esalsa.de\/jahrestagung25\/wp-content\/uploads\/sites\/63\/2025\/08\/Wannemacher-1536x1229.webp 1536w\" sizes=\"auto, (max-width: 1583px) 100vw, 1583px\" \/>  <\/div>\n  <h3 class=\"llzlobby-speaker__title\" itemprop=\"name\">\n    <a itemprop=\"url\" href=\"https:\/\/event.esalsa.de\/jahrestagung25\/speaker\/dr-klaus-wannemacher\/\" target=\"_self\" class=\"stretched-link\">Dr. Klaus Wannemacher<\/a>\n  <\/h3>\n  <p class=\"llzlobby-speaker__description\" itemprop=\"description\">Dr. Klaus Wannemacher ist Projektleiter im Gesch\u00e4ftsbereich Hochschulmanagement des HIS-Instituts f\u00fcr Hochschulentwicklung (HIS-HE). Als Organisationsberater unterst\u00fctzt er Hochschulen, au\u00dferuniversit\u00e4re Forschungseinrichtungen&#8230;<\/p>\n  <div class=\"llzlobby-event-wrapper__more\">\n  <a itemprop=\"url\" href=\"https:\/\/event.esalsa.de\/jahrestagung25\/speaker\/dr-klaus-wannemacher\/\" target=\"_self\" class=\"button--more stretched-link\">\n    <span>Mehr erfahren >><\/span>\n  <\/a>                                  \n  <\/div>\n<\/article>\n\n\n\n<article class=\"llzlobby-speaker\" itemscope itemtype=\"https:\/\/schema.org\/Event\">\n  <div class=\"llzlobby-speaker-wrapper__image\">\n    <img loading=\"lazy\" decoding=\"async\" width=\"600\" height=\"467\" src=\"https:\/\/event.esalsa.de\/jahrestagung25\/wp-content\/uploads\/sites\/63\/2025\/08\/Hochschule_Magdeburg-Stendal_Prof._Dr._von_Enzberg.jpg\" class=\"llzlobby-speaker__image\" alt=\"\" srcset=\"https:\/\/event.esalsa.de\/jahrestagung25\/wp-content\/uploads\/sites\/63\/2025\/08\/Hochschule_Magdeburg-Stendal_Prof._Dr._von_Enzberg.jpg 600w, https:\/\/event.esalsa.de\/jahrestagung25\/wp-content\/uploads\/sites\/63\/2025\/08\/Hochschule_Magdeburg-Stendal_Prof._Dr._von_Enzberg-300x234.jpg 300w\" sizes=\"auto, (max-width: 600px) 100vw, 600px\" \/>  <\/div>\n  <h3 class=\"llzlobby-speaker__title\" itemprop=\"name\">\n    <a itemprop=\"url\" href=\"https:\/\/event.esalsa.de\/jahrestagung25\/speaker\/projekt-zakki\/\" target=\"_self\" class=\"stretched-link\">Prof. Dr.-Ing Sebastian von Enzberg<\/a>\n  <\/h3>\n  <p class=\"llzlobby-speaker__description\" itemprop=\"description\">Prof. Dr. Sebastian von Enzberg ist seit 2023 Professor f\u00fcr K\u00fcnstliche Intelligenz und Technische Informatik, sowie FB Ingenieurwesen und Industriedesign&#8230;<\/p>\n  <div class=\"llzlobby-event-wrapper__more\">\n  <a itemprop=\"url\" href=\"https:\/\/event.esalsa.de\/jahrestagung25\/speaker\/projekt-zakki\/\" target=\"_self\" class=\"button--more stretched-link\">\n    <span>Mehr erfahren >><\/span>\n  <\/a>                                  \n  <\/div>\n<\/article>\n\n\n\n<article class=\"llzlobby-speaker\" itemscope itemtype=\"https:\/\/schema.org\/Event\">\n  <div class=\"llzlobby-speaker-wrapper__image\">\n    <img loading=\"lazy\" decoding=\"async\" width=\"450\" height=\"454\" src=\"https:\/\/event.esalsa.de\/jahrestagung25\/wp-content\/uploads\/sites\/63\/2025\/08\/Stoelzer-e1755592917910.jpg\" class=\"llzlobby-speaker__image\" alt=\"\" srcset=\"https:\/\/event.esalsa.de\/jahrestagung25\/wp-content\/uploads\/sites\/63\/2025\/08\/Stoelzer-e1755592917910.jpg 450w, https:\/\/event.esalsa.de\/jahrestagung25\/wp-content\/uploads\/sites\/63\/2025\/08\/Stoelzer-e1755592917910-297x300.jpg 297w, https:\/\/event.esalsa.de\/jahrestagung25\/wp-content\/uploads\/sites\/63\/2025\/08\/Stoelzer-e1755592917910-150x150.jpg 150w\" sizes=\"auto, (max-width: 450px) 100vw, 450px\" \/>  <\/div>\n  <h3 class=\"llzlobby-speaker__title\" itemprop=\"name\">\n    <a itemprop=\"url\" href=\"https:\/\/event.esalsa.de\/jahrestagung25\/speaker\/dr-stoelzer\/\" target=\"_self\" class=\"stretched-link\">Dr. Mathias St\u00f6lzer<\/a>\n  <\/h3>\n  <p class=\"llzlobby-speaker__description\" itemprop=\"description\"><\/p>\n  <div class=\"llzlobby-event-wrapper__more\">\n  <a itemprop=\"url\" href=\"https:\/\/event.esalsa.de\/jahrestagung25\/speaker\/dr-stoelzer\/\" target=\"_self\" class=\"button--more stretched-link\">\n    <span>Mehr erfahren >><\/span>\n  <\/a>                                  \n  <\/div>\n<\/article>\n\n\n\n<article class=\"llzlobby-speaker\" itemscope itemtype=\"https:\/\/schema.org\/Event\">\n  <div class=\"llzlobby-speaker-wrapper__image\">\n    <img loading=\"lazy\" decoding=\"async\" width=\"1281\" height=\"1280\" src=\"https:\/\/event.esalsa.de\/jahrestagung25\/wp-content\/uploads\/sites\/63\/2025\/10\/1308133-Low-Quality-e1693315867349-edited.jpg\" class=\"llzlobby-speaker__image\" alt=\"\" srcset=\"https:\/\/event.esalsa.de\/jahrestagung25\/wp-content\/uploads\/sites\/63\/2025\/10\/1308133-Low-Quality-e1693315867349-edited.jpg 1281w, https:\/\/event.esalsa.de\/jahrestagung25\/wp-content\/uploads\/sites\/63\/2025\/10\/1308133-Low-Quality-e1693315867349-edited-300x300.jpg 300w, https:\/\/event.esalsa.de\/jahrestagung25\/wp-content\/uploads\/sites\/63\/2025\/10\/1308133-Low-Quality-e1693315867349-edited-1024x1024.jpg 1024w, https:\/\/event.esalsa.de\/jahrestagung25\/wp-content\/uploads\/sites\/63\/2025\/10\/1308133-Low-Quality-e1693315867349-edited-150x150.jpg 150w, https:\/\/event.esalsa.de\/jahrestagung25\/wp-content\/uploads\/sites\/63\/2025\/10\/1308133-Low-Quality-e1693315867349-edited-768x767.jpg 768w\" sizes=\"auto, (max-width: 1281px) 100vw, 1281px\" \/>  <\/div>\n  <h3 class=\"llzlobby-speaker__title\" itemprop=\"name\">\n    <a itemprop=\"url\" href=\"https:\/\/event.esalsa.de\/jahrestagung25\/speaker\/dr-thomas-koehler\/\" target=\"_self\" class=\"stretched-link\">Dr. Thomas K\u00f6hler<\/a>\n  <\/h3>\n  <p class=\"llzlobby-speaker__description\" itemprop=\"description\">Dr. Thomas K\u00f6hler ist Projektkoordinator des Projektes eSALSA, Martin-Luther-Universit\u00e4t Halle-Wittenberg<\/p>\n  <div class=\"llzlobby-event-wrapper__more\">\n  <a itemprop=\"url\" href=\"https:\/\/event.esalsa.de\/jahrestagung25\/speaker\/dr-thomas-koehler\/\" target=\"_self\" class=\"button--more stretched-link\">\n    <span>Mehr erfahren >><\/span>\n  <\/a>                                  \n  <\/div>\n<\/article>\n\n\n\n<article class=\"llzlobby-speaker\" itemscope itemtype=\"https:\/\/schema.org\/Event\">\n  <div class=\"llzlobby-speaker-wrapper__image\">\n    <img loading=\"lazy\" decoding=\"async\" width=\"554\" height=\"554\" src=\"https:\/\/event.esalsa.de\/jahrestagung25\/wp-content\/uploads\/sites\/63\/2025\/08\/Leschke.jpg\" class=\"llzlobby-speaker__image\" alt=\"\" srcset=\"https:\/\/event.esalsa.de\/jahrestagung25\/wp-content\/uploads\/sites\/63\/2025\/08\/Leschke.jpg 554w, https:\/\/event.esalsa.de\/jahrestagung25\/wp-content\/uploads\/sites\/63\/2025\/08\/Leschke-300x300.jpg 300w, https:\/\/event.esalsa.de\/jahrestagung25\/wp-content\/uploads\/sites\/63\/2025\/08\/Leschke-150x150.jpg 150w\" sizes=\"auto, (max-width: 554px) 100vw, 554px\" \/>  <\/div>\n  <h3 class=\"llzlobby-speaker__title\" itemprop=\"name\">\n    <a itemprop=\"url\" href=\"https:\/\/event.esalsa.de\/jahrestagung25\/speaker\/jonas-leschke\/\" target=\"_self\" class=\"stretched-link\">Jonas Leschke<\/a>\n  <\/h3>\n  <p class=\"llzlobby-speaker__description\" itemprop=\"description\">Jonas Leschke leitet die Stabsstelle f\u00fcr Strategische Lehrprojekte am ZfW.Nach seinen Studium hat er an der Stabsstelle \u201eBildungsinnovationen und Hochschuldidaktik\u201c&#8230;<\/p>\n  <div class=\"llzlobby-event-wrapper__more\">\n  <a itemprop=\"url\" href=\"https:\/\/event.esalsa.de\/jahrestagung25\/speaker\/jonas-leschke\/\" target=\"_self\" class=\"button--more stretched-link\">\n    <span>Mehr erfahren >><\/span>\n  <\/a>                                  \n  <\/div>\n<\/article>\n\n\n\n<article class=\"llzlobby-speaker\" itemscope itemtype=\"https:\/\/schema.org\/Event\">\n  <div class=\"llzlobby-speaker-wrapper__image\">\n    <img loading=\"lazy\" decoding=\"async\" width=\"401\" height=\"385\" src=\"https:\/\/event.esalsa.de\/jahrestagung25\/wp-content\/uploads\/sites\/63\/2025\/08\/jochim-e1754988399500.jpg\" class=\"llzlobby-speaker__image\" alt=\"\" srcset=\"https:\/\/event.esalsa.de\/jahrestagung25\/wp-content\/uploads\/sites\/63\/2025\/08\/jochim-e1754988399500.jpg 401w, https:\/\/event.esalsa.de\/jahrestagung25\/wp-content\/uploads\/sites\/63\/2025\/08\/jochim-e1754988399500-300x288.jpg 300w\" sizes=\"auto, (max-width: 401px) 100vw, 401px\" \/>  <\/div>\n  <h3 class=\"llzlobby-speaker__title\" itemprop=\"name\">\n    <a itemprop=\"url\" href=\"https:\/\/event.esalsa.de\/jahrestagung25\/speaker\/julia-jochim\/\" target=\"_self\" class=\"stretched-link\">Julia Jochim<\/a>\n  <\/h3>\n  <p class=\"llzlobby-speaker__description\" itemprop=\"description\">Julia Jochim ist Teamleiterin Digitale Lehre und KI bei Euro-FH Europ\u00e4ische Fernhochschule Hamburg und Doktorandin an der Leuphana L\u00fcneburg.<\/p>\n  <div class=\"llzlobby-event-wrapper__more\">\n  <a itemprop=\"url\" href=\"https:\/\/event.esalsa.de\/jahrestagung25\/speaker\/julia-jochim\/\" target=\"_self\" class=\"button--more stretched-link\">\n    <span>Mehr erfahren >><\/span>\n  <\/a>                                  \n  <\/div>\n<\/article>\n\n\n\n<article class=\"llzlobby-speaker\" itemscope itemtype=\"https:\/\/schema.org\/Event\">\n  <div class=\"llzlobby-speaker-wrapper__image\">\n    <img loading=\"lazy\" decoding=\"async\" width=\"800\" height=\"800\" src=\"https:\/\/event.esalsa.de\/jahrestagung25\/wp-content\/uploads\/sites\/63\/2025\/09\/Deinert.jpg\" class=\"llzlobby-speaker__image\" alt=\"\" srcset=\"https:\/\/event.esalsa.de\/jahrestagung25\/wp-content\/uploads\/sites\/63\/2025\/09\/Deinert.jpg 800w, https:\/\/event.esalsa.de\/jahrestagung25\/wp-content\/uploads\/sites\/63\/2025\/09\/Deinert-300x300.jpg 300w, https:\/\/event.esalsa.de\/jahrestagung25\/wp-content\/uploads\/sites\/63\/2025\/09\/Deinert-150x150.jpg 150w, https:\/\/event.esalsa.de\/jahrestagung25\/wp-content\/uploads\/sites\/63\/2025\/09\/Deinert-768x768.jpg 768w\" sizes=\"auto, (max-width: 800px) 100vw, 800px\" \/>  <\/div>\n  <h3 class=\"llzlobby-speaker__title\" itemprop=\"name\">\n    <a itemprop=\"url\" href=\"https:\/\/event.esalsa.de\/jahrestagung25\/speaker\/christin-deinert\/\" target=\"_self\" class=\"stretched-link\">Christin Deinert<\/a>\n  <\/h3>\n  <p class=\"llzlobby-speaker__description\" itemprop=\"description\">Christin Deinert ist wissenschaftliche Mitarbeiterin an der Hochschule Magdeburg-Stendal im Projekt eSALSA mit dem Schwerpunkt E-Pr\u00fcfungen.<\/p>\n  <div class=\"llzlobby-event-wrapper__more\">\n  <a itemprop=\"url\" href=\"https:\/\/event.esalsa.de\/jahrestagung25\/speaker\/christin-deinert\/\" target=\"_self\" class=\"button--more stretched-link\">\n    <span>Mehr erfahren >><\/span>\n  <\/a>                                  \n  <\/div>\n<\/article>\n\n\n\n<article class=\"llzlobby-speaker\" itemscope itemtype=\"https:\/\/schema.org\/Event\">\n  <div class=\"llzlobby-speaker-wrapper__image\">\n    <img loading=\"lazy\" decoding=\"async\" width=\"800\" height=\"800\" src=\"https:\/\/event.esalsa.de\/jahrestagung25\/wp-content\/uploads\/sites\/63\/2025\/09\/Wagner.jpg\" class=\"llzlobby-speaker__image\" alt=\"\" srcset=\"https:\/\/event.esalsa.de\/jahrestagung25\/wp-content\/uploads\/sites\/63\/2025\/09\/Wagner.jpg 800w, https:\/\/event.esalsa.de\/jahrestagung25\/wp-content\/uploads\/sites\/63\/2025\/09\/Wagner-300x300.jpg 300w, https:\/\/event.esalsa.de\/jahrestagung25\/wp-content\/uploads\/sites\/63\/2025\/09\/Wagner-150x150.jpg 150w, https:\/\/event.esalsa.de\/jahrestagung25\/wp-content\/uploads\/sites\/63\/2025\/09\/Wagner-768x768.jpg 768w\" sizes=\"auto, (max-width: 800px) 100vw, 800px\" \/>  <\/div>\n  <h3 class=\"llzlobby-speaker__title\" itemprop=\"name\">\n    <a itemprop=\"url\" href=\"https:\/\/event.esalsa.de\/jahrestagung25\/speaker\/xervenia-wagner\/\" target=\"_self\" class=\"stretched-link\">Xervenia Wagner<\/a>\n  <\/h3>\n  <p class=\"llzlobby-speaker__description\" itemprop=\"description\">Xervenia Wagner\u00a0ist wissenschaftliche Mitarbeiterin an der Hochschule Magdeburg-Stendal im Projekt eSALSA mit dem Schwerpunkt Hybride Lehre.<\/p>\n  <div class=\"llzlobby-event-wrapper__more\">\n  <a itemprop=\"url\" href=\"https:\/\/event.esalsa.de\/jahrestagung25\/speaker\/xervenia-wagner\/\" target=\"_self\" class=\"button--more stretched-link\">\n    <span>Mehr erfahren >><\/span>\n  <\/a>                                  \n  <\/div>\n<\/article>\n\n\n\n<article class=\"llzlobby-speaker\" itemscope itemtype=\"https:\/\/schema.org\/Event\">\n  <div class=\"llzlobby-speaker-wrapper__image\">\n    <img loading=\"lazy\" decoding=\"async\" width=\"800\" height=\"800\" src=\"https:\/\/event.esalsa.de\/jahrestagung25\/wp-content\/uploads\/sites\/63\/2025\/09\/Wegmeyer.png\" class=\"llzlobby-speaker__image\" alt=\"\" srcset=\"https:\/\/event.esalsa.de\/jahrestagung25\/wp-content\/uploads\/sites\/63\/2025\/09\/Wegmeyer.png 800w, https:\/\/event.esalsa.de\/jahrestagung25\/wp-content\/uploads\/sites\/63\/2025\/09\/Wegmeyer-300x300.png 300w, https:\/\/event.esalsa.de\/jahrestagung25\/wp-content\/uploads\/sites\/63\/2025\/09\/Wegmeyer-150x150.png 150w, https:\/\/event.esalsa.de\/jahrestagung25\/wp-content\/uploads\/sites\/63\/2025\/09\/Wegmeyer-768x768.png 768w\" sizes=\"auto, (max-width: 800px) 100vw, 800px\" \/>  <\/div>\n  <h3 class=\"llzlobby-speaker__title\" itemprop=\"name\">\n    <a itemprop=\"url\" href=\"https:\/\/event.esalsa.de\/jahrestagung25\/speaker\/nadine-wegmeyer\/\" target=\"_self\" class=\"stretched-link\">Nadine Wegmeyer<\/a>\n  <\/h3>\n  <p class=\"llzlobby-speaker__description\" itemprop=\"description\">Nadine Wegmeyer ist\u00a0wissenschaftliche Mitarbeiterin an der Hochschule Magdeburg-Stendal im Projekt eSALSA mit dem Schwerpunkt Online-Weiterbildung.<\/p>\n  <div class=\"llzlobby-event-wrapper__more\">\n  <a itemprop=\"url\" href=\"https:\/\/event.esalsa.de\/jahrestagung25\/speaker\/nadine-wegmeyer\/\" target=\"_self\" class=\"button--more stretched-link\">\n    <span>Mehr erfahren >><\/span>\n  <\/a>                                  \n  <\/div>\n<\/article>\n\n\n\n<article class=\"llzlobby-speaker\" itemscope itemtype=\"https:\/\/schema.org\/Event\">\n  <div class=\"llzlobby-speaker-wrapper__image\">\n    <img loading=\"lazy\" decoding=\"async\" width=\"800\" height=\"800\" src=\"https:\/\/event.esalsa.de\/jahrestagung25\/wp-content\/uploads\/sites\/63\/2025\/10\/Hilberer.jpg\" class=\"llzlobby-speaker__image\" alt=\"\" srcset=\"https:\/\/event.esalsa.de\/jahrestagung25\/wp-content\/uploads\/sites\/63\/2025\/10\/Hilberer.jpg 800w, https:\/\/event.esalsa.de\/jahrestagung25\/wp-content\/uploads\/sites\/63\/2025\/10\/Hilberer-300x300.jpg 300w, https:\/\/event.esalsa.de\/jahrestagung25\/wp-content\/uploads\/sites\/63\/2025\/10\/Hilberer-150x150.jpg 150w, https:\/\/event.esalsa.de\/jahrestagung25\/wp-content\/uploads\/sites\/63\/2025\/10\/Hilberer-768x768.jpg 768w\" sizes=\"auto, (max-width: 800px) 100vw, 800px\" \/>  <\/div>\n  <h3 class=\"llzlobby-speaker__title\" itemprop=\"name\">\n    <a itemprop=\"url\" href=\"https:\/\/event.esalsa.de\/jahrestagung25\/speaker\/marie-luise-hilberer\/\" target=\"_self\" class=\"stretched-link\">Marie-Luise Hilberer<\/a>\n  <\/h3>\n  <p class=\"llzlobby-speaker__description\" itemprop=\"description\">Mitarbeiterin im Projekt eSALSA, Burg Giebichenstein Kunsthochschule Halle<\/p>\n  <div class=\"llzlobby-event-wrapper__more\">\n  <a itemprop=\"url\" href=\"https:\/\/event.esalsa.de\/jahrestagung25\/speaker\/marie-luise-hilberer\/\" target=\"_self\" class=\"button--more stretched-link\">\n    <span>Mehr erfahren >><\/span>\n  <\/a>                                  \n  <\/div>\n<\/article>\n\n\n\n<article class=\"llzlobby-speaker\" itemscope itemtype=\"https:\/\/schema.org\/Event\">\n  <div class=\"llzlobby-speaker-wrapper__image\">\n    <img loading=\"lazy\" decoding=\"async\" width=\"733\" height=\"653\" src=\"https:\/\/event.esalsa.de\/jahrestagung25\/wp-content\/uploads\/sites\/63\/2025\/10\/Conny-Behr-100-e1760598428224.jpg\" class=\"llzlobby-speaker__image\" alt=\"\" srcset=\"https:\/\/event.esalsa.de\/jahrestagung25\/wp-content\/uploads\/sites\/63\/2025\/10\/Conny-Behr-100-e1760598428224.jpg 733w, https:\/\/event.esalsa.de\/jahrestagung25\/wp-content\/uploads\/sites\/63\/2025\/10\/Conny-Behr-100-e1760598428224-300x267.jpg 300w\" sizes=\"auto, (max-width: 733px) 100vw, 733px\" \/>  <\/div>\n  <h3 class=\"llzlobby-speaker__title\" itemprop=\"name\">\n    <a itemprop=\"url\" href=\"https:\/\/event.esalsa.de\/jahrestagung25\/speaker\/conny-brentrop\/\" target=\"_self\" class=\"stretched-link\">Conny Brentrop<\/a>\n  <\/h3>\n  <p class=\"llzlobby-speaker__description\" itemprop=\"description\">Mitarbeiterin im Projekt eSALSA, Otto-von-Guericke-Universit\u00e4t Magdeburg<\/p>\n  <div class=\"llzlobby-event-wrapper__more\">\n  <a itemprop=\"url\" href=\"https:\/\/event.esalsa.de\/jahrestagung25\/speaker\/conny-brentrop\/\" target=\"_self\" class=\"button--more stretched-link\">\n    <span>Mehr erfahren >><\/span>\n  <\/a>                                  \n  <\/div>\n<\/article>\n\n\n\n<article class=\"llzlobby-speaker\" itemscope itemtype=\"https:\/\/schema.org\/Event\">\n  <div class=\"llzlobby-speaker-wrapper__image\">\n    <img loading=\"lazy\" decoding=\"async\" width=\"1681\" height=\"1544\" src=\"https:\/\/event.esalsa.de\/jahrestagung25\/wp-content\/uploads\/sites\/63\/2025\/10\/231018-Philipp-Schulz-DSC_0722-scaled-e1724139781865.jpg\" class=\"llzlobby-speaker__image\" alt=\"\" srcset=\"https:\/\/event.esalsa.de\/jahrestagung25\/wp-content\/uploads\/sites\/63\/2025\/10\/231018-Philipp-Schulz-DSC_0722-scaled-e1724139781865.jpg 1681w, https:\/\/event.esalsa.de\/jahrestagung25\/wp-content\/uploads\/sites\/63\/2025\/10\/231018-Philipp-Schulz-DSC_0722-scaled-e1724139781865-300x276.jpg 300w, https:\/\/event.esalsa.de\/jahrestagung25\/wp-content\/uploads\/sites\/63\/2025\/10\/231018-Philipp-Schulz-DSC_0722-scaled-e1724139781865-1024x941.jpg 1024w, https:\/\/event.esalsa.de\/jahrestagung25\/wp-content\/uploads\/sites\/63\/2025\/10\/231018-Philipp-Schulz-DSC_0722-scaled-e1724139781865-768x705.jpg 768w, https:\/\/event.esalsa.de\/jahrestagung25\/wp-content\/uploads\/sites\/63\/2025\/10\/231018-Philipp-Schulz-DSC_0722-scaled-e1724139781865-1536x1411.jpg 1536w\" sizes=\"auto, (max-width: 1681px) 100vw, 1681px\" \/>  <\/div>\n  <h3 class=\"llzlobby-speaker__title\" itemprop=\"name\">\n    <a itemprop=\"url\" href=\"https:\/\/event.esalsa.de\/jahrestagung25\/speaker\/philipp-schulz\/\" target=\"_self\" class=\"stretched-link\">Philipp Schulz<\/a>\n  <\/h3>\n  <p class=\"llzlobby-speaker__description\" itemprop=\"description\">Mitarbeiter im Projekt eSALSA, Martin-Luther-Universit\u00e4t Halle\/Wittenberg<\/p>\n  <div class=\"llzlobby-event-wrapper__more\">\n  <a itemprop=\"url\" href=\"https:\/\/event.esalsa.de\/jahrestagung25\/speaker\/philipp-schulz\/\" target=\"_self\" class=\"button--more stretched-link\">\n    <span>Mehr erfahren >><\/span>\n  <\/a>                                  \n  <\/div>\n<\/article>\n\n\n\n<article class=\"llzlobby-speaker\" itemscope itemtype=\"https:\/\/schema.org\/Event\">\n  <div class=\"llzlobby-speaker-wrapper__image\">\n    <img loading=\"lazy\" decoding=\"async\" width=\"800\" height=\"800\" src=\"https:\/\/event.esalsa.de\/jahrestagung25\/wp-content\/uploads\/sites\/63\/2025\/10\/Zenyukova-1.png\" class=\"llzlobby-speaker__image\" alt=\"\" srcset=\"https:\/\/event.esalsa.de\/jahrestagung25\/wp-content\/uploads\/sites\/63\/2025\/10\/Zenyukova-1.png 800w, https:\/\/event.esalsa.de\/jahrestagung25\/wp-content\/uploads\/sites\/63\/2025\/10\/Zenyukova-1-300x300.png 300w, https:\/\/event.esalsa.de\/jahrestagung25\/wp-content\/uploads\/sites\/63\/2025\/10\/Zenyukova-1-150x150.png 150w, https:\/\/event.esalsa.de\/jahrestagung25\/wp-content\/uploads\/sites\/63\/2025\/10\/Zenyukova-1-768x768.png 768w\" sizes=\"auto, (max-width: 800px) 100vw, 800px\" \/>  <\/div>\n  <h3 class=\"llzlobby-speaker__title\" itemprop=\"name\">\n    <a itemprop=\"url\" href=\"https:\/\/event.esalsa.de\/jahrestagung25\/speaker\/olga-zenyukova\/\" target=\"_self\" class=\"stretched-link\">Olga Zenyukova<\/a>\n  <\/h3>\n  <p class=\"llzlobby-speaker__description\" itemprop=\"description\">Mitarbeiterin im Projekt eSALSA, Martin-Luther-Universit\u00e4t Halle\/Wittenberg<\/p>\n  <div class=\"llzlobby-event-wrapper__more\">\n  <a itemprop=\"url\" href=\"https:\/\/event.esalsa.de\/jahrestagung25\/speaker\/olga-zenyukova\/\" target=\"_self\" class=\"button--more stretched-link\">\n    <span>Mehr erfahren >><\/span>\n  <\/a>                                  \n  <\/div>\n<\/article><\/div>","protected":false},"excerpt":{"rendered":"","protected":false},"author":5,"featured_media":0,"parent":0,"menu_order":0,"comment_status":"closed","ping_status":"closed","template":"","meta":{"_acf_changed":false,"footnotes":""},"class_list":["post-29","page","type-page","status-publish","hentry"],"acf":[],"_links":{"self":[{"href":"https:\/\/event.esalsa.de\/jahrestagung25\/wp-json\/wp\/v2\/pages\/29","targetHints":{"allow":["GET"]}}],"collection":[{"href":"https:\/\/event.esalsa.de\/jahrestagung25\/wp-json\/wp\/v2\/pages"}],"about":[{"href":"https:\/\/event.esalsa.de\/jahrestagung25\/wp-json\/wp\/v2\/types\/page"}],"author":[{"embeddable":true,"href":"https:\/\/event.esalsa.de\/jahrestagung25\/wp-json\/wp\/v2\/users\/5"}],"replies":[{"embeddable":true,"href":"https:\/\/event.esalsa.de\/jahrestagung25\/wp-json\/wp\/v2\/comments?post=29"}],"version-history":[{"count":2,"href":"https:\/\/event.esalsa.de\/jahrestagung25\/wp-json\/wp\/v2\/pages\/29\/revisions"}],"predecessor-version":[{"id":80,"href":"https:\/\/event.esalsa.de\/jahrestagung25\/wp-json\/wp\/v2\/pages\/29\/revisions\/80"}],"wp:attachment":[{"href":"https:\/\/event.esalsa.de\/jahrestagung25\/wp-json\/wp\/v2\/media?parent=29"}],"curies":[{"name":"wp","href":"https:\/\/api.w.org\/{rel}","templated":true}]}}