{"id":35,"date":"2024-02-20T10:10:27","date_gmt":"2024-02-20T09:10:27","guid":{"rendered":"https:\/\/event.esalsa.de\/jahrestagung\/?page_id=35"},"modified":"2024-11-22T14:59:02","modified_gmt":"2024-11-22T13:59:02","slug":"titel-der-konferenz","status":"publish","type":"page","link":"https:\/\/event.esalsa.de\/jahrestagung\/","title":{"rendered":""},"content":{"rendered":"\n<div class=\"wp-block-cover alignfull is-light has-parallax\" style=\"min-height:700px;aspect-ratio:unset;\"><span aria-hidden=\"true\" class=\"wp-block-cover__background has-cyan-bluish-gray-background-color has-background-dim-40 has-background-dim\"><\/span><div class=\"wp-block-cover__image-background wp-image-334 has-parallax\" style=\"background-position:50% 50%;background-image:url(https:\/\/event.esalsa.de\/jahrestagung\/wp-content\/uploads\/sites\/15\/2024\/11\/kevin-chin-FJkURWqEozM-unsplash-scaled.jpg)\"><\/div><div class=\"wp-block-cover__inner-container has-global-padding is-layout-constrained wp-block-cover-is-layout-constrained\">\n<div style=\"height:50px\" aria-hidden=\"true\" class=\"wp-block-spacer\"><\/div>\n\n\n\n<h1 class=\"wp-block-heading has-text-align-center has-contrast-color has-text-color has-link-color wp-elements-52e2055e3dc98002a87debdcc9ebd6ff\" style=\"font-size:clamp(1.976rem, 1.976rem + ((1vw - 0.2rem) * 2.605), 3.5rem);font-style:normal;font-weight:900\">Anwendungen und Herausforderungen digitaler Lehre in der Praxis<\/h1>\n\n\n\n<div style=\"height:25px\" aria-hidden=\"true\" class=\"wp-block-spacer\"><\/div>\n\n\n\n<h1 class=\"wp-block-heading has-text-align-center has-contrast-color has-text-color has-link-color wp-elements-baef47a02bed93ed143888833f6bed80\" style=\"font-size:clamp(1.25rem, 1.25rem + ((1vw - 0.2rem) * 1.282), 2rem);font-style:normal;font-weight:300\">eSALSA Jahrestagung <br>22.11.2024 \/\/ 10:00 \u2013 16:15 Uhr<br>Campus K\u00f6then, Hochschule Anhalt<br>Technologiezentrum K\u00f6then<\/h1>\n\n\n\n\n\n<div style=\"height:25px\" aria-hidden=\"true\" class=\"wp-block-spacer\"><\/div>\n<\/div><\/div>\n\n\n\n<div style=\"height:100px\" aria-hidden=\"true\" class=\"wp-block-spacer\"><\/div>\n\n\n\n\n\n<div style=\"height:50px\" aria-hidden=\"true\" class=\"wp-block-spacer\"><\/div>\n\n\n\n\n<div class=\"ce-congressstate\">\n\n<p>Die Veranstaltung ist abgeschlossen. Vielen Dank an alle Teilnehmenden, Referierende f\u00fcr ihre Beitr\u00e4ge und Unterst\u00fctzung. <br><\/p>\n\n\n\n<p>Gemeinsam haben wir wertvolle Einblicke gewonnen und Kontakte gekn\u00fcpft. Wir hoffen, die Veranstaltung war f\u00fcr Sie ebenso bereichernd wie f\u00fcr uns.\u00a0<\/p>\n\n\n\n<p>Herzlichen Dank f\u00fcr Ihre Teilnahme!<\/p>\n\n<\/div>","protected":false},"excerpt":{"rendered":"","protected":false},"author":5,"featured_media":0,"parent":0,"menu_order":0,"comment_status":"closed","ping_status":"closed","template":"","meta":{"_acf_changed":false,"footnotes":""},"class_list":["post-35","page","type-page","status-publish","hentry"],"acf":[],"_links":{"self":[{"href":"https:\/\/event.esalsa.de\/jahrestagung\/wp-json\/wp\/v2\/pages\/35","targetHints":{"allow":["GET"]}}],"collection":[{"href":"https:\/\/event.esalsa.de\/jahrestagung\/wp-json\/wp\/v2\/pages"}],"about":[{"href":"https:\/\/event.esalsa.de\/jahrestagung\/wp-json\/wp\/v2\/types\/page"}],"author":[{"embeddable":true,"href":"https:\/\/event.esalsa.de\/jahrestagung\/wp-json\/wp\/v2\/users\/5"}],"replies":[{"embeddable":true,"href":"https:\/\/event.esalsa.de\/jahrestagung\/wp-json\/wp\/v2\/comments?post=35"}],"version-history":[{"count":86,"href":"https:\/\/event.esalsa.de\/jahrestagung\/wp-json\/wp\/v2\/pages\/35\/revisions"}],"predecessor-version":[{"id":378,"href":"https:\/\/event.esalsa.de\/jahrestagung\/wp-json\/wp\/v2\/pages\/35\/revisions\/378"}],"wp:attachment":[{"href":"https:\/\/event.esalsa.de\/jahrestagung\/wp-json\/wp\/v2\/media?parent=35"}],"curies":[{"name":"wp","href":"https:\/\/api.w.org\/{rel}","templated":true}]}}