{"id":27,"date":"2024-02-20T10:08:06","date_gmt":"2024-02-20T09:08:06","guid":{"rendered":"https:\/\/event.esalsa.de\/homebusiness\/?page_id=27"},"modified":"2024-08-08T10:25:02","modified_gmt":"2024-08-08T08:25:02","slug":"programm","status":"publish","type":"page","link":"https:\/\/event.esalsa.de\/homebusiness\/programm\/","title":{"rendered":"Programm"},"content":{"rendered":"<div class='ce-timetable container'>\n<article class=\"llzlobby-event row\" itemscope itemtype=\"https:\/\/schema.org\/Event\"  data-start=\"2026-03-05T08:30:00+01:00\" data-end=\"2026-03-05T09:00:00+01:00\" data-name=\"Ankommen und Kaffeeplausch\" data-eventgroup=\"1\" data-url= \"https:\/\/event.esalsa.de\/homebusiness\/event\/ankommen-und-kaffeeplausch\/\">\n    <div class=\"llzlobby-event-wrapper__title\">\n         <h3 class=\"llzlobby-event__title\" itemprop=\"name\">\n            <a itemprop=\"url\" href=\"https:\/\/event.esalsa.de\/homebusiness\/event\/ankommen-und-kaffeeplausch\/\" target=\"_self\">Ankommen und Kaffeeplausch<\/a>\n         <\/h3>\n    <\/div>\n    <div class=\"llzlobby-event-wrapper__datetime\">\n      <div class=\"llzlobby-event-wrapper__datetime__content\">\n        <svg xmlns=\"http:\/\/www.w3.org\/2000\/svg\" width=\"24\" height=\"24\" viewBox=\"0 0 24 24\">\n            <path d=\"M20 20h-4v-4h4v4zm-6-10h-4v4h4v-4zm6 0h-4v4h4v-4zm-12 6h-4v4h4v-4zm6 0h-4v4h4v-4zm-6-6h-4v4h4v-4zm16-8v22h-24v-22h3v1c0 1.103.897 2 2 2s2-.897 2-2v-1h10v1c0 1.103.897 2 2 2s2-.897 2-2v-1h3zm-2 6h-20v14h20v-14zm-2-7c0-.552-.447-1-1-1s-1 .448-1 1v2c0 .552.447 1 1 1s1-.448 1-1v-2zm-14 2c0 .552-.447 1-1 1s-1-.448-1-1v-2c0-.552.447-1 1-1s1 .448 1 1v2z\" \/>\n        <\/svg>\n      \n<div class=\"llzlobby-event__timespan\" >\n    <span itemprop=\"startDate\" content=\"2026-03-05T08:30:00+01:00\" class=\"llzlobby-event__startdate\">\n        <span class='llzlobby-event__date'><span class='llzlobby-event__date__day'> 5<\/span><span class='llzlobby-event__date__month'> M\u00e4rz<\/span><span class='llzlobby-event__date__year'> 2026<\/span><\/span><span class='llzlobby-event__time'><span class='llzlobby-event__time__hour'> 08<\/span><span class='llzlobby-event__time__timesep'>:<\/span><span class='llzlobby-event__time__minute'>30<\/span><\/span>    <\/span>\n            <span> &#8211; <\/span>\n        <span itemprop=\"endDate\" content=\"2026-03-05T09:00:00+01:00\" class=\"llzlobby-event__enddate \">\n            <span class='llzlobby-event__time'><span class='llzlobby-event__time__hour'> 09<\/span><span class='llzlobby-event__time__timesep'>:<\/span><span class='llzlobby-event__time__minute'>00<\/span><\/span>        <\/span>\n    <\/div>\n\n      <\/div>\n\n    <\/div>\n\n    \n    <div class=\"llzlobby-event-wrapper__description\">\n      <p itemprop=\"description\"><\/p>\n    <\/div>\n\n    <div class=\"llzlobby-event-wrapper__more\">\n      <a  itemprop=\"url\" href=\"https:\/\/event.esalsa.de\/homebusiness\/event\/ankommen-und-kaffeeplausch\/\" target=\"_self\" class=\"button--more \">\n      <span>Mehr erfahren >><\/span>\n\n    <\/a>                                            \n    <\/div>\n<\/article>\n<article class=\"llzlobby-event row\" itemscope itemtype=\"https:\/\/schema.org\/Event\"  data-start=\"2026-03-05T09:00:00+01:00\" data-end=\"2026-03-05T09:03:00+01:00\" data-name=\"Begr\u00fc\u00dfung\" data-eventgroup=\"\" data-url= \"https:\/\/event.esalsa.de\/homebusiness\/event\/begruessung\/\">\n    <div class=\"llzlobby-event-wrapper__title\">\n         <h3 class=\"llzlobby-event__title\" itemprop=\"name\">\n            <a itemprop=\"url\" href=\"https:\/\/event.esalsa.de\/homebusiness\/event\/begruessung\/\" target=\"_self\">Begr\u00fc\u00dfung<\/a>\n         <\/h3>\n    <\/div>\n    <div class=\"llzlobby-event-wrapper__datetime\">\n      <div class=\"llzlobby-event-wrapper__datetime__content\">\n        <svg xmlns=\"http:\/\/www.w3.org\/2000\/svg\" width=\"24\" height=\"24\" viewBox=\"0 0 24 24\">\n            <path d=\"M20 20h-4v-4h4v4zm-6-10h-4v4h4v-4zm6 0h-4v4h4v-4zm-12 6h-4v4h4v-4zm6 0h-4v4h4v-4zm-6-6h-4v4h4v-4zm16-8v22h-24v-22h3v1c0 1.103.897 2 2 2s2-.897 2-2v-1h10v1c0 1.103.897 2 2 2s2-.897 2-2v-1h3zm-2 6h-20v14h20v-14zm-2-7c0-.552-.447-1-1-1s-1 .448-1 1v2c0 .552.447 1 1 1s1-.448 1-1v-2zm-14 2c0 .552-.447 1-1 1s-1-.448-1-1v-2c0-.552.447-1 1-1s1 .448 1 1v2z\" \/>\n        <\/svg>\n      \n<div class=\"llzlobby-event__timespan\" >\n    <span itemprop=\"startDate\" content=\"2026-03-05T09:00:00+01:00\" class=\"llzlobby-event__startdate\">\n        <span class='llzlobby-event__date'><span class='llzlobby-event__date__day'> 5<\/span><span class='llzlobby-event__date__month'> M\u00e4rz<\/span><span class='llzlobby-event__date__year'> 2026<\/span><\/span><span class='llzlobby-event__time'><span class='llzlobby-event__time__hour'> 09<\/span><span class='llzlobby-event__time__timesep'>:<\/span><span class='llzlobby-event__time__minute'>00<\/span><\/span>    <\/span>\n            <span> &#8211; <\/span>\n        <span itemprop=\"endDate\" content=\"2026-03-05T09:03:00+01:00\" class=\"llzlobby-event__enddate \">\n            <span class='llzlobby-event__time'><span class='llzlobby-event__time__hour'> 09<\/span><span class='llzlobby-event__time__timesep'>:<\/span><span class='llzlobby-event__time__minute'>03<\/span><\/span>        <\/span>\n    <\/div>\n\n      <\/div>\n\n    <\/div>\n\n    \n    <div class=\"llzlobby-event-wrapper__description\">\n      <p itemprop=\"description\"><\/p>\n    <\/div>\n\n    <div class=\"llzlobby-event-wrapper__more\">\n      <a  itemprop=\"url\" href=\"https:\/\/event.esalsa.de\/homebusiness\/event\/begruessung\/\" target=\"_self\" class=\"button--more \">\n      <span>Mehr erfahren >><\/span>\n\n    <\/a>                                            \n    <\/div>\n<\/article>\n<article class=\"llzlobby-event row\" itemscope itemtype=\"https:\/\/schema.org\/Event\"  data-start=\"2026-03-05T09:04:00+01:00\" data-end=\"2026-03-05T09:15:00+01:00\" data-name=\"Kurzvorstellungen Organisations-Team\" data-eventgroup=\"\" data-url= \"https:\/\/event.esalsa.de\/homebusiness\/event\/kurzvorstellungen-organisations-team\/\">\n    <div class=\"llzlobby-event-wrapper__title\">\n         <h3 class=\"llzlobby-event__title\" itemprop=\"name\">\n            <a itemprop=\"url\" href=\"https:\/\/event.esalsa.de\/homebusiness\/event\/kurzvorstellungen-organisations-team\/\" target=\"_self\">Kurzvorstellungen Organisations-Team<\/a>\n         <\/h3>\n    <\/div>\n    <div class=\"llzlobby-event-wrapper__datetime\">\n      <div class=\"llzlobby-event-wrapper__datetime__content\">\n        <svg xmlns=\"http:\/\/www.w3.org\/2000\/svg\" width=\"24\" height=\"24\" viewBox=\"0 0 24 24\">\n            <path d=\"M20 20h-4v-4h4v4zm-6-10h-4v4h4v-4zm6 0h-4v4h4v-4zm-12 6h-4v4h4v-4zm6 0h-4v4h4v-4zm-6-6h-4v4h4v-4zm16-8v22h-24v-22h3v1c0 1.103.897 2 2 2s2-.897 2-2v-1h10v1c0 1.103.897 2 2 2s2-.897 2-2v-1h3zm-2 6h-20v14h20v-14zm-2-7c0-.552-.447-1-1-1s-1 .448-1 1v2c0 .552.447 1 1 1s1-.448 1-1v-2zm-14 2c0 .552-.447 1-1 1s-1-.448-1-1v-2c0-.552.447-1 1-1s1 .448 1 1v2z\" \/>\n        <\/svg>\n      \n<div class=\"llzlobby-event__timespan\" >\n    <span itemprop=\"startDate\" content=\"2026-03-05T09:04:00+01:00\" class=\"llzlobby-event__startdate\">\n        <span class='llzlobby-event__date'><span class='llzlobby-event__date__day'> 5<\/span><span class='llzlobby-event__date__month'> M\u00e4rz<\/span><span class='llzlobby-event__date__year'> 2026<\/span><\/span><span class='llzlobby-event__time'><span class='llzlobby-event__time__hour'> 09<\/span><span class='llzlobby-event__time__timesep'>:<\/span><span class='llzlobby-event__time__minute'>04<\/span><\/span>    <\/span>\n            <span> &#8211; <\/span>\n        <span itemprop=\"endDate\" content=\"2026-03-05T09:15:00+01:00\" class=\"llzlobby-event__enddate \">\n            <span class='llzlobby-event__time'><span class='llzlobby-event__time__hour'> 09<\/span><span class='llzlobby-event__time__timesep'>:<\/span><span class='llzlobby-event__time__minute'>15<\/span><\/span>        <\/span>\n    <\/div>\n\n      <\/div>\n\n    <\/div>\n\n    \n    <div class=\"llzlobby-event-wrapper__description\">\n      <p itemprop=\"description\">Weiterbildung \/ HoMe Akademie | Andreas Kr\u00f6ner, Leiter (HoMe) KarriereService | Denise H\u00f6rnicke, Leiterin (HoMe) F\u00f6rderkreis der Hochschule Merseburg e.\u202fV. | Kathrin Schaper-Thoma, Gesch\u00e4ftsf\u00fchrerin (HoMe)\u00a0<\/p>\n    <\/div>\n\n    <div class=\"llzlobby-event-wrapper__more\">\n      <a  itemprop=\"url\" href=\"https:\/\/event.esalsa.de\/homebusiness\/event\/kurzvorstellungen-organisations-team\/\" target=\"_self\" class=\"button--more \">\n      <span>Mehr erfahren >><\/span>\n\n    <\/a>                                            \n    <\/div>\n<\/article>\n<article class=\"llzlobby-event row\" itemscope itemtype=\"https:\/\/schema.org\/Event\"  data-start=\"2026-03-05T09:15:00+01:00\" data-end=\"2026-03-05T09:35:00+01:00\" data-name=\"Impuls-Vortrag: \u201eVDI-Initiative \u201eZukunft Deutschland 2050\u201c | Arne Wasner, Vorsitzender VDI e. V. Bezirksverein Halle\u00a0\" data-eventgroup=\"\" data-url= \"https:\/\/event.esalsa.de\/homebusiness\/event\/impuls-vortrag-vdi-initiative-zukunft-deutschland-2050-arne-wasner-vorsitzender-vdi-e-v-bezirksverein-halle\/\">\n    <div class=\"llzlobby-event-wrapper__title\">\n         <h3 class=\"llzlobby-event__title\" itemprop=\"name\">\n            <a itemprop=\"url\" href=\"https:\/\/event.esalsa.de\/homebusiness\/event\/impuls-vortrag-vdi-initiative-zukunft-deutschland-2050-arne-wasner-vorsitzender-vdi-e-v-bezirksverein-halle\/\" target=\"_self\">Impuls-Vortrag: \u201eVDI-Initiative \u201eZukunft Deutschland 2050\u201c | Arne Wasner, Vorsitzender VDI e. V. Bezirksverein Halle\u00a0<\/a>\n         <\/h3>\n    <\/div>\n    <div class=\"llzlobby-event-wrapper__datetime\">\n      <div class=\"llzlobby-event-wrapper__datetime__content\">\n        <svg xmlns=\"http:\/\/www.w3.org\/2000\/svg\" width=\"24\" height=\"24\" viewBox=\"0 0 24 24\">\n            <path d=\"M20 20h-4v-4h4v4zm-6-10h-4v4h4v-4zm6 0h-4v4h4v-4zm-12 6h-4v4h4v-4zm6 0h-4v4h4v-4zm-6-6h-4v4h4v-4zm16-8v22h-24v-22h3v1c0 1.103.897 2 2 2s2-.897 2-2v-1h10v1c0 1.103.897 2 2 2s2-.897 2-2v-1h3zm-2 6h-20v14h20v-14zm-2-7c0-.552-.447-1-1-1s-1 .448-1 1v2c0 .552.447 1 1 1s1-.448 1-1v-2zm-14 2c0 .552-.447 1-1 1s-1-.448-1-1v-2c0-.552.447-1 1-1s1 .448 1 1v2z\" \/>\n        <\/svg>\n      \n<div class=\"llzlobby-event__timespan\" >\n    <span itemprop=\"startDate\" content=\"2026-03-05T09:15:00+01:00\" class=\"llzlobby-event__startdate\">\n        <span class='llzlobby-event__date'><span class='llzlobby-event__date__day'> 5<\/span><span class='llzlobby-event__date__month'> M\u00e4rz<\/span><span class='llzlobby-event__date__year'> 2026<\/span><\/span><span class='llzlobby-event__time'><span class='llzlobby-event__time__hour'> 09<\/span><span class='llzlobby-event__time__timesep'>:<\/span><span class='llzlobby-event__time__minute'>15<\/span><\/span>    <\/span>\n            <span> &#8211; <\/span>\n        <span itemprop=\"endDate\" content=\"2026-03-05T09:35:00+01:00\" class=\"llzlobby-event__enddate \">\n            <span class='llzlobby-event__time'><span class='llzlobby-event__time__hour'> 09<\/span><span class='llzlobby-event__time__timesep'>:<\/span><span class='llzlobby-event__time__minute'>35<\/span><\/span>        <\/span>\n    <\/div>\n\n      <\/div>\n\n    <\/div>\n\n    \n    <div class=\"llzlobby-event-wrapper__description\">\n      <p itemprop=\"description\"><\/p>\n    <\/div>\n\n    <div class=\"llzlobby-event-wrapper__more\">\n      <a  itemprop=\"url\" href=\"https:\/\/event.esalsa.de\/homebusiness\/event\/impuls-vortrag-vdi-initiative-zukunft-deutschland-2050-arne-wasner-vorsitzender-vdi-e-v-bezirksverein-halle\/\" target=\"_self\" class=\"button--more \">\n      <span>Mehr erfahren >><\/span>\n\n    <\/a>                                            \n    <\/div>\n<\/article>\n<article class=\"llzlobby-event row\" itemscope itemtype=\"https:\/\/schema.org\/Event\"  data-start=\"2026-03-05T09:35:00+01:00\" data-end=\"2026-03-05T09:45:00+01:00\" data-name=\"Kurz-Vortrag: &#8222;Vorstellung Center for the Transformation of Chemistry\u00a0(CTC)&#8220; | Dr. Markus Lange, CTC Akademie f\u00fcr Chemie-Transformation (ACT)\u00a0\" data-eventgroup=\"\" data-url= \"https:\/\/event.esalsa.de\/homebusiness\/event\/kurz-vortrag-vorstellung-center-for-the-transformation-of-chemistry-ctc-dr-markus-lange-ctc-akademie-fuer-chemie-transformation-act\/\">\n    <div class=\"llzlobby-event-wrapper__title\">\n         <h3 class=\"llzlobby-event__title\" itemprop=\"name\">\n            <a itemprop=\"url\" href=\"https:\/\/event.esalsa.de\/homebusiness\/event\/kurz-vortrag-vorstellung-center-for-the-transformation-of-chemistry-ctc-dr-markus-lange-ctc-akademie-fuer-chemie-transformation-act\/\" target=\"_self\">Kurz-Vortrag: &#8222;Vorstellung Center for the Transformation of Chemistry\u00a0(CTC)&#8220; | Dr. Markus Lange, CTC Akademie f\u00fcr Chemie-Transformation (ACT)\u00a0<\/a>\n         <\/h3>\n    <\/div>\n    <div class=\"llzlobby-event-wrapper__datetime\">\n      <div class=\"llzlobby-event-wrapper__datetime__content\">\n        <svg xmlns=\"http:\/\/www.w3.org\/2000\/svg\" width=\"24\" height=\"24\" viewBox=\"0 0 24 24\">\n            <path d=\"M20 20h-4v-4h4v4zm-6-10h-4v4h4v-4zm6 0h-4v4h4v-4zm-12 6h-4v4h4v-4zm6 0h-4v4h4v-4zm-6-6h-4v4h4v-4zm16-8v22h-24v-22h3v1c0 1.103.897 2 2 2s2-.897 2-2v-1h10v1c0 1.103.897 2 2 2s2-.897 2-2v-1h3zm-2 6h-20v14h20v-14zm-2-7c0-.552-.447-1-1-1s-1 .448-1 1v2c0 .552.447 1 1 1s1-.448 1-1v-2zm-14 2c0 .552-.447 1-1 1s-1-.448-1-1v-2c0-.552.447-1 1-1s1 .448 1 1v2z\" \/>\n        <\/svg>\n      \n<div class=\"llzlobby-event__timespan\" >\n    <span itemprop=\"startDate\" content=\"2026-03-05T09:35:00+01:00\" class=\"llzlobby-event__startdate\">\n        <span class='llzlobby-event__date'><span class='llzlobby-event__date__day'> 5<\/span><span class='llzlobby-event__date__month'> M\u00e4rz<\/span><span class='llzlobby-event__date__year'> 2026<\/span><\/span><span class='llzlobby-event__time'><span class='llzlobby-event__time__hour'> 09<\/span><span class='llzlobby-event__time__timesep'>:<\/span><span class='llzlobby-event__time__minute'>35<\/span><\/span>    <\/span>\n            <span> &#8211; <\/span>\n        <span itemprop=\"endDate\" content=\"2026-03-05T09:45:00+01:00\" class=\"llzlobby-event__enddate \">\n            <span class='llzlobby-event__time'><span class='llzlobby-event__time__hour'> 09<\/span><span class='llzlobby-event__time__timesep'>:<\/span><span class='llzlobby-event__time__minute'>45<\/span><\/span>        <\/span>\n    <\/div>\n\n      <\/div>\n\n    <\/div>\n\n    \n    <div class=\"llzlobby-event-wrapper__description\">\n      <p itemprop=\"description\"><\/p>\n    <\/div>\n\n    <div class=\"llzlobby-event-wrapper__more\">\n      <a  itemprop=\"url\" href=\"https:\/\/event.esalsa.de\/homebusiness\/event\/kurz-vortrag-vorstellung-center-for-the-transformation-of-chemistry-ctc-dr-markus-lange-ctc-akademie-fuer-chemie-transformation-act\/\" target=\"_self\" class=\"button--more \">\n      <span>Mehr erfahren >><\/span>\n\n    <\/a>                                            \n    <\/div>\n<\/article>\n<article class=\"llzlobby-event row\" itemscope itemtype=\"https:\/\/schema.org\/Event\"  data-start=\"2026-03-05T09:45:00+01:00\" data-end=\"2026-03-05T10:00:00+01:00\" data-name=\"Fach-Impuls: \u201eTechnikethik\/Science and Technology Studies\u201c\u00a0\" data-eventgroup=\"\" data-url= \"https:\/\/event.esalsa.de\/homebusiness\/event\/fach-impuls-technikethik-science-and-technology-studies\/\">\n    <div class=\"llzlobby-event-wrapper__title\">\n         <h3 class=\"llzlobby-event__title\" itemprop=\"name\">\n            <a itemprop=\"url\" href=\"https:\/\/event.esalsa.de\/homebusiness\/event\/fach-impuls-technikethik-science-and-technology-studies\/\" target=\"_self\">Fach-Impuls: \u201eTechnikethik\/Science and Technology Studies\u201c\u00a0<\/a>\n         <\/h3>\n    <\/div>\n    <div class=\"llzlobby-event-wrapper__datetime\">\n      <div class=\"llzlobby-event-wrapper__datetime__content\">\n        <svg xmlns=\"http:\/\/www.w3.org\/2000\/svg\" width=\"24\" height=\"24\" viewBox=\"0 0 24 24\">\n            <path d=\"M20 20h-4v-4h4v4zm-6-10h-4v4h4v-4zm6 0h-4v4h4v-4zm-12 6h-4v4h4v-4zm6 0h-4v4h4v-4zm-6-6h-4v4h4v-4zm16-8v22h-24v-22h3v1c0 1.103.897 2 2 2s2-.897 2-2v-1h10v1c0 1.103.897 2 2 2s2-.897 2-2v-1h3zm-2 6h-20v14h20v-14zm-2-7c0-.552-.447-1-1-1s-1 .448-1 1v2c0 .552.447 1 1 1s1-.448 1-1v-2zm-14 2c0 .552-.447 1-1 1s-1-.448-1-1v-2c0-.552.447-1 1-1s1 .448 1 1v2z\" \/>\n        <\/svg>\n      \n<div class=\"llzlobby-event__timespan\" >\n    <span itemprop=\"startDate\" content=\"2026-03-05T09:45:00+01:00\" class=\"llzlobby-event__startdate\">\n        <span class='llzlobby-event__date'><span class='llzlobby-event__date__day'> 5<\/span><span class='llzlobby-event__date__month'> M\u00e4rz<\/span><span class='llzlobby-event__date__year'> 2026<\/span><\/span><span class='llzlobby-event__time'><span class='llzlobby-event__time__hour'> 09<\/span><span class='llzlobby-event__time__timesep'>:<\/span><span class='llzlobby-event__time__minute'>45<\/span><\/span>    <\/span>\n            <span> &#8211; <\/span>\n        <span itemprop=\"endDate\" content=\"2026-03-05T10:00:00+01:00\" class=\"llzlobby-event__enddate \">\n            <span class='llzlobby-event__time'><span class='llzlobby-event__time__hour'> 10<\/span><span class='llzlobby-event__time__timesep'>:<\/span><span class='llzlobby-event__time__minute'>00<\/span><\/span>        <\/span>\n    <\/div>\n\n      <\/div>\n\n    <\/div>\n\n    \n    <div class=\"llzlobby-event-wrapper__description\">\n      <p itemprop=\"description\"><\/p>\n    <\/div>\n\n    <div class=\"llzlobby-event-wrapper__more\">\n      <a  itemprop=\"url\" href=\"https:\/\/event.esalsa.de\/homebusiness\/event\/fach-impuls-technikethik-science-and-technology-studies\/\" target=\"_self\" class=\"button--more \">\n      <span>Mehr erfahren >><\/span>\n\n    <\/a>                                            \n    <\/div>\n<\/article>\n<article class=\"llzlobby-event row\" itemscope itemtype=\"https:\/\/schema.org\/Event\"  data-start=\"2026-03-05T10:00:00+01:00\" data-end=\"2026-03-05T11:00:00+01:00\" data-name=\"Informieren, Austauschen, Vernetzen \u2026 Fr\u00fchst\u00fccken\" data-eventgroup=\"\" data-url= \"https:\/\/event.esalsa.de\/homebusiness\/event\/informieren-austauschen-vernetzen-fruehstuecken\/\">\n    <div class=\"llzlobby-event-wrapper__title\">\n         <h3 class=\"llzlobby-event__title\" itemprop=\"name\">\n            <a itemprop=\"url\" href=\"https:\/\/event.esalsa.de\/homebusiness\/event\/informieren-austauschen-vernetzen-fruehstuecken\/\" target=\"_self\">Informieren, Austauschen, Vernetzen \u2026 Fr\u00fchst\u00fccken<\/a>\n         <\/h3>\n    <\/div>\n    <div class=\"llzlobby-event-wrapper__datetime\">\n      <div class=\"llzlobby-event-wrapper__datetime__content\">\n        <svg xmlns=\"http:\/\/www.w3.org\/2000\/svg\" width=\"24\" height=\"24\" viewBox=\"0 0 24 24\">\n            <path d=\"M20 20h-4v-4h4v4zm-6-10h-4v4h4v-4zm6 0h-4v4h4v-4zm-12 6h-4v4h4v-4zm6 0h-4v4h4v-4zm-6-6h-4v4h4v-4zm16-8v22h-24v-22h3v1c0 1.103.897 2 2 2s2-.897 2-2v-1h10v1c0 1.103.897 2 2 2s2-.897 2-2v-1h3zm-2 6h-20v14h20v-14zm-2-7c0-.552-.447-1-1-1s-1 .448-1 1v2c0 .552.447 1 1 1s1-.448 1-1v-2zm-14 2c0 .552-.447 1-1 1s-1-.448-1-1v-2c0-.552.447-1 1-1s1 .448 1 1v2z\" \/>\n        <\/svg>\n      \n<div class=\"llzlobby-event__timespan\" >\n    <span itemprop=\"startDate\" content=\"2026-03-05T10:00:00+01:00\" class=\"llzlobby-event__startdate\">\n        <span class='llzlobby-event__date'><span class='llzlobby-event__date__day'> 5<\/span><span class='llzlobby-event__date__month'> M\u00e4rz<\/span><span class='llzlobby-event__date__year'> 2026<\/span><\/span><span class='llzlobby-event__time'><span class='llzlobby-event__time__hour'> 10<\/span><span class='llzlobby-event__time__timesep'>:<\/span><span class='llzlobby-event__time__minute'>00<\/span><\/span>    <\/span>\n            <span> &#8211; <\/span>\n        <span itemprop=\"endDate\" content=\"2026-03-05T11:00:00+01:00\" class=\"llzlobby-event__enddate \">\n            <span class='llzlobby-event__time'><span class='llzlobby-event__time__hour'> 11<\/span><span class='llzlobby-event__time__timesep'>:<\/span><span class='llzlobby-event__time__minute'>00<\/span><\/span>        <\/span>\n    <\/div>\n\n      <\/div>\n\n    <\/div>\n\n    \n    <div class=\"llzlobby-event-wrapper__description\">\n      <p itemprop=\"description\"><\/p>\n    <\/div>\n\n    <div class=\"llzlobby-event-wrapper__more\">\n      <a  itemprop=\"url\" href=\"https:\/\/event.esalsa.de\/homebusiness\/event\/informieren-austauschen-vernetzen-fruehstuecken\/\" target=\"_self\" class=\"button--more \">\n      <span>Mehr erfahren >><\/span>\n\n    <\/a>                                            \n    <\/div>\n<\/article><\/div>","protected":false},"excerpt":{"rendered":"","protected":false},"author":5,"featured_media":0,"parent":0,"menu_order":0,"comment_status":"closed","ping_status":"closed","template":"","meta":{"_acf_changed":false,"footnotes":""},"class_list":["post-27","page","type-page","status-publish","hentry"],"acf":[],"_links":{"self":[{"href":"https:\/\/event.esalsa.de\/homebusiness\/wp-json\/wp\/v2\/pages\/27","targetHints":{"allow":["GET"]}}],"collection":[{"href":"https:\/\/event.esalsa.de\/homebusiness\/wp-json\/wp\/v2\/pages"}],"about":[{"href":"https:\/\/event.esalsa.de\/homebusiness\/wp-json\/wp\/v2\/types\/page"}],"author":[{"embeddable":true,"href":"https:\/\/event.esalsa.de\/homebusiness\/wp-json\/wp\/v2\/users\/5"}],"replies":[{"embeddable":true,"href":"https:\/\/event.esalsa.de\/homebusiness\/wp-json\/wp\/v2\/comments?post=27"}],"version-history":[{"count":2,"href":"https:\/\/event.esalsa.de\/homebusiness\/wp-json\/wp\/v2\/pages\/27\/revisions"}],"predecessor-version":[{"id":128,"href":"https:\/\/event.esalsa.de\/homebusiness\/wp-json\/wp\/v2\/pages\/27\/revisions\/128"}],"wp:attachment":[{"href":"https:\/\/event.esalsa.de\/homebusiness\/wp-json\/wp\/v2\/media?parent=27"}],"curies":[{"name":"wp","href":"https:\/\/api.w.org\/{rel}","templated":true}]}}