{"id":4,"date":"2024-02-19T15:47:55","date_gmt":"2024-02-19T14:47:55","guid":{"rendered":"https:\/\/event.esalsa.de\/h2-qualifizierung-fuer-tutorinnen\/newsletter\/"},"modified":"2025-06-11T11:58:04","modified_gmt":"2025-06-11T09:58:04","slug":"konto","status":"publish","type":"page","link":"https:\/\/event.esalsa.de\/h2-qualifizierung-fuer-tutorinnen\/konto\/","title":{"rendered":"Registrierung"},"content":{"rendered":"\n\n<p><\/p><div class=\"tnp tnp-subscription \">\n<form method=\"post\" action=\"https:\/\/event.esalsa.de\/h2-qualifizierung-fuer-tutorinnen\/wp-admin\/admin-ajax.php?action=tnp&amp;na=s\" class=\"ce-registration\">\n<input type=\"hidden\" name=\"nlang\" value=\"\">\n\n\n\n\n\n<div class=\"tnp-field tnp-field-profile\"><label for=\"tnp-5\">Titel<\/label>\n<input class=\"tnp-profile tnp-profile-1\" id=\"tnp-profile_1\" type=\"text\" size=\"\" name=\"np1\" placeholder=\"Titel\"><\/div><div class=\"tnp-field tnp-field-gender\"><label for=\"tnp-4\">Ich bin<\/label>\n<select name=\"nx\" class=\"tnp-gender\" id=\"tnp-gender\" required><option value=\"\"><\/option><option value=\"n\">Nicht definiert<\/option><option value=\"f\">Frau<\/option><option value=\"m\">Herr<\/option><\/select><\/div><div class=\"tnp-field tnp-field-firstname\"><label for=\"tnp-1\">Vorname<\/label>\n<input class=\"tnp-name\" type=\"text\" name=\"nn\" id=\"tnp-1\" value=\"\" placeholder=\"\" required><\/div><div class=\"tnp-field tnp-field-surname\"><label for=\"tnp-2\">Nachname<\/label>\n<input class=\"tnp-surname\" type=\"text\" name=\"ns\" id=\"tnp-2\" value=\"\" placeholder=\"\" required><\/div><div class=\"tnp-field tnp-field-email\"><label for=\"tnp-3\">E-Mail-Adresse<\/label>\n<input class=\"tnp-email\" type=\"email\" name=\"ne\" id=\"tnp-3\" value=\"\" placeholder=\"\" required><\/div><h3>Veranstaltungen<\/h3><div class=\"tnp-lists\"><div class=\"tnp-field tnp-field-list\"><label><input class=\"tnp-list tnp-list- 2\" type=\"checkbox\" name=\"nl[]\" data-eventid=\"196\" value=\"2\"><div class=\"label-wrapper\"><div class=\"llzlobby-event__timespan llzlobby-event__timespan--multiday\">\n    <span itemprop=\"startDate\" content=\"2026-10-01T09:30:00+02:00\" class=\"llzlobby-event__startdate\">\n        <span class=\"llzlobby-event__date\">1.10.2026<\/span><span class=\"llzlobby-event__time\"><span class=\"llzlobby-event__time__hour\"> 09<\/span><span class=\"llzlobby-event__time__timesep\">:<\/span><span class=\"llzlobby-event__time__minute\">30<\/span><\/span>    <\/span>\n            <span> - <\/span>\n        <span itemprop=\"endDate\" content=\"2027-01-31T23:59:00+01:00\" class=\"llzlobby-event__enddate \">\n            <span class=\"llzlobby-event__date\">31.01.2027<\/span><span class=\"llzlobby-event__time\"><span class=\"llzlobby-event__time__hour\"> 23<\/span><span class=\"llzlobby-event__time__timesep\">:<\/span><span class=\"llzlobby-event__time__minute\">59<\/span><\/span>        <\/span>\n    <\/div>\n\n<span class=\"tnp-list-label\">Ich bin am h2-Qualifizierungsprogramm f&uuml;r Tutor:innen im Wintersemester 2026\/27 interessiert. Bitte informieren Sie mich, wenn die Anmeldung m&ouml;glich ist.<\/span><\/div><\/label><\/div><\/div><div class=\"tnp-field tnp-privacy-field\"><label><input type=\"checkbox\" name=\"ny\" required class=\"tnp-privacy\"> <a target=\"_blank\" href=\"https:\/\/www.uni-halle.de\/datenschutzerklaerung\/\">Hiermit akzeptiere ich die Datenschutzbestimmungen<\/a><\/label><\/div><div class=\"tnp-field tnp-field-button\" style=\"text-align: left\"><input class=\"tnp-submit\" type=\"submit\" value=\"Registrieren\" style=\"\">\n<\/div><\/form>\n<\/div>\n\n\n\n\n<div class=\"wp-block-group has-global-padding is-layout-constrained wp-container-core-group-is-layout-bdbfdc43 wp-block-group-is-layout-constrained\">\n<h3 class=\"wp-block-heading has-text-align-center\">Sie sind bereits registriert? <\/h3>\n\n\n\n<p class=\"has-text-align-center\">Melden Sie sich erneut an (Anmeldemaske unten), um Ihre Registrierung zu Veranstaltungen anzupassen oder Ihr Konto zu l\u00f6schen. Geben Sie einfach Ihre E-Mail-Adresse ein. Sie erhalten umgehend eine E-Mail mit einem Link, \u00fcber den Sie sich einloggen und die gew\u00fcnschten \u00c4nderungen vornehmen k\u00f6nnen.<\/p>\n<\/div>\n\n\n        <div class='tnp tnp-subscription ce-loginwithmail'>\n            <h2>Anmeldung<\/h2>\n            <form method='post' action='https:\/\/event.esalsa.de\/h2-qualifizierung-fuer-tutorinnen\/konto\/'>\n            <div class=\"tnp-field tnp-field-email\">\n                <label for='tnp-email--login'>E-Mail-Adresse<\/label>\n                <input id=\"tnp-email--login\" class='tnp-email' type='email' name='resendmail' value='' required>\n                <div class='error'><\/div>\n                <div class='tnp-field tnp-field-button'>\n                    <input class='tnp-submit' type='submit' value='Anmelden'>\n                <\/div>\n            <\/div>\n            <\/form>\n        <\/div>\n    \n\n","protected":false},"excerpt":{"rendered":"<p>Sie sind bereits registriert? Melden Sie sich erneut an (Anmeldemaske unten), um Ihre Registrierung zu Veranstaltungen anzupassen oder Ihr Konto zu l\u00f6schen. Geben Sie einfach Ihre E-Mail-Adresse ein. Sie erhalten umgehend eine E-Mail mit einem Link, \u00fcber den Sie sich einloggen und die gew\u00fcnschten \u00c4nderungen vornehmen k\u00f6nnen.<\/p>\n","protected":false},"author":5,"featured_media":0,"parent":0,"menu_order":0,"comment_status":"closed","ping_status":"closed","template":"","meta":{"_acf_changed":false,"footnotes":""},"class_list":["post-4","page","type-page","status-publish","hentry"],"acf":[],"_links":{"self":[{"href":"https:\/\/event.esalsa.de\/h2-qualifizierung-fuer-tutorinnen\/wp-json\/wp\/v2\/pages\/4","targetHints":{"allow":["GET"]}}],"collection":[{"href":"https:\/\/event.esalsa.de\/h2-qualifizierung-fuer-tutorinnen\/wp-json\/wp\/v2\/pages"}],"about":[{"href":"https:\/\/event.esalsa.de\/h2-qualifizierung-fuer-tutorinnen\/wp-json\/wp\/v2\/types\/page"}],"author":[{"embeddable":true,"href":"https:\/\/event.esalsa.de\/h2-qualifizierung-fuer-tutorinnen\/wp-json\/wp\/v2\/users\/5"}],"replies":[{"embeddable":true,"href":"https:\/\/event.esalsa.de\/h2-qualifizierung-fuer-tutorinnen\/wp-json\/wp\/v2\/comments?post=4"}],"version-history":[{"count":12,"href":"https:\/\/event.esalsa.de\/h2-qualifizierung-fuer-tutorinnen\/wp-json\/wp\/v2\/pages\/4\/revisions"}],"predecessor-version":[{"id":177,"href":"https:\/\/event.esalsa.de\/h2-qualifizierung-fuer-tutorinnen\/wp-json\/wp\/v2\/pages\/4\/revisions\/177"}],"wp:attachment":[{"href":"https:\/\/event.esalsa.de\/h2-qualifizierung-fuer-tutorinnen\/wp-json\/wp\/v2\/media?parent=4"}],"curies":[{"name":"wp","href":"https:\/\/api.w.org\/{rel}","templated":true}]}}