{"id":35,"date":"2024-02-20T10:10:27","date_gmt":"2024-02-20T09:10:27","guid":{"rendered":"https:\/\/event.esalsa.de\/h2-qualifizierung-fuer-tutorinnen\/?page_id=35"},"modified":"2025-11-18T16:28:24","modified_gmt":"2025-11-18T15:28:24","slug":"titel-der-konferenz","status":"publish","type":"page","link":"https:\/\/event.esalsa.de\/h2-qualifizierung-fuer-tutorinnen\/","title":{"rendered":"Qualifizierungsprogramm f\u00fcr Tutor:innen der Hochschule Magdeburg-Stendal"},"content":{"rendered":"\n<figure class=\"wp-block-image size-large\"><img loading=\"lazy\" decoding=\"async\" width=\"1024\" height=\"507\" src=\"https:\/\/event.esalsa.de\/h2-qualifizierung-fuer-tutorinnen\/wp-content\/uploads\/sites\/59\/2025\/06\/h2_2010a1541_niedrig-1024x507.jpg\" alt=\"Foto: Bastian Ehl\" class=\"wp-image-241\" srcset=\"https:\/\/event.esalsa.de\/h2-qualifizierung-fuer-tutorinnen\/wp-content\/uploads\/sites\/59\/2025\/06\/h2_2010a1541_niedrig-1024x507.jpg 1024w, https:\/\/event.esalsa.de\/h2-qualifizierung-fuer-tutorinnen\/wp-content\/uploads\/sites\/59\/2025\/06\/h2_2010a1541_niedrig-300x149.jpg 300w, https:\/\/event.esalsa.de\/h2-qualifizierung-fuer-tutorinnen\/wp-content\/uploads\/sites\/59\/2025\/06\/h2_2010a1541_niedrig-768x380.jpg 768w, https:\/\/event.esalsa.de\/h2-qualifizierung-fuer-tutorinnen\/wp-content\/uploads\/sites\/59\/2025\/06\/h2_2010a1541_niedrig-1536x761.jpg 1536w, https:\/\/event.esalsa.de\/h2-qualifizierung-fuer-tutorinnen\/wp-content\/uploads\/sites\/59\/2025\/06\/h2_2010a1541_niedrig-2048x1014.jpg 2048w\" sizes=\"auto, (max-width: 1024px) 100vw, 1024px\" \/><figcaption class=\"wp-element-caption\">Foto: Bastian Ehl<\/figcaption><\/figure>\n\n\n\n<h2 class=\"wp-block-heading\">Ab jetzt f\u00fcr den Durchgang im Wintersemester 2026\/27 anmelden!<\/h2>\n\n\n\n<p>Die Hochschule Magdeburg-Stendal bietet ihren <strong>studentischen Tutor:innen<\/strong> immer im Wintersemester ein Qualifizierungsprogramm an. Auf dieser Seite finden Sie alle Informationen zum Programm und die Anmeldem\u00f6glichkeit f\u00fcr den n\u00e4chsten Durchgang. Bei Fragen melden Sie sich gern!<\/p>\n\n\n\n<p>Wenn Sie im Sommersemester ein Tutorium durchf\u00fchren, schreiben Sie sich in den <strong>Moodlekurs mit Infos f\u00fcr Tutor:innen<\/strong> ein (auf &#8222;Infomationen &#8230;&#8220; klicken, dort dann ganz unten &#8222;Das ganze Programm ist Ihnen zu viel?&#8220;).<\/p>\n\n\n\n<div class=\"wp-block-buttons is-layout-flex wp-block-buttons-is-layout-flex\">\n<div class=\"wp-block-button is-style-fill\"><a class=\"wp-block-button__link has-contrast-color has-text-color has-link-color wp-element-button\" href=\"https:\/\/event.esalsa.de\/h2-qualifizierung-fuer-tutorinnen\/event\/h2-qualifizierungsprogramm-fuer-tutorinnen\/\">Informationen zum Qualifizierungsprogramm<\/a><\/div>\n\n\n\n<div class=\"wp-block-button\"><a class=\"wp-block-button__link has-contrast-color has-text-color has-link-color wp-element-button\" href=\"https:\/\/event.esalsa.de\/h2-qualifizierung-fuer-tutorinnen\/konto\/\">Direkt zur Anmeldung<\/a><\/div>\n\n\n\n<div class=\"wp-block-button\"><a class=\"wp-block-button__link has-contrast-color has-text-color has-link-color wp-element-button\" href=\"https:\/\/event.esalsa.de\/h2-qualifizierung-fuer-tutorinnen\/rednerinnen\/\">Kontakt an der h2<\/a><\/div>\n<\/div>\n\n\n\n<p><\/p>\n","protected":false},"excerpt":{"rendered":"<p>Ab jetzt f\u00fcr den Durchgang im Wintersemester 2026\/27 anmelden! Die Hochschule Magdeburg-Stendal bietet ihren studentischen Tutor:innen immer im Wintersemester ein Qualifizierungsprogramm an. Auf dieser Seite finden Sie alle Informationen zum Programm und die Anmeldem\u00f6glichkeit f\u00fcr den n\u00e4chsten Durchgang. Bei Fragen melden Sie sich gern! Wenn Sie im Sommersemester ein Tutorium durchf\u00fchren, schreiben Sie sich in [&hellip;]<\/p>\n","protected":false},"author":5,"featured_media":0,"parent":0,"menu_order":0,"comment_status":"closed","ping_status":"closed","template":"","meta":{"_acf_changed":false,"footnotes":""},"class_list":["post-35","page","type-page","status-publish","hentry"],"acf":[],"_links":{"self":[{"href":"https:\/\/event.esalsa.de\/h2-qualifizierung-fuer-tutorinnen\/wp-json\/wp\/v2\/pages\/35","targetHints":{"allow":["GET"]}}],"collection":[{"href":"https:\/\/event.esalsa.de\/h2-qualifizierung-fuer-tutorinnen\/wp-json\/wp\/v2\/pages"}],"about":[{"href":"https:\/\/event.esalsa.de\/h2-qualifizierung-fuer-tutorinnen\/wp-json\/wp\/v2\/types\/page"}],"author":[{"embeddable":true,"href":"https:\/\/event.esalsa.de\/h2-qualifizierung-fuer-tutorinnen\/wp-json\/wp\/v2\/users\/5"}],"replies":[{"embeddable":true,"href":"https:\/\/event.esalsa.de\/h2-qualifizierung-fuer-tutorinnen\/wp-json\/wp\/v2\/comments?post=35"}],"version-history":[{"count":48,"href":"https:\/\/event.esalsa.de\/h2-qualifizierung-fuer-tutorinnen\/wp-json\/wp\/v2\/pages\/35\/revisions"}],"predecessor-version":[{"id":294,"href":"https:\/\/event.esalsa.de\/h2-qualifizierung-fuer-tutorinnen\/wp-json\/wp\/v2\/pages\/35\/revisions\/294"}],"wp:attachment":[{"href":"https:\/\/event.esalsa.de\/h2-qualifizierung-fuer-tutorinnen\/wp-json\/wp\/v2\/media?parent=35"}],"curies":[{"name":"wp","href":"https:\/\/api.w.org\/{rel}","templated":true}]}}