{"id":27,"date":"2024-02-20T10:08:06","date_gmt":"2024-02-20T09:08:06","guid":{"rendered":"https:\/\/event.esalsa.de\/empirischesforschen\/?page_id=27"},"modified":"2026-02-13T11:01:42","modified_gmt":"2026-02-13T10:01:42","slug":"programm","status":"publish","type":"page","link":"https:\/\/event.esalsa.de\/empirischesforschen\/programm\/","title":{"rendered":"Programm"},"content":{"rendered":"<div class='ce-timetable container'>\n<article class=\"llzlobby-event row\" itemscope itemtype=\"https:\/\/schema.org\/Event\"  data-start=\"2026-05-08T10:15:00+02:00\" data-end=\"2026-05-08T11:00:00+02:00\" data-name=\"Check-in\" data-eventgroup=\"13\" data-url= \"https:\/\/event.esalsa.de\/empirischesforschen\/event\/begruessung-und-einstieg\/\">\n    <div class=\"llzlobby-event-wrapper__title\">\n         <h3 class=\"llzlobby-event__title\" itemprop=\"name\">\n            <a itemprop=\"url\" href=\"https:\/\/event.esalsa.de\/empirischesforschen\/event\/begruessung-und-einstieg\/\" target=\"_self\">Check-in<\/a>\n         <\/h3>\n    <\/div>\n    <div class=\"llzlobby-event-wrapper__datetime\">\n      <div class=\"llzlobby-event-wrapper__datetime__content\">\n        <svg xmlns=\"http:\/\/www.w3.org\/2000\/svg\" width=\"24\" height=\"24\" viewBox=\"0 0 24 24\">\n            <path d=\"M20 20h-4v-4h4v4zm-6-10h-4v4h4v-4zm6 0h-4v4h4v-4zm-12 6h-4v4h4v-4zm6 0h-4v4h4v-4zm-6-6h-4v4h4v-4zm16-8v22h-24v-22h3v1c0 1.103.897 2 2 2s2-.897 2-2v-1h10v1c0 1.103.897 2 2 2s2-.897 2-2v-1h3zm-2 6h-20v14h20v-14zm-2-7c0-.552-.447-1-1-1s-1 .448-1 1v2c0 .552.447 1 1 1s1-.448 1-1v-2zm-14 2c0 .552-.447 1-1 1s-1-.448-1-1v-2c0-.552.447-1 1-1s1 .448 1 1v2z\" \/>\n        <\/svg>\n      \n<div class=\"llzlobby-event__timespan\" >\n    <span itemprop=\"startDate\" content=\"2026-05-08T10:15:00+02:00\" class=\"llzlobby-event__startdate\">\n        <span class='llzlobby-event__date'><span class='llzlobby-event__date__day'> 8<\/span><span class='llzlobby-event__date__month'> Mai<\/span><span class='llzlobby-event__date__year'> 2026<\/span><\/span><span class='llzlobby-event__time'><span class='llzlobby-event__time__hour'> 10<\/span><span class='llzlobby-event__time__timesep'>:<\/span><span class='llzlobby-event__time__minute'>15<\/span><\/span>    <\/span>\n            <span> &#8211; <\/span>\n        <span itemprop=\"endDate\" content=\"2026-05-08T11:00:00+02:00\" class=\"llzlobby-event__enddate \">\n            <span class='llzlobby-event__time'><span class='llzlobby-event__time__hour'> 11<\/span><span class='llzlobby-event__time__timesep'>:<\/span><span class='llzlobby-event__time__minute'>00<\/span><\/span>        <\/span>\n    <\/div>\n\n      <\/div>\n\n    <\/div>\n\n         <div class=\"llzlobby-event-wrapper__speaker\">\n      <ul class=\"llzlobby-event__speakerlist\">\n      <li class=\"llzlobby-event__speaker\"><a href=\"https:\/\/event.esalsa.de\/empirischesforschen\/speaker\/christoph-stamann\/\"><svg width=\"24\" height=\"24\" xmlns=\"http:\/\/www.w3.org\/2000\/svg\" fill-rule=\"evenodd\" clip-rule=\"evenodd\"><path d=\"M12 0c-5.083 0-8.465 4.949-3.733 13.678 1.596 2.945-1.725 3.641-5.09 4.418-3.073.709-3.187 2.235-3.177 4.904l.004 1h23.99l.004-.969c.012-2.688-.093-4.223-3.177-4.935-3.438-.794-6.639-1.49-5.09-4.418 4.719-8.912 1.251-13.678-3.731-13.678m0 1c1.89 0 3.39.764 4.225 2.15 1.354 2.251.866 5.824-1.377 10.06-.577 1.092-.673 2.078-.283 2.932.937 2.049 4.758 2.632 6.032 2.928 2.303.534 2.412 1.313 2.401 3.93h-21.998c-.01-2.615.09-3.396 2.401-3.93 1.157-.266 5.138-.919 6.049-2.94.387-.858.284-1.843-.304-2.929-2.231-4.115-2.744-7.764-1.405-10.012.84-1.412 2.353-2.189 4.259-2.189\"\/><\/svg><span>Christoph Stamann<\/span><\/a><\/li><li class=\"llzlobby-event__speaker\"><a href=\"https:\/\/event.esalsa.de\/empirischesforschen\/speaker\/dominik-diedrich\/\"><svg width=\"24\" height=\"24\" xmlns=\"http:\/\/www.w3.org\/2000\/svg\" fill-rule=\"evenodd\" clip-rule=\"evenodd\"><path d=\"M12 0c-5.083 0-8.465 4.949-3.733 13.678 1.596 2.945-1.725 3.641-5.09 4.418-3.073.709-3.187 2.235-3.177 4.904l.004 1h23.99l.004-.969c.012-2.688-.093-4.223-3.177-4.935-3.438-.794-6.639-1.49-5.09-4.418 4.719-8.912 1.251-13.678-3.731-13.678m0 1c1.89 0 3.39.764 4.225 2.15 1.354 2.251.866 5.824-1.377 10.06-.577 1.092-.673 2.078-.283 2.932.937 2.049 4.758 2.632 6.032 2.928 2.303.534 2.412 1.313 2.401 3.93h-21.998c-.01-2.615.09-3.396 2.401-3.93 1.157-.266 5.138-.919 6.049-2.94.387-.858.284-1.843-.304-2.929-2.231-4.115-2.744-7.764-1.405-10.012.84-1.412 2.353-2.189 4.259-2.189\"\/><\/svg><span>Dominik Diedrich<\/span><\/a><\/li><li class=\"llzlobby-event__speaker\"><a href=\"https:\/\/event.esalsa.de\/empirischesforschen\/speaker\/lena-michelle-mueller\/\"><svg width=\"24\" height=\"24\" xmlns=\"http:\/\/www.w3.org\/2000\/svg\" fill-rule=\"evenodd\" clip-rule=\"evenodd\"><path d=\"M12 0c-5.083 0-8.465 4.949-3.733 13.678 1.596 2.945-1.725 3.641-5.09 4.418-3.073.709-3.187 2.235-3.177 4.904l.004 1h23.99l.004-.969c.012-2.688-.093-4.223-3.177-4.935-3.438-.794-6.639-1.49-5.09-4.418 4.719-8.912 1.251-13.678-3.731-13.678m0 1c1.89 0 3.39.764 4.225 2.15 1.354 2.251.866 5.824-1.377 10.06-.577 1.092-.673 2.078-.283 2.932.937 2.049 4.758 2.632 6.032 2.928 2.303.534 2.412 1.313 2.401 3.93h-21.998c-.01-2.615.09-3.396 2.401-3.93 1.157-.266 5.138-.919 6.049-2.94.387-.858.284-1.843-.304-2.929-2.231-4.115-2.744-7.764-1.405-10.012.84-1.412 2.353-2.189 4.259-2.189\"\/><\/svg><span>Lena Michelle M\u00fcller<\/span><\/a><\/li>      <\/ul>\n     <\/div>\n    \n    <div class=\"llzlobby-event-wrapper__description\">\n      <p itemprop=\"description\">Begr\u00fc\u00dfung und Einstieg<\/p>\n    <\/div>\n\n    <div class=\"llzlobby-event-wrapper__more\">\n      <a  itemprop=\"url\" href=\"https:\/\/event.esalsa.de\/empirischesforschen\/event\/begruessung-und-einstieg\/\" target=\"_self\" class=\"button--more \">\n      <span>Mehr erfahren >><\/span>\n\n    <\/a>                                            \n    <\/div>\n<\/article>\n<article class=\"llzlobby-event row\" itemscope itemtype=\"https:\/\/schema.org\/Event\"  data-start=\"2026-05-08T11:00:00+02:00\" data-end=\"2026-05-08T16:00:00+02:00\" data-name=\"Quantitative Datenanalyse: Hypothesen auf dem Pr\u00fcfstand\" data-eventgroup=\"\" data-url= \"https:\/\/event.esalsa.de\/empirischesforschen\/event\/quanti\/\">\n    <div class=\"llzlobby-event-wrapper__title\">\n         <h3 class=\"llzlobby-event__title\" itemprop=\"name\">\n            <a itemprop=\"url\" href=\"https:\/\/event.esalsa.de\/empirischesforschen\/event\/quanti\/\" target=\"_self\">Quantitative Datenanalyse: Hypothesen auf dem Pr\u00fcfstand<\/a>\n         <\/h3>\n    <\/div>\n    <div class=\"llzlobby-event-wrapper__datetime\">\n      <div class=\"llzlobby-event-wrapper__datetime__content\">\n        <svg xmlns=\"http:\/\/www.w3.org\/2000\/svg\" width=\"24\" height=\"24\" viewBox=\"0 0 24 24\">\n            <path d=\"M20 20h-4v-4h4v4zm-6-10h-4v4h4v-4zm6 0h-4v4h4v-4zm-12 6h-4v4h4v-4zm6 0h-4v4h4v-4zm-6-6h-4v4h4v-4zm16-8v22h-24v-22h3v1c0 1.103.897 2 2 2s2-.897 2-2v-1h10v1c0 1.103.897 2 2 2s2-.897 2-2v-1h3zm-2 6h-20v14h20v-14zm-2-7c0-.552-.447-1-1-1s-1 .448-1 1v2c0 .552.447 1 1 1s1-.448 1-1v-2zm-14 2c0 .552-.447 1-1 1s-1-.448-1-1v-2c0-.552.447-1 1-1s1 .448 1 1v2z\" \/>\n        <\/svg>\n      \n<div class=\"llzlobby-event__timespan\" >\n    <span itemprop=\"startDate\" content=\"2026-05-08T11:00:00+02:00\" class=\"llzlobby-event__startdate\">\n        <span class='llzlobby-event__date'><span class='llzlobby-event__date__day'> 8<\/span><span class='llzlobby-event__date__month'> Mai<\/span><span class='llzlobby-event__date__year'> 2026<\/span><\/span><span class='llzlobby-event__time'><span class='llzlobby-event__time__hour'> 11<\/span><span class='llzlobby-event__time__timesep'>:<\/span><span class='llzlobby-event__time__minute'>00<\/span><\/span>    <\/span>\n            <span> &#8211; <\/span>\n        <span itemprop=\"endDate\" content=\"2026-05-08T16:00:00+02:00\" class=\"llzlobby-event__enddate \">\n            <span class='llzlobby-event__time'><span class='llzlobby-event__time__hour'> 16<\/span><span class='llzlobby-event__time__timesep'>:<\/span><span class='llzlobby-event__time__minute'>00<\/span><\/span>        <\/span>\n    <\/div>\n\n      <\/div>\n\n    <\/div>\n\n         <div class=\"llzlobby-event-wrapper__speaker\">\n      <ul class=\"llzlobby-event__speakerlist\">\n      <li class=\"llzlobby-event__speaker\"><a href=\"https:\/\/event.esalsa.de\/empirischesforschen\/speaker\/dominik-diedrich\/\"><svg width=\"24\" height=\"24\" xmlns=\"http:\/\/www.w3.org\/2000\/svg\" fill-rule=\"evenodd\" clip-rule=\"evenodd\"><path d=\"M12 0c-5.083 0-8.465 4.949-3.733 13.678 1.596 2.945-1.725 3.641-5.09 4.418-3.073.709-3.187 2.235-3.177 4.904l.004 1h23.99l.004-.969c.012-2.688-.093-4.223-3.177-4.935-3.438-.794-6.639-1.49-5.09-4.418 4.719-8.912 1.251-13.678-3.731-13.678m0 1c1.89 0 3.39.764 4.225 2.15 1.354 2.251.866 5.824-1.377 10.06-.577 1.092-.673 2.078-.283 2.932.937 2.049 4.758 2.632 6.032 2.928 2.303.534 2.412 1.313 2.401 3.93h-21.998c-.01-2.615.09-3.396 2.401-3.93 1.157-.266 5.138-.919 6.049-2.94.387-.858.284-1.843-.304-2.929-2.231-4.115-2.744-7.764-1.405-10.012.84-1.412 2.353-2.189 4.259-2.189\"\/><\/svg><span>Dominik Diedrich<\/span><\/a><\/li>      <\/ul>\n     <\/div>\n    \n    <div class=\"llzlobby-event-wrapper__description\">\n      <p itemprop=\"description\">&#8222;Pr\u00fcfen Sie die Hypothese auf Basis dieses Datensatzes!&#8220; Sp\u00e4testens wenn dieser Satz f\u00e4llt, beginnt oft die Unsicherheit. Wo fange ich an? Welche Methode ist die richtige? Und wie bekomme ich die Daten \u00fcberhaupt in die Form, die ich brauche? Dieser Workshop liefert einen &#8222;roten Faden&#8220; f\u00fcr die quantitative Datenanalyse. Wir&#8230;<\/p>\n    <\/div>\n\n    <div class=\"llzlobby-event-wrapper__more\">\n      <a  itemprop=\"url\" href=\"https:\/\/event.esalsa.de\/empirischesforschen\/event\/quanti\/\" target=\"_self\" class=\"button--more \">\n      <span>Mehr erfahren >><\/span>\n\n    <\/a>                                            \n    <\/div>\n<\/article>\n<article class=\"llzlobby-event row\" itemscope itemtype=\"https:\/\/schema.org\/Event\"  data-start=\"2026-05-08T11:00:00+02:00\" data-end=\"2026-05-08T16:00:00+02:00\" data-name=\"Alles Interview &#8211; oder nicht? Vom Erkenntnisinteresse zur Datenerhebung\" data-eventgroup=\"\" data-url= \"https:\/\/event.esalsa.de\/empirischesforschen\/event\/qualitativ-empirisch-forschen\/\">\n    <div class=\"llzlobby-event-wrapper__title\">\n         <h3 class=\"llzlobby-event__title\" itemprop=\"name\">\n            <a itemprop=\"url\" href=\"https:\/\/event.esalsa.de\/empirischesforschen\/event\/qualitativ-empirisch-forschen\/\" target=\"_self\">Alles Interview &#8211; oder nicht? Vom Erkenntnisinteresse zur Datenerhebung<\/a>\n         <\/h3>\n    <\/div>\n    <div class=\"llzlobby-event-wrapper__datetime\">\n      <div class=\"llzlobby-event-wrapper__datetime__content\">\n        <svg xmlns=\"http:\/\/www.w3.org\/2000\/svg\" width=\"24\" height=\"24\" viewBox=\"0 0 24 24\">\n            <path d=\"M20 20h-4v-4h4v4zm-6-10h-4v4h4v-4zm6 0h-4v4h4v-4zm-12 6h-4v4h4v-4zm6 0h-4v4h4v-4zm-6-6h-4v4h4v-4zm16-8v22h-24v-22h3v1c0 1.103.897 2 2 2s2-.897 2-2v-1h10v1c0 1.103.897 2 2 2s2-.897 2-2v-1h3zm-2 6h-20v14h20v-14zm-2-7c0-.552-.447-1-1-1s-1 .448-1 1v2c0 .552.447 1 1 1s1-.448 1-1v-2zm-14 2c0 .552-.447 1-1 1s-1-.448-1-1v-2c0-.552.447-1 1-1s1 .448 1 1v2z\" \/>\n        <\/svg>\n      \n<div class=\"llzlobby-event__timespan\" >\n    <span itemprop=\"startDate\" content=\"2026-05-08T11:00:00+02:00\" class=\"llzlobby-event__startdate\">\n        <span class='llzlobby-event__date'><span class='llzlobby-event__date__day'> 8<\/span><span class='llzlobby-event__date__month'> Mai<\/span><span class='llzlobby-event__date__year'> 2026<\/span><\/span><span class='llzlobby-event__time'><span class='llzlobby-event__time__hour'> 11<\/span><span class='llzlobby-event__time__timesep'>:<\/span><span class='llzlobby-event__time__minute'>00<\/span><\/span>    <\/span>\n            <span> &#8211; <\/span>\n        <span itemprop=\"endDate\" content=\"2026-05-08T16:00:00+02:00\" class=\"llzlobby-event__enddate \">\n            <span class='llzlobby-event__time'><span class='llzlobby-event__time__hour'> 16<\/span><span class='llzlobby-event__time__timesep'>:<\/span><span class='llzlobby-event__time__minute'>00<\/span><\/span>        <\/span>\n    <\/div>\n\n      <\/div>\n\n    <\/div>\n\n         <div class=\"llzlobby-event-wrapper__speaker\">\n      <ul class=\"llzlobby-event__speakerlist\">\n      <li class=\"llzlobby-event__speaker\"><a href=\"https:\/\/event.esalsa.de\/empirischesforschen\/speaker\/christoph-stamann\/\"><svg width=\"24\" height=\"24\" xmlns=\"http:\/\/www.w3.org\/2000\/svg\" fill-rule=\"evenodd\" clip-rule=\"evenodd\"><path d=\"M12 0c-5.083 0-8.465 4.949-3.733 13.678 1.596 2.945-1.725 3.641-5.09 4.418-3.073.709-3.187 2.235-3.177 4.904l.004 1h23.99l.004-.969c.012-2.688-.093-4.223-3.177-4.935-3.438-.794-6.639-1.49-5.09-4.418 4.719-8.912 1.251-13.678-3.731-13.678m0 1c1.89 0 3.39.764 4.225 2.15 1.354 2.251.866 5.824-1.377 10.06-.577 1.092-.673 2.078-.283 2.932.937 2.049 4.758 2.632 6.032 2.928 2.303.534 2.412 1.313 2.401 3.93h-21.998c-.01-2.615.09-3.396 2.401-3.93 1.157-.266 5.138-.919 6.049-2.94.387-.858.284-1.843-.304-2.929-2.231-4.115-2.744-7.764-1.405-10.012.84-1.412 2.353-2.189 4.259-2.189\"\/><\/svg><span>Christoph Stamann<\/span><\/a><\/li>      <\/ul>\n     <\/div>\n    \n    <div class=\"llzlobby-event-wrapper__description\">\n      <p itemprop=\"description\">Interviews sind eine popul\u00e4re Form der Datenerhebung in qualitativen Studien und Abschlussarbeiten. Ob sie aber auch die richtige Wahl sind, h\u00e4ngt vom konkreten Erkenntnisinteresse ab. Im Workshop befassen wir uns daher zun\u00e4chst mit dem Verh\u00e4ltnis von Erkenntnisinteresse, Datensorte und Auswertung. Dabei vergleichen wir u.a. Potenziale und Grenzen von Interviews und&#8230;<\/p>\n    <\/div>\n\n    <div class=\"llzlobby-event-wrapper__more\">\n      <a  itemprop=\"url\" href=\"https:\/\/event.esalsa.de\/empirischesforschen\/event\/qualitativ-empirisch-forschen\/\" target=\"_self\" class=\"button--more \">\n      <span>Mehr erfahren >><\/span>\n\n    <\/a>                                            \n    <\/div>\n<\/article>\n<article class=\"llzlobby-event row\" itemscope itemtype=\"https:\/\/schema.org\/Event\"  data-start=\"2026-05-08T11:00:00+02:00\" data-end=\"2026-05-08T16:00:00+02:00\" data-name=\"KI in Abschlussarbeiten kompetent nutzen\" data-eventgroup=\"\" data-url= \"https:\/\/event.esalsa.de\/empirischesforschen\/event\/ki-und-forschen\/\">\n    <div class=\"llzlobby-event-wrapper__title\">\n         <h3 class=\"llzlobby-event__title\" itemprop=\"name\">\n            <a itemprop=\"url\" href=\"https:\/\/event.esalsa.de\/empirischesforschen\/event\/ki-und-forschen\/\" target=\"_self\">KI in Abschlussarbeiten kompetent nutzen<\/a>\n         <\/h3>\n    <\/div>\n    <div class=\"llzlobby-event-wrapper__datetime\">\n      <div class=\"llzlobby-event-wrapper__datetime__content\">\n        <svg xmlns=\"http:\/\/www.w3.org\/2000\/svg\" width=\"24\" height=\"24\" viewBox=\"0 0 24 24\">\n            <path d=\"M20 20h-4v-4h4v4zm-6-10h-4v4h4v-4zm6 0h-4v4h4v-4zm-12 6h-4v4h4v-4zm6 0h-4v4h4v-4zm-6-6h-4v4h4v-4zm16-8v22h-24v-22h3v1c0 1.103.897 2 2 2s2-.897 2-2v-1h10v1c0 1.103.897 2 2 2s2-.897 2-2v-1h3zm-2 6h-20v14h20v-14zm-2-7c0-.552-.447-1-1-1s-1 .448-1 1v2c0 .552.447 1 1 1s1-.448 1-1v-2zm-14 2c0 .552-.447 1-1 1s-1-.448-1-1v-2c0-.552.447-1 1-1s1 .448 1 1v2z\" \/>\n        <\/svg>\n      \n<div class=\"llzlobby-event__timespan\" >\n    <span itemprop=\"startDate\" content=\"2026-05-08T11:00:00+02:00\" class=\"llzlobby-event__startdate\">\n        <span class='llzlobby-event__date'><span class='llzlobby-event__date__day'> 8<\/span><span class='llzlobby-event__date__month'> Mai<\/span><span class='llzlobby-event__date__year'> 2026<\/span><\/span><span class='llzlobby-event__time'><span class='llzlobby-event__time__hour'> 11<\/span><span class='llzlobby-event__time__timesep'>:<\/span><span class='llzlobby-event__time__minute'>00<\/span><\/span>    <\/span>\n            <span> &#8211; <\/span>\n        <span itemprop=\"endDate\" content=\"2026-05-08T16:00:00+02:00\" class=\"llzlobby-event__enddate \">\n            <span class='llzlobby-event__time'><span class='llzlobby-event__time__hour'> 16<\/span><span class='llzlobby-event__time__timesep'>:<\/span><span class='llzlobby-event__time__minute'>00<\/span><\/span>        <\/span>\n    <\/div>\n\n      <\/div>\n\n    <\/div>\n\n         <div class=\"llzlobby-event-wrapper__speaker\">\n      <ul class=\"llzlobby-event__speakerlist\">\n      <li class=\"llzlobby-event__speaker\"><a href=\"https:\/\/event.esalsa.de\/empirischesforschen\/speaker\/lena-michelle-mueller\/\"><svg width=\"24\" height=\"24\" xmlns=\"http:\/\/www.w3.org\/2000\/svg\" fill-rule=\"evenodd\" clip-rule=\"evenodd\"><path d=\"M12 0c-5.083 0-8.465 4.949-3.733 13.678 1.596 2.945-1.725 3.641-5.09 4.418-3.073.709-3.187 2.235-3.177 4.904l.004 1h23.99l.004-.969c.012-2.688-.093-4.223-3.177-4.935-3.438-.794-6.639-1.49-5.09-4.418 4.719-8.912 1.251-13.678-3.731-13.678m0 1c1.89 0 3.39.764 4.225 2.15 1.354 2.251.866 5.824-1.377 10.06-.577 1.092-.673 2.078-.283 2.932.937 2.049 4.758 2.632 6.032 2.928 2.303.534 2.412 1.313 2.401 3.93h-21.998c-.01-2.615.09-3.396 2.401-3.93 1.157-.266 5.138-.919 6.049-2.94.387-.858.284-1.843-.304-2.929-2.231-4.115-2.744-7.764-1.405-10.012.84-1.412 2.353-2.189 4.259-2.189\"\/><\/svg><span>Lena Michelle M\u00fcller<\/span><\/a><\/li>      <\/ul>\n     <\/div>\n    \n    <div class=\"llzlobby-event-wrapper__description\">\n      <p itemprop=\"description\">KI-Tools sind aus dem Hochschulalltag kaum noch wegzudenken. Zugleich ist das Feld dynamisch und oft un\u00fcbersichtlich. Der Workshop bietet Orientierung und unterst\u00fctzt Studierende dabei, KI reflektiert und verantwortungsvoll in ihren Abschlussarbeiten zu nutzen. Im ersten Teil kl\u00e4ren wir, was gute KI-gest\u00fctzte wissenschaftliche Praxis ausmacht. Ausgangspunkt ist der rechtliche Rahmen der&#8230;<\/p>\n    <\/div>\n\n    <div class=\"llzlobby-event-wrapper__more\">\n      <a  itemprop=\"url\" href=\"https:\/\/event.esalsa.de\/empirischesforschen\/event\/ki-und-forschen\/\" target=\"_self\" class=\"button--more \">\n      <span>Mehr erfahren >><\/span>\n\n    <\/a>                                            \n    <\/div>\n<\/article>\n<article class=\"llzlobby-event row\" itemscope itemtype=\"https:\/\/schema.org\/Event\"  data-start=\"2026-05-08T16:00:00+02:00\" data-end=\"2026-05-08T16:30:00+02:00\" data-name=\"Check-out\" data-eventgroup=\"13\" data-url= \"https:\/\/event.esalsa.de\/empirischesforschen\/event\/check-out\/\">\n    <div class=\"llzlobby-event-wrapper__title\">\n         <h3 class=\"llzlobby-event__title\" itemprop=\"name\">\n            <a itemprop=\"url\" href=\"https:\/\/event.esalsa.de\/empirischesforschen\/event\/check-out\/\" target=\"_self\">Check-out<\/a>\n         <\/h3>\n    <\/div>\n    <div class=\"llzlobby-event-wrapper__datetime\">\n      <div class=\"llzlobby-event-wrapper__datetime__content\">\n        <svg xmlns=\"http:\/\/www.w3.org\/2000\/svg\" width=\"24\" height=\"24\" viewBox=\"0 0 24 24\">\n            <path d=\"M20 20h-4v-4h4v4zm-6-10h-4v4h4v-4zm6 0h-4v4h4v-4zm-12 6h-4v4h4v-4zm6 0h-4v4h4v-4zm-6-6h-4v4h4v-4zm16-8v22h-24v-22h3v1c0 1.103.897 2 2 2s2-.897 2-2v-1h10v1c0 1.103.897 2 2 2s2-.897 2-2v-1h3zm-2 6h-20v14h20v-14zm-2-7c0-.552-.447-1-1-1s-1 .448-1 1v2c0 .552.447 1 1 1s1-.448 1-1v-2zm-14 2c0 .552-.447 1-1 1s-1-.448-1-1v-2c0-.552.447-1 1-1s1 .448 1 1v2z\" \/>\n        <\/svg>\n      \n<div class=\"llzlobby-event__timespan\" >\n    <span itemprop=\"startDate\" content=\"2026-05-08T16:00:00+02:00\" class=\"llzlobby-event__startdate\">\n        <span class='llzlobby-event__date'><span class='llzlobby-event__date__day'> 8<\/span><span class='llzlobby-event__date__month'> Mai<\/span><span class='llzlobby-event__date__year'> 2026<\/span><\/span><span class='llzlobby-event__time'><span class='llzlobby-event__time__hour'> 16<\/span><span class='llzlobby-event__time__timesep'>:<\/span><span class='llzlobby-event__time__minute'>00<\/span><\/span>    <\/span>\n            <span> &#8211; <\/span>\n        <span itemprop=\"endDate\" content=\"2026-05-08T16:30:00+02:00\" class=\"llzlobby-event__enddate \">\n            <span class='llzlobby-event__time'><span class='llzlobby-event__time__hour'> 16<\/span><span class='llzlobby-event__time__timesep'>:<\/span><span class='llzlobby-event__time__minute'>30<\/span><\/span>        <\/span>\n    <\/div>\n\n      <\/div>\n\n    <\/div>\n\n         <div class=\"llzlobby-event-wrapper__speaker\">\n      <ul class=\"llzlobby-event__speakerlist\">\n      <li class=\"llzlobby-event__speaker\"><a href=\"https:\/\/event.esalsa.de\/empirischesforschen\/speaker\/christoph-stamann\/\"><svg width=\"24\" height=\"24\" xmlns=\"http:\/\/www.w3.org\/2000\/svg\" fill-rule=\"evenodd\" clip-rule=\"evenodd\"><path d=\"M12 0c-5.083 0-8.465 4.949-3.733 13.678 1.596 2.945-1.725 3.641-5.09 4.418-3.073.709-3.187 2.235-3.177 4.904l.004 1h23.99l.004-.969c.012-2.688-.093-4.223-3.177-4.935-3.438-.794-6.639-1.49-5.09-4.418 4.719-8.912 1.251-13.678-3.731-13.678m0 1c1.89 0 3.39.764 4.225 2.15 1.354 2.251.866 5.824-1.377 10.06-.577 1.092-.673 2.078-.283 2.932.937 2.049 4.758 2.632 6.032 2.928 2.303.534 2.412 1.313 2.401 3.93h-21.998c-.01-2.615.09-3.396 2.401-3.93 1.157-.266 5.138-.919 6.049-2.94.387-.858.284-1.843-.304-2.929-2.231-4.115-2.744-7.764-1.405-10.012.84-1.412 2.353-2.189 4.259-2.189\"\/><\/svg><span>Christoph Stamann<\/span><\/a><\/li><li class=\"llzlobby-event__speaker\"><a href=\"https:\/\/event.esalsa.de\/empirischesforschen\/speaker\/dominik-diedrich\/\"><svg width=\"24\" height=\"24\" xmlns=\"http:\/\/www.w3.org\/2000\/svg\" fill-rule=\"evenodd\" clip-rule=\"evenodd\"><path d=\"M12 0c-5.083 0-8.465 4.949-3.733 13.678 1.596 2.945-1.725 3.641-5.09 4.418-3.073.709-3.187 2.235-3.177 4.904l.004 1h23.99l.004-.969c.012-2.688-.093-4.223-3.177-4.935-3.438-.794-6.639-1.49-5.09-4.418 4.719-8.912 1.251-13.678-3.731-13.678m0 1c1.89 0 3.39.764 4.225 2.15 1.354 2.251.866 5.824-1.377 10.06-.577 1.092-.673 2.078-.283 2.932.937 2.049 4.758 2.632 6.032 2.928 2.303.534 2.412 1.313 2.401 3.93h-21.998c-.01-2.615.09-3.396 2.401-3.93 1.157-.266 5.138-.919 6.049-2.94.387-.858.284-1.843-.304-2.929-2.231-4.115-2.744-7.764-1.405-10.012.84-1.412 2.353-2.189 4.259-2.189\"\/><\/svg><span>Dominik Diedrich<\/span><\/a><\/li><li class=\"llzlobby-event__speaker\"><a href=\"https:\/\/event.esalsa.de\/empirischesforschen\/speaker\/lena-michelle-mueller\/\"><svg width=\"24\" height=\"24\" xmlns=\"http:\/\/www.w3.org\/2000\/svg\" fill-rule=\"evenodd\" clip-rule=\"evenodd\"><path d=\"M12 0c-5.083 0-8.465 4.949-3.733 13.678 1.596 2.945-1.725 3.641-5.09 4.418-3.073.709-3.187 2.235-3.177 4.904l.004 1h23.99l.004-.969c.012-2.688-.093-4.223-3.177-4.935-3.438-.794-6.639-1.49-5.09-4.418 4.719-8.912 1.251-13.678-3.731-13.678m0 1c1.89 0 3.39.764 4.225 2.15 1.354 2.251.866 5.824-1.377 10.06-.577 1.092-.673 2.078-.283 2.932.937 2.049 4.758 2.632 6.032 2.928 2.303.534 2.412 1.313 2.401 3.93h-21.998c-.01-2.615.09-3.396 2.401-3.93 1.157-.266 5.138-.919 6.049-2.94.387-.858.284-1.843-.304-2.929-2.231-4.115-2.744-7.764-1.405-10.012.84-1.412 2.353-2.189 4.259-2.189\"\/><\/svg><span>Lena Michelle M\u00fcller<\/span><\/a><\/li>      <\/ul>\n     <\/div>\n    \n    <div class=\"llzlobby-event-wrapper__description\">\n      <p itemprop=\"description\"><\/p>\n    <\/div>\n\n    <div class=\"llzlobby-event-wrapper__more\">\n      <a  itemprop=\"url\" href=\"https:\/\/event.esalsa.de\/empirischesforschen\/event\/check-out\/\" target=\"_self\" class=\"button--more \">\n      <span>Mehr erfahren >><\/span>\n\n    <\/a>                                            \n    <\/div>\n<\/article><\/div>","protected":false},"excerpt":{"rendered":"","protected":false},"author":5,"featured_media":0,"parent":0,"menu_order":0,"comment_status":"closed","ping_status":"closed","template":"","meta":{"_acf_changed":false,"footnotes":""},"class_list":["post-27","page","type-page","status-publish","hentry"],"acf":[],"_links":{"self":[{"href":"https:\/\/event.esalsa.de\/empirischesforschen\/wp-json\/wp\/v2\/pages\/27","targetHints":{"allow":["GET"]}}],"collection":[{"href":"https:\/\/event.esalsa.de\/empirischesforschen\/wp-json\/wp\/v2\/pages"}],"about":[{"href":"https:\/\/event.esalsa.de\/empirischesforschen\/wp-json\/wp\/v2\/types\/page"}],"author":[{"embeddable":true,"href":"https:\/\/event.esalsa.de\/empirischesforschen\/wp-json\/wp\/v2\/users\/5"}],"replies":[{"embeddable":true,"href":"https:\/\/event.esalsa.de\/empirischesforschen\/wp-json\/wp\/v2\/comments?post=27"}],"version-history":[{"count":5,"href":"https:\/\/event.esalsa.de\/empirischesforschen\/wp-json\/wp\/v2\/pages\/27\/revisions"}],"predecessor-version":[{"id":281,"href":"https:\/\/event.esalsa.de\/empirischesforschen\/wp-json\/wp\/v2\/pages\/27\/revisions\/281"}],"wp:attachment":[{"href":"https:\/\/event.esalsa.de\/empirischesforschen\/wp-json\/wp\/v2\/media?parent=27"}],"curies":[{"name":"wp","href":"https:\/\/api.w.org\/{rel}","templated":true}]}}