{"id":35,"date":"2024-02-20T10:10:27","date_gmt":"2024-02-20T09:10:27","guid":{"rendered":"https:\/\/event.esalsa.de\/bne-studientag\/?page_id=35"},"modified":"2026-01-13T12:22:19","modified_gmt":"2026-01-13T11:22:19","slug":"titel-der-konferenz","status":"publish","type":"page","link":"https:\/\/event.esalsa.de\/bne-studientag\/","title":{"rendered":"Bildung f\u00fcr nachhaltige Entwicklung in der Lehrer*innenbildung"},"content":{"rendered":"\n<figure class=\"wp-block-image aligncenter size-full\"><img loading=\"lazy\" decoding=\"async\" width=\"420\" height=\"150\" src=\"https:\/\/event.esalsa.de\/bne-studientag\/wp-content\/uploads\/sites\/30\/2025\/03\/logo.jpg\" alt=\"\" class=\"wp-image-233\" srcset=\"https:\/\/event.esalsa.de\/bne-studientag\/wp-content\/uploads\/sites\/30\/2025\/03\/logo.jpg 420w, https:\/\/event.esalsa.de\/bne-studientag\/wp-content\/uploads\/sites\/30\/2025\/03\/logo-300x107.jpg 300w\" sizes=\"auto, (max-width: 420px) 100vw, 420px\" \/><\/figure>\n\n\n\n<div class=\"wp-block-cover alignfull is-light has-parallax\" style=\"min-height:506px;aspect-ratio:unset;\"><div class=\"wp-block-cover__image-background wp-image-218 has-parallax\" style=\"background-position:50% 50%;background-image:url(https:\/\/event.esalsa.de\/bne-studientag\/wp-content\/uploads\/sites\/30\/2025\/03\/uni.jpg)\"><\/div><span aria-hidden=\"true\" class=\"wp-block-cover__background has-cyan-bluish-gray-background-color has-background-dim\"><\/span><div class=\"wp-block-cover__inner-container has-global-padding is-layout-constrained wp-block-cover-is-layout-constrained\"><\/div><\/div>\n\n\n\n\n\n\n<div class=\"ce-congressstate\">\n\n<p><strong>Vielen Dank f\u00fcr Ihre Teilnahme an \u201eBildung f\u00fcr Nachhaltige Entwicklung in der Lehrer*innenbildung\u201c!<\/strong><\/p>\n\n\n\n<p>Die Veranstaltung ist nun abgeschlossen, und wir m\u00f6chten uns herzlich bei allen Teilnehmenden, Referierenden und Unterst\u00fctzer*innen bedanken. Gemeinsam haben wir wertvolle Impulse gesammelt, spannende Diskussionen gef\u00fchrt und neue Kontakte gekn\u00fcpft.<\/p>\n\n\n\n<p>Wir hoffen, dass die Veranstaltung f\u00fcr Sie ebenso inspirierend und bereichernd war wie f\u00fcr uns.<\/p>\n\n\n\n<p>F\u00fcr einen R\u00fcckblick und weiterf\u00fchrende Informationen besuchen Sie gerne unsere Veranstaltungsdokumentation: <\/p>\n\n\n\n<p>Bleiben Sie mit uns in Verbindung \u2013 wir freuen uns darauf, Sie auch bei zuk\u00fcnftigen Events begr\u00fc\u00dfen zu d\u00fcrfen!<\/p>\n\n\n\n<p>Herzlichen Dank und bis bald!<\/p>\n\n<\/div>","protected":false},"excerpt":{"rendered":"","protected":false},"author":5,"featured_media":233,"parent":0,"menu_order":0,"comment_status":"closed","ping_status":"closed","template":"","meta":{"_acf_changed":false,"footnotes":""},"class_list":["post-35","page","type-page","status-publish","has-post-thumbnail","hentry"],"acf":[],"_links":{"self":[{"href":"https:\/\/event.esalsa.de\/bne-studientag\/wp-json\/wp\/v2\/pages\/35","targetHints":{"allow":["GET"]}}],"collection":[{"href":"https:\/\/event.esalsa.de\/bne-studientag\/wp-json\/wp\/v2\/pages"}],"about":[{"href":"https:\/\/event.esalsa.de\/bne-studientag\/wp-json\/wp\/v2\/types\/page"}],"author":[{"embeddable":true,"href":"https:\/\/event.esalsa.de\/bne-studientag\/wp-json\/wp\/v2\/users\/5"}],"replies":[{"embeddable":true,"href":"https:\/\/event.esalsa.de\/bne-studientag\/wp-json\/wp\/v2\/comments?post=35"}],"version-history":[{"count":22,"href":"https:\/\/event.esalsa.de\/bne-studientag\/wp-json\/wp\/v2\/pages\/35\/revisions"}],"predecessor-version":[{"id":277,"href":"https:\/\/event.esalsa.de\/bne-studientag\/wp-json\/wp\/v2\/pages\/35\/revisions\/277"}],"wp:featuredmedia":[{"embeddable":true,"href":"https:\/\/event.esalsa.de\/bne-studientag\/wp-json\/wp\/v2\/media\/233"}],"wp:attachment":[{"href":"https:\/\/event.esalsa.de\/bne-studientag\/wp-json\/wp\/v2\/media?parent=35"}],"curies":[{"name":"wp","href":"https:\/\/api.w.org\/{rel}","templated":true}]}}