{"id":35,"date":"2024-02-20T10:10:27","date_gmt":"2024-02-20T09:10:27","guid":{"rendered":"https:\/\/event.esalsa.de\/altmaerkische-netzwerkkonferenz-25\/?page_id=35"},"modified":"2025-10-29T19:42:02","modified_gmt":"2025-10-29T18:42:02","slug":"titel-der-konferenz","status":"publish","type":"page","link":"https:\/\/event.esalsa.de\/altmaerkische-netzwerkkonferenz-25\/","title":{"rendered":"Altm\u00e4rkische Netzwerkkonferenz 2025"},"content":{"rendered":"\n<p class=\"has-text-align-center has-dm-sans-font-family has-large-font-size\"><strong>Globaler Protektionismus, lokale Resonanz \u2013 Was der Trump-Zeitgeist und die Weltpolitik f\u00fcr die Altmark bedeuten<\/strong><\/p>\n\n\n\n<p class=\"has-text-align-center has-dm-sans-font-family has-medium-font-size\">05.11.2025 \/\/ 13:30 &#8211; 18:30 Uhr<br>Campus Stendal, Hochschule Magdeburg-Stendal<\/p>\n\n\n\n\n\n\n\n\n<div class=\"ce-congressstate\">\n\n<p>Die Veranstaltung ist abgeschlossen. Vielen Dank an alle Teilnehmenden, Referierenden und Sponsor:Innen f\u00fcr ihre Beitr\u00e4ge und Unterst\u00fctzung. Gemeinsam haben wir wertvolle Einblicke gewonnen und Kontakte gekn\u00fcpft. Wir hoffen, die Veranstaltung war f\u00fcr Sie ebenso bereichernd wie f\u00fcr uns.&nbsp;<\/p>\n\n\n\n<p>F\u00fcr einen R\u00fcckblick und weitere Details besuchen Sie bitte unsere Veranstaltungsdokumentation <strong>[Link].<\/strong> Bleiben Sie f\u00fcr Informationen \u00fcber zuk\u00fcnftige Events mit uns in Verbindung. Herzlichen Dank f\u00fcr Ihre Teilnahme!<\/p>\n\n<\/div>","protected":false},"excerpt":{"rendered":"<p>Globaler Protektionismus, lokale Resonanz \u2013 Was der Trump-Zeitgeist und die Weltpolitik f\u00fcr die Altmark bedeuten 05.11.2025 \/\/ 13:30 &#8211; 18:30 UhrCampus Stendal, Hochschule Magdeburg-Stendal<\/p>\n","protected":false},"author":5,"featured_media":0,"parent":0,"menu_order":0,"comment_status":"closed","ping_status":"closed","template":"","meta":{"_acf_changed":false,"footnotes":""},"class_list":["post-35","page","type-page","status-publish","hentry"],"acf":[],"_links":{"self":[{"href":"https:\/\/event.esalsa.de\/altmaerkische-netzwerkkonferenz-25\/wp-json\/wp\/v2\/pages\/35","targetHints":{"allow":["GET"]}}],"collection":[{"href":"https:\/\/event.esalsa.de\/altmaerkische-netzwerkkonferenz-25\/wp-json\/wp\/v2\/pages"}],"about":[{"href":"https:\/\/event.esalsa.de\/altmaerkische-netzwerkkonferenz-25\/wp-json\/wp\/v2\/types\/page"}],"author":[{"embeddable":true,"href":"https:\/\/event.esalsa.de\/altmaerkische-netzwerkkonferenz-25\/wp-json\/wp\/v2\/users\/5"}],"replies":[{"embeddable":true,"href":"https:\/\/event.esalsa.de\/altmaerkische-netzwerkkonferenz-25\/wp-json\/wp\/v2\/comments?post=35"}],"version-history":[{"count":28,"href":"https:\/\/event.esalsa.de\/altmaerkische-netzwerkkonferenz-25\/wp-json\/wp\/v2\/pages\/35\/revisions"}],"predecessor-version":[{"id":236,"href":"https:\/\/event.esalsa.de\/altmaerkische-netzwerkkonferenz-25\/wp-json\/wp\/v2\/pages\/35\/revisions\/236"}],"wp:attachment":[{"href":"https:\/\/event.esalsa.de\/altmaerkische-netzwerkkonferenz-25\/wp-json\/wp\/v2\/media?parent=35"}],"curies":[{"name":"wp","href":"https:\/\/api.w.org\/{rel}","templated":true}]}}